{"id":5461,"date":"2025-01-21T11:26:04","date_gmt":"2025-01-21T16:26:04","guid":{"rendered":"https:\/\/cobra.naracreative.com\/contact\/"},"modified":"2025-12-04T16:04:56","modified_gmt":"2025-12-04T21:04:56","slug":"contact","status":"publish","type":"page","link":"https:\/\/cobraanchors.com\/fr\/contact\/","title":{"rendered":"Contact"},"content":{"rendered":"","protected":false},"excerpt":{"rendered":"","protected":false},"author":1,"featured_media":1222,"parent":0,"menu_order":0,"comment_status":"closed","ping_status":"closed","template":"templates\/template-contact.php","meta":{"_acf_changed":false,"footnotes":""},"class_list":["post-5461","page","type-page","status-publish","has-post-thumbnail","hentry","entry"],"acf":[],"yoast_head":"<!-- This site is optimized with the Yoast SEO plugin v26.5 - https:\/\/yoast.com\/wordpress\/plugins\/seo\/ -->\n<title>Cobra Anchors \u2013 Contactez\u2011nous d\u00e8s aujourd\u2019hui<\/title>\n<meta name=\"description\" content=\"Contactez Cobra Anchors \u2014 notre \u00e9quipe est pr\u00eate \u00e0 r\u00e9pondre \u00e0 vos questions ou demandes de support pour ancrages et fixations.\" \/>\n<meta name=\"robots\" content=\"index, follow, max-snippet:-1, max-image-preview:large, max-video-preview:-1\" \/>\n<link rel=\"canonical\" href=\"https:\/\/cobraanchors.com\/fr\/contact\/\" \/>\n<meta property=\"og:locale\" content=\"fr_FR\" \/>\n<meta property=\"og:type\" content=\"article\" \/>\n<meta property=\"og:title\" content=\"Cobra Anchors \u2013 Contactez\u2011nous d\u00e8s aujourd\u2019hui\" \/>\n<meta property=\"og:description\" content=\"Contactez Cobra Anchors \u2014 notre \u00e9quipe est pr\u00eate \u00e0 r\u00e9pondre \u00e0 vos questions ou demandes de support pour ancrages et fixations.\" \/>\n<meta property=\"og:url\" content=\"https:\/\/cobraanchors.com\/fr\/contact\/\" \/>\n<meta property=\"og:site_name\" content=\"Cobra Anchors\" \/>\n<meta property=\"article:modified_time\" content=\"2025-12-04T21:04:56+00:00\" \/>\n<meta property=\"og:image\" content=\"https:\/\/cobraanchors.com\/wp-content\/uploads\/2025\/09\/Contact_Us_Header.jpg\" \/>\n\t<meta property=\"og:image:width\" content=\"1372\" \/>\n\t<meta property=\"og:image:height\" content=\"680\" \/>\n\t<meta property=\"og:image:type\" content=\"image\/jpeg\" \/>\n<meta name=\"twitter:card\" content=\"summary_large_image\" \/>\n<meta name=\"twitter:label1\" content=\"Dur\u00e9e de lecture estim\u00e9e\" \/>\n\t<meta name=\"twitter:data1\" content=\"1 minute\" \/>\n<script type=\"application\/ld+json\" class=\"yoast-schema-graph\">{\"@context\":\"https:\/\/schema.org\",\"@graph\":[{\"@type\":\"WebPage\",\"@id\":\"https:\/\/cobraanchors.com\/fr\/contact\/\",\"url\":\"https:\/\/cobraanchors.com\/fr\/contact\/\",\"name\":\"Cobra Anchors \u2013 Contactez\u2011nous d\u00e8s aujourd\u2019hui\",\"isPartOf\":{\"@id\":\"https:\/\/cobraanchors.com\/fr\/#website\"},\"primaryImageOfPage\":{\"@id\":\"https:\/\/cobraanchors.com\/fr\/contact\/#primaryimage\"},\"image\":{\"@id\":\"https:\/\/cobraanchors.com\/fr\/contact\/#primaryimage\"},\"thumbnailUrl\":\"https:\/\/cobraanchors.com\/wp-content\/uploads\/2025\/09\/Contact_Us_Header.jpg\",\"datePublished\":\"2025-01-21T16:26:04+00:00\",\"dateModified\":\"2025-12-04T21:04:56+00:00\",\"description\":\"Contactez Cobra Anchors \u2014 notre \u00e9quipe est pr\u00eate \u00e0 r\u00e9pondre \u00e0 vos questions ou demandes de support pour ancrages et fixations.\",\"breadcrumb\":{\"@id\":\"https:\/\/cobraanchors.com\/fr\/contact\/#breadcrumb\"},\"inLanguage\":\"fr-FR\",\"potentialAction\":[{\"@type\":\"ReadAction\",\"target\":[\"https:\/\/cobraanchors.com\/fr\/contact\/\"]}]},{\"@type\":\"ImageObject\",\"inLanguage\":\"fr-FR\",\"@id\":\"https:\/\/cobraanchors.com\/fr\/contact\/#primaryimage\",\"url\":\"https:\/\/cobraanchors.com\/wp-content\/uploads\/2025\/09\/Contact_Us_Header.jpg\",\"contentUrl\":\"https:\/\/cobraanchors.com\/wp-content\/uploads\/2025\/09\/Contact_Us_Header.jpg\",\"width\":1372,\"height\":680},{\"@type\":\"BreadcrumbList\",\"@id\":\"https:\/\/cobraanchors.com\/fr\/contact\/#breadcrumb\",\"itemListElement\":[{\"@type\":\"ListItem\",\"position\":1,\"name\":\"Home\",\"item\":\"https:\/\/cobraanchors.com\/fr\/\"},{\"@type\":\"ListItem\",\"position\":2,\"name\":\"Contact\"}]},{\"@type\":\"WebSite\",\"@id\":\"https:\/\/cobraanchors.com\/fr\/#website\",\"url\":\"https:\/\/cobraanchors.com\/fr\/\",\"name\":\"Cobra Anchors\",\"description\":\"\",\"potentialAction\":[{\"@type\":\"SearchAction\",\"target\":{\"@type\":\"EntryPoint\",\"urlTemplate\":\"https:\/\/cobraanchors.com\/fr\/?s={search_term_string}\"},\"query-input\":{\"@type\":\"PropertyValueSpecification\",\"valueRequired\":true,\"valueName\":\"search_term_string\"}}],\"inLanguage\":\"fr-FR\"}]}<\/script>\n<!-- \/ Yoast SEO plugin. -->","yoast_head_json":{"title":"Cobra Anchors \u2013 Contactez\u2011nous d\u00e8s aujourd\u2019hui","description":"Contactez Cobra Anchors \u2014 notre \u00e9quipe est pr\u00eate \u00e0 r\u00e9pondre \u00e0 vos questions ou demandes de support pour ancrages et fixations.","robots":{"index":"index","follow":"follow","max-snippet":"max-snippet:-1","max-image-preview":"max-image-preview:large","max-video-preview":"max-video-preview:-1"},"canonical":"https:\/\/cobraanchors.com\/fr\/contact\/","og_locale":"fr_FR","og_type":"article","og_title":"Cobra Anchors \u2013 Contactez\u2011nous d\u00e8s aujourd\u2019hui","og_description":"Contactez Cobra Anchors \u2014 notre \u00e9quipe est pr\u00eate \u00e0 r\u00e9pondre \u00e0 vos questions ou demandes de support pour ancrages et fixations.","og_url":"https:\/\/cobraanchors.com\/fr\/contact\/","og_site_name":"Cobra Anchors","article_modified_time":"2025-12-04T21:04:56+00:00","og_image":[{"width":1372,"height":680,"url":"https:\/\/cobraanchors.com\/wp-content\/uploads\/2025\/09\/Contact_Us_Header.jpg","type":"image\/jpeg"}],"twitter_card":"summary_large_image","twitter_misc":{"Dur\u00e9e de lecture estim\u00e9e":"1 minute"},"schema":{"@context":"https:\/\/schema.org","@graph":[{"@type":"WebPage","@id":"https:\/\/cobraanchors.com\/fr\/contact\/","url":"https:\/\/cobraanchors.com\/fr\/contact\/","name":"Cobra Anchors \u2013 Contactez\u2011nous d\u00e8s aujourd\u2019hui","isPartOf":{"@id":"https:\/\/cobraanchors.com\/fr\/#website"},"primaryImageOfPage":{"@id":"https:\/\/cobraanchors.com\/fr\/contact\/#primaryimage"},"image":{"@id":"https:\/\/cobraanchors.com\/fr\/contact\/#primaryimage"},"thumbnailUrl":"https:\/\/cobraanchors.com\/wp-content\/uploads\/2025\/09\/Contact_Us_Header.jpg","datePublished":"2025-01-21T16:26:04+00:00","dateModified":"2025-12-04T21:04:56+00:00","description":"Contactez Cobra Anchors \u2014 notre \u00e9quipe est pr\u00eate \u00e0 r\u00e9pondre \u00e0 vos questions ou demandes de support pour ancrages et fixations.","breadcrumb":{"@id":"https:\/\/cobraanchors.com\/fr\/contact\/#breadcrumb"},"inLanguage":"fr-FR","potentialAction":[{"@type":"ReadAction","target":["https:\/\/cobraanchors.com\/fr\/contact\/"]}]},{"@type":"ImageObject","inLanguage":"fr-FR","@id":"https:\/\/cobraanchors.com\/fr\/contact\/#primaryimage","url":"https:\/\/cobraanchors.com\/wp-content\/uploads\/2025\/09\/Contact_Us_Header.jpg","contentUrl":"https:\/\/cobraanchors.com\/wp-content\/uploads\/2025\/09\/Contact_Us_Header.jpg","width":1372,"height":680},{"@type":"BreadcrumbList","@id":"https:\/\/cobraanchors.com\/fr\/contact\/#breadcrumb","itemListElement":[{"@type":"ListItem","position":1,"name":"Home","item":"https:\/\/cobraanchors.com\/fr\/"},{"@type":"ListItem","position":2,"name":"Contact"}]},{"@type":"WebSite","@id":"https:\/\/cobraanchors.com\/fr\/#website","url":"https:\/\/cobraanchors.com\/fr\/","name":"Cobra Anchors","description":"","potentialAction":[{"@type":"SearchAction","target":{"@type":"EntryPoint","urlTemplate":"https:\/\/cobraanchors.com\/fr\/?s={search_term_string}"},"query-input":{"@type":"PropertyValueSpecification","valueRequired":true,"valueName":"search_term_string"}}],"inLanguage":"fr-FR"}]}},"_links":{"self":[{"href":"https:\/\/cobraanchors.com\/fr\/wp-json\/wp\/v2\/pages\/5461","targetHints":{"allow":["GET"]}}],"collection":[{"href":"https:\/\/cobraanchors.com\/fr\/wp-json\/wp\/v2\/pages"}],"about":[{"href":"https:\/\/cobraanchors.com\/fr\/wp-json\/wp\/v2\/types\/page"}],"author":[{"embeddable":true,"href":"https:\/\/cobraanchors.com\/fr\/wp-json\/wp\/v2\/users\/1"}],"replies":[{"embeddable":true,"href":"https:\/\/cobraanchors.com\/fr\/wp-json\/wp\/v2\/comments?post=5461"}],"version-history":[{"count":10,"href":"https:\/\/cobraanchors.com\/fr\/wp-json\/wp\/v2\/pages\/5461\/revisions"}],"predecessor-version":[{"id":6207,"href":"https:\/\/cobraanchors.com\/fr\/wp-json\/wp\/v2\/pages\/5461\/revisions\/6207"}],"wp:featuredmedia":[{"embeddable":true,"href":"https:\/\/cobraanchors.com\/fr\/wp-json\/wp\/v2\/media\/1222"}],"wp:attachment":[{"href":"https:\/\/cobraanchors.com\/fr\/wp-json\/wp\/v2\/media?parent=5461"}],"curies":[{"name":"wp","href":"https:\/\/api.w.org\/{rel}","templated":true}]}}