{"id":5788,"date":"2025-10-28T17:28:52","date_gmt":"2025-10-28T21:28:52","guid":{"rendered":"https:\/\/cobra.naracreative.com\/warranty-and-limitation-of-liability\/"},"modified":"2025-12-04T16:06:16","modified_gmt":"2025-12-04T21:06:16","slug":"garantie-et-limitation-de-responsabilite","status":"publish","type":"page","link":"https:\/\/cobraanchors.com\/fr\/garantie-et-limitation-de-responsabilite\/","title":{"rendered":"Garantie et limitation de responsabilit\u00e9"},"content":{"rendered":"<p>Toutes les garanties expresses et tacites concernant les produits COBRA FIXATIONS et leur r\u00e9paration autoris\u00e9e, y compris les garanties de qualit\u00e9 marchande et d&rsquo;aptitude \u00e0 l&#8217;emploi \u00e0 des fins pr\u00e9cises, sont sp\u00e9cifiquement exclues, sauf les suivantes :<\/p>\n<p>COBRA FIXATIONS remplacera les produits COBRA qu&rsquo;il jugera d\u00e9fectueux sur le plan des mat\u00e9riaux ou de la main-d&rsquo;\u0153uvre, et ce, dans les six mois suivant leur vente par COBRA ou son d\u00e9taillant, usure normale exclue.<\/p>\n<p>Il s&rsquo;agit l\u00e0 de la seule garantie de COBRA et de la seule solution disponible pour le d\u00e9taillant ou l&rsquo;acheteur. COBRA FIXATIONS ne sera pas responsable des blessures, des pertes ni des dommages directs, indirects, accessoires ou immat\u00e9riels qui d\u00e9couleront de l&rsquo;utilisation ou de l&rsquo;impossibilit\u00e9 d&rsquo;utiliser n&rsquo;importe quel produit COBRA.<\/p>\n<p>Le \u00ab S\u00e9lecteur de produits \u00bb inclus dans notre site Web se veut un guide de s\u00e9lection qui vous aide, en g\u00e9n\u00e9ral, \u00e0 orienter votre choix. COBRA FIXATIONS ne sera jamais responsable de vos s\u00e9lections faites au moyen de ce guide.<\/p>\n<h3>POLITIQUE DE CONFIDENTIALIT\u00c9<\/h3>\n<p>Nous comprenons vos pr\u00e9occupations \u00e0 l&rsquo;\u00e9gard de la confidentialit\u00e9. Nous promettons que nous ne vendrons pas, ne louerons pas ou ne communiquerons pas vos renseignements personnels \u00e0 des tiers non concern\u00e9s. Nous voulons que vous compreniez les types de renseignements que nous recueillons et ce qui peut leur arriver.<\/p>\n<p>Si vous avez des questions ou des pr\u00e9occupations au sujet de la pr\u00e9sente politique de confidentialit\u00e9, nous vous invitons \u00e0 communiquer avec nous \u00e0 l&rsquo;adresse <a href=\"mailto:info@cobraanchors.com\">info@cobraanchors.com<\/a>. Voici nos autres coordonn\u00e9es :<\/p>\n<p>Cobra Fixations Cie Lt\u00e9e<br \/>\n8051, boulevard M\u00e9tropolitain Est<br \/>\nMontr\u00e9al (Qu\u00e9bec) H1J 1J3<br \/>\nCanada<br \/>\nT\u00e9l. : <a href=\"tel:514-354-2240\">514-354-2240<\/a><\/p>\n<h3>INSCRIPTION ET UTILISATION DES RENSEIGNEMENTS<\/h3>\n<p>Aucun utilisateur n&rsquo;est tenu de fournir des renseignements pour visiter le site Web de Cobra Fixations. Toutefois, un utilisateur doit s&rsquo;inscrire s&rsquo;il veut participer \u00e0 des concours et b\u00e9n\u00e9ficier d&rsquo;autres promotions. Lors de son inscription \u00e0 ces types de services, il pourrait avoir \u00e0 fournir certaines cat\u00e9gories de renseignements, comme son nom, son adresse, son adresse \u00e9lectronique et sa date de naissance.<\/p>\n<p>Les renseignements que vous fournissez \u00e0 Cobra Fixations lui permettent de personnaliser son site Web en fonction de vos int\u00e9r\u00eats et d&rsquo;am\u00e9liorer votre exp\u00e9rience de navigation dans son ensemble. En outre, ils nous aident \u00e0 communiquer avec vous au sujet des actualit\u00e9s, des \u00e9v\u00e8nements et des promotions de Cobra Fixations.<\/p>\n<p>Le site Web de Cobra Fixations renferme des liens vers des sites exploit\u00e9s par des tiers. Il se peut que ces sites recueillent des renseignements susceptibles de vous identifier. La pr\u00e9sente politique de confidentialit\u00e9 ne s&rsquo;applique pas aux pratiques de collecte de donn\u00e9es des tiers. Cobra Fixations n&rsquo;assume aucune responsabilit\u00e9 \u00e0 l&rsquo;\u00e9gard de ces derniers. Veuillez v\u00e9rifier la politique de confidentialit\u00e9 de chaque site que vous visitez.<\/p>\n<h3>COLLECTE PASSIVE DE RENSEIGNEMENTS<\/h3>\n<p>En plus des renseignements que vous lui fournissez activement, comme ceux que vous donnez lors de votre inscription aux services indiqu\u00e9s ci-dessus, Cobra Fixations recueille de l&rsquo;information sur la mani\u00e8re dont vous interagissez avec son site Web. Elle collecte de l&rsquo;information passive, notamment pour tester et am\u00e9liorer l&rsquo;exp\u00e9rience des utilisateurs du site Web et pour compiler de grandes donn\u00e9es d\u00e9mographiques agr\u00e9g\u00e9es et des donn\u00e9es connexes sur l&rsquo;usage, et ce, \u00e0 des fins internes. Voici une liste partielle des types de renseignements passifs : votre adresse IP, le type de navigateur utilis\u00e9, les endroits visit\u00e9s sur le site et la dur\u00e9e de votre visite aux diverses parties du site. Nous pouvons aussi suivre la trace de votre interaction avec notre site en attribuant \u00e0 votre session une suite al\u00e9atoire de chiffres et de lettres. Les renseignements passifs ne vous identifient pas par votre nom \u00e0 Cobra Fixations et l&rsquo;entreprise ne relie pas votre adresse IP \u00e0 de l&rsquo;information susceptible de vous identifier.<\/p>\n<p>Nous employons un paradigme de collecte de donn\u00e9es qui repose sur des t\u00e9moins (\u00ab cookies \u00bb) dans certaines parties de notre site Web. Les t\u00e9moins sont de petits fichiers qui sont ins\u00e9r\u00e9s dans votre disque dur et qui nous aident \u00e0 vous fournir des services personnalis\u00e9s. Par exemple, ils nous permettent de r\u00e9duire la fr\u00e9quence \u00e0 laquelle vous aurez besoin d&rsquo;entrer un mot de passe dans les secteurs de notre site qui sont prot\u00e9g\u00e9s de cette fa\u00e7on. En outre, certaines fonctionnalit\u00e9s ne sont possibles que par le recours \u00e0 un t\u00e9moin. Il vous est toujours loisible de refuser nos t\u00e9moins, si votre navigateur le permet. Toutefois, il se peut que vous ne soyez pas en mesure de vous servir de certains \u00e9l\u00e9ments de notre site Web ou que vous ayez \u00e0 entrer votre mot de passe plus souvent durant une session.<\/p>\n<h3>COLLECTE DE RENSEIGNEMENTS SUR LES ENFANTS<\/h3>\n<p>La Children&rsquo;s Online Privacy Protection Act et d&rsquo;autres lois ont \u00e9t\u00e9 \u00e9tablies afin de prot\u00e9ger les renseignements personnels des mineurs. Cobra Fixations respecte toutes les lois et les lignes directrices f\u00e9d\u00e9rales et des \u00c9tats en mati\u00e8re de vie priv\u00e9e des jeunes. \u00c0 ce titre, l&rsquo;entreprise ne recueillera pas intentionnellement de renseignements personnels de jeunes \u00e2g\u00e9s de moins de 18 ans, \u00e0 moins qu&rsquo;elle donne avis de la collecte de cette information et qu&rsquo;elle obtienne le consentement v\u00e9rifiable des parents.<\/p>\n<h3>COMMUNICATION DE RENSEIGNEMENTS<\/h3>\n<p>Cobra Fixations s&rsquo;engage \u00e0 ne pas vendre et \u00e0 ne pas louer vos renseignements. Toutefois, l&rsquo;entreprise peut communiquer \u00e0 ses partenaires commerciaux de grandes donn\u00e9es d\u00e9mographiques agr\u00e9g\u00e9es et de l&rsquo;information connexe sur l&rsquo;usage. Cette information agr\u00e9g\u00e9e ne renferme pas de renseignements personnels susceptibles d&rsquo;identifier les usagers pris individuellement.<\/p>\n<p>Bien qu&rsquo;elle s&rsquo;efforce de prot\u00e9ger les renseignements personnels de ses utilisateurs, Cobra Fixations les communiquera si la loi l&rsquo;y oblige ou si elle croit de bonne foi qu&rsquo;une telle mesure est n\u00e9cessaire.<\/p>\n<p>Par ailleurs, il se peut que nous recourrions \u00e0 des tiers que nous appelons des fournisseurs de services internes, afin de faciliter ou d&rsquo;externaliser un ou plusieurs aspects de nos op\u00e9rations commerciales et de nos op\u00e9rations ax\u00e9es sur les produits et les services que nous vous offrons. Il est alors possible que nous transmettions directement \u00e0 ces fournisseurs une partie de vos renseignements personnels. Ces fournisseurs sont assujettis \u00e0 des ententes de confidentialit\u00e9 conclues avec nous et \u00e0 d&rsquo;autres restrictions l\u00e9gales qui les emp\u00eachent d&#8217;employer l&rsquo;information que nous leur communiquons \u00e0 toute autre fin que celles visant \u00e0 faciliter l&rsquo;op\u00e9ration externalis\u00e9e concern\u00e9e, sauf si vous avez explicitement accept\u00e9 d&rsquo;autres usages ou si vous leur avez d\u00e9j\u00e0 accord\u00e9 votre permission \u00e0 cet \u00e9gard. Dans certains cas, il est possible que le fournisseur de services internes recueille des renseignements directement de vous. Vous serez alors averti de sa participation. Il reviendra strictement \u00e0 vous de communiquer cette information suppl\u00e9mentaire et d&rsquo;indiquer les usages additionnels que vous autorisez. Si vous donnez des renseignements suppl\u00e9mentaires \u00e0 un fournisseur de services internes, l&#8217;emploi de votre information personnelle par celui-ci est r\u00e9gi par sa politique de confidentialit\u00e9 pertinente.<\/p>\n<p>Dans le cas o\u00f9 nous, notre soci\u00e9t\u00e9 m\u00e8re ou certains de nos biens ou des biens de notre soci\u00e9t\u00e9 m\u00e8re faisons l&rsquo;objet d&rsquo;une acquisition, il se peut que les renseignements sur les utilisateurs soient inclus dans les biens transf\u00e9r\u00e9s.<\/p>\n<p>\u00c9tant donn\u00e9 le contexte r\u00e9glementaire actuel, nous ne pouvons garantir que l&rsquo;ensemble de vos communications priv\u00e9es et d&rsquo;autres renseignements personnels ne seront jamais divulgu\u00e9s de mani\u00e8res qui ne sont pas d\u00e9crites autrement dans la pr\u00e9sente politique de confidentialit\u00e9. Par exemple (sans limiter ce qui pr\u00e9c\u00e8de), il est possible que nous soyons forc\u00e9s de divulguer des renseignements personnels au gouvernement ou \u00e0 des tiers dans certains circonstances; qu&rsquo;ill\u00e9galement, des tiers interceptent des transmissions ou des communications priv\u00e9es ou y aient acc\u00e8s; que des utilisateurs abusent ou fassent mauvais usage des renseignements personnels qu&rsquo;ils recueillent du site Web \u00e0 votre sujet. Par cons\u00e9quent, bien que nous appliquions les pratiques normales de l&rsquo;industrie pour prot\u00e9ger votre vie priv\u00e9e, nous ne pouvons promettre que vos renseignements personnels ou vos communications priv\u00e9es demeureront toujours priv\u00e9es et vous ne pouvez pas vous y attendre.<\/p>\n<h3>S\u00c9CURIT\u00c9<\/h3>\n<p>Cobra Fixations a mis en place des mesures de s\u00e9curit\u00e9 pour se prot\u00e9ger contre la perte, le mauvais usage ou la modification non autoris\u00e9e des renseignements sous son contr\u00f4le. Elle prot\u00e8ge les renseignements susceptibles d&rsquo;identifier les gens en recourant \u00e0 des m\u00e9thodes de s\u00e9curit\u00e9 en ligne et hors ligne, y compris des pare-feu, des mots de passe et la restriction de l&rsquo;acc\u00e8s physique aux endroits o\u00f9 vos renseignements sont stock\u00e9s. Son personnel est form\u00e9 pour qu&rsquo;il respecte ses proc\u00e9dures de s\u00e9curit\u00e9, qui sont examin\u00e9es r\u00e9guli\u00e8rement et r\u00e9vis\u00e9es au besoin.<\/p>\n<h3>AUTRES COLLECTEURS DE RENSEIGNEMENTS<\/h3>\n<p>\u00c0 moins d&rsquo;indication contraire express\u00e9ment incluse dans la pr\u00e9sente politique de confidentialit\u00e9, ce document-ci ne traite que de l&rsquo;utilisation et de la communication de renseignements que nous recueillons de vous. Dans la mesure o\u00f9 vous communiquez vos renseignements \u00e0 d&rsquo;autres parties, qu&rsquo;il s&rsquo;agisse d&rsquo;utilisateurs de notre site Web ou d&rsquo;usagers d&rsquo;autres sites Internet, des r\u00e8gles diff\u00e9rentes sont susceptibles de s&rsquo;appliquer \u00e0 l&rsquo;utilisation ou \u00e0 la divulgation de l&rsquo;information que vous leur transmettez. La pr\u00e9sente politique ne s&rsquo;applique pas aux pratiques des entreprises que nous ne poss\u00e9dons pas ou ne contr\u00f4lons pas, ni aux personnes que nous n&#8217;employons pas ou ne g\u00e9rons pas. Nous encourageons les utilisateurs de notre site Web \u00e0 examiner les politiques de confidentialit\u00e9 des autres entreprises auxquelles ils peuvent avoir acc\u00e8s par l&rsquo;interm\u00e9diaire de notre site. Nous vous incitons \u00e0 poser des questions avant de communiquer vos renseignements personnels \u00e0 autrui.<\/p>\n<h3>DROIT DE REFUS<\/h3>\n<p>Si vous vous \u00eates abonn\u00e9 aux courriels commerciaux de Cobra Fixations et que vous ne plus les recevoir, vous pouvez nous faire part de votre intention en envoyant un courriel \u00e0 l&rsquo;adresse web@cobraanchors.com. Cobra Fixations tentera de ne communiquer avec vous que selon vos instructions.<\/p>\n<h3>ACCEPTATION DES CONDITIONS<\/h3>\n<p><strong>VOTRE UTILISATION DU PR\u00c9SENT SITE WEB CONSTITUE UNE ACCEPTATION DES CONDITIONS DE LA POLITIQUE DE CONFIDENTIALIT\u00c9 EN VIGUEUR \u00c0 CE MOMENT-L\u00c0. SI VOUS N&rsquo;\u00caTES PAS D&rsquo;ACCORD AVEC CES CONDITIONS, VEUILLEZ NE PAS UTILISER LE SITE OU Y ACC\u00c9DER.<\/strong><\/p>\n<p>En acceptant la politique de confidentialit\u00e9 et l&rsquo;entente d&rsquo;utilisation lorsque vous vous enregistrez, vous consentez express\u00e9ment \u00e0 ce que nous employions et divulguions vos renseignements personnels conform\u00e9ment \u00e0 notre politique de confidentialit\u00e9. Cette derni\u00e8re est incorpor\u00e9e dans l&rsquo;entente d&rsquo;utilisation conclue avec Cobra Fixations et est assujettie \u00e0 celle-ci. Elle entre en vigueur lors de son acceptation par les nouveaux utilisateurs au moment de leur inscription et elle l&rsquo;est sinon \u00e0 la date premi\u00e8rement \u00e9tablie ci-dessus pour tous les usagers.<\/p>\n<p>Veuillez prendre note que la pr\u00e9sente politique de confidentialit\u00e9 sera modifi\u00e9e de temps \u00e0 autre. Nous pouvons la changer n&rsquo;importe quand en publiant les conditions modifi\u00e9es sur le site Web. Toutes les conditions chang\u00e9es entreront automatiquement en vigueur 30 jours apr\u00e8s leur premi\u00e8re publication dans le site. Si nous apportons \u00e0 notre politique de confidentialit\u00e9 d&rsquo;importantes modifications qui ont une incidence sur les renseignements d\u00e9j\u00e0 stock\u00e9s dans notre base de donn\u00e9es au sujet des utilisateurs, nous publierons bien en vue dans notre site Web un avis avertissant les utilisateurs de ces changements. Notre usage des renseignements susceptibles de vous identifier sera r\u00e9gi par les conditions de notre politique de confidentialit\u00e9 qui sera en vigueur \u00e0 ce moment-l\u00e0.<\/p>\n<p>Votre vie priv\u00e9e est importante pour Cobra Fixations. Si vous avez des questions au sujet de n&rsquo;importe quelle disposition ci-dessus, veuillez communiquer avec nous par courriel ou en vous servant des autres coordonn\u00e9es indiqu\u00e9es plus haut.<\/p>\n","protected":false},"excerpt":{"rendered":"<p>Toutes les garanties expresses et tacites concernant les produits COBRA FIXATIONS et leur r\u00e9paration autoris\u00e9e, y compris les garanties de qualit\u00e9 marchande et d&rsquo;aptitude \u00e0 l&#8217;emploi \u00e0 des fins pr\u00e9cises, sont sp\u00e9cifiquement exclues, sauf les suivantes : COBRA FIXATIONS remplacera les produits COBRA qu&rsquo;il jugera d\u00e9fectueux sur le plan des mat\u00e9riaux ou de la main-d&rsquo;\u0153uvre,&hellip; <a class=\"more-link\" href=\"https:\/\/cobraanchors.com\/fr\/garantie-et-limitation-de-responsabilite\/\">Continue reading <span class=\"screen-reader-text\">Garantie et limitation de responsabilit\u00e9<\/span><\/a><\/p>\n","protected":false},"author":1,"featured_media":0,"parent":0,"menu_order":0,"comment_status":"closed","ping_status":"closed","template":"","meta":{"_acf_changed":false,"footnotes":""},"class_list":["post-5788","page","type-page","status-publish","hentry","entry"],"acf":[],"yoast_head":"<!-- This site is optimized with the Yoast SEO plugin v26.5 - https:\/\/yoast.com\/wordpress\/plugins\/seo\/ -->\n<title>Cobra Anchors \u2013 Notre garantie et responsabilit\u00e9<\/title>\n<meta name=\"description\" content=\"D\u00e9couvrez la garantie Cobra Anchors et la limitation de responsabilit\u00e9, comprenez les couvertures, conditions et obligations pour tous nos produits.\" \/>\n<meta name=\"robots\" content=\"index, follow, max-snippet:-1, max-image-preview:large, max-video-preview:-1\" \/>\n<link rel=\"canonical\" href=\"https:\/\/cobraanchors.com\/fr\/garantie-et-limitation-de-responsabilite\/\" \/>\n<meta property=\"og:locale\" content=\"fr_FR\" \/>\n<meta property=\"og:type\" content=\"article\" \/>\n<meta property=\"og:title\" content=\"Cobra Anchors \u2013 Notre garantie et responsabilit\u00e9\" \/>\n<meta property=\"og:description\" content=\"D\u00e9couvrez la garantie Cobra Anchors et la limitation de responsabilit\u00e9, comprenez les couvertures, conditions et obligations pour tous nos produits.\" \/>\n<meta property=\"og:url\" content=\"https:\/\/cobraanchors.com\/fr\/garantie-et-limitation-de-responsabilite\/\" \/>\n<meta property=\"og:site_name\" content=\"Cobra Anchors\" \/>\n<meta property=\"article:modified_time\" content=\"2025-12-04T21:06:16+00:00\" \/>\n<meta name=\"twitter:card\" content=\"summary_large_image\" \/>\n<meta name=\"twitter:label1\" content=\"Dur\u00e9e de lecture estim\u00e9e\" \/>\n\t<meta name=\"twitter:data1\" content=\"9 minutes\" \/>\n<script type=\"application\/ld+json\" class=\"yoast-schema-graph\">{\"@context\":\"https:\/\/schema.org\",\"@graph\":[{\"@type\":\"WebPage\",\"@id\":\"https:\/\/cobraanchors.com\/fr\/garantie-et-limitation-de-responsabilite\/\",\"url\":\"https:\/\/cobraanchors.com\/fr\/garantie-et-limitation-de-responsabilite\/\",\"name\":\"Cobra Anchors \u2013 Notre garantie et responsabilit\u00e9\",\"isPartOf\":{\"@id\":\"https:\/\/cobraanchors.com\/fr\/#website\"},\"datePublished\":\"2025-10-28T21:28:52+00:00\",\"dateModified\":\"2025-12-04T21:06:16+00:00\",\"description\":\"D\u00e9couvrez la garantie Cobra Anchors et la limitation de responsabilit\u00e9, comprenez les couvertures, conditions et obligations pour tous nos produits.\",\"breadcrumb\":{\"@id\":\"https:\/\/cobraanchors.com\/fr\/garantie-et-limitation-de-responsabilite\/#breadcrumb\"},\"inLanguage\":\"fr-FR\",\"potentialAction\":[{\"@type\":\"ReadAction\",\"target\":[\"https:\/\/cobraanchors.com\/fr\/garantie-et-limitation-de-responsabilite\/\"]}]},{\"@type\":\"BreadcrumbList\",\"@id\":\"https:\/\/cobraanchors.com\/fr\/garantie-et-limitation-de-responsabilite\/#breadcrumb\",\"itemListElement\":[{\"@type\":\"ListItem\",\"position\":1,\"name\":\"Home\",\"item\":\"https:\/\/cobraanchors.com\/fr\/\"},{\"@type\":\"ListItem\",\"position\":2,\"name\":\"Garantie et limitation de responsabilit\u00e9\"}]},{\"@type\":\"WebSite\",\"@id\":\"https:\/\/cobraanchors.com\/fr\/#website\",\"url\":\"https:\/\/cobraanchors.com\/fr\/\",\"name\":\"Cobra Anchors\",\"description\":\"\",\"potentialAction\":[{\"@type\":\"SearchAction\",\"target\":{\"@type\":\"EntryPoint\",\"urlTemplate\":\"https:\/\/cobraanchors.com\/fr\/?s={search_term_string}\"},\"query-input\":{\"@type\":\"PropertyValueSpecification\",\"valueRequired\":true,\"valueName\":\"search_term_string\"}}],\"inLanguage\":\"fr-FR\"}]}<\/script>\n<!-- \/ Yoast SEO plugin. -->","yoast_head_json":{"title":"Cobra Anchors \u2013 Notre garantie et responsabilit\u00e9","description":"D\u00e9couvrez la garantie Cobra Anchors et la limitation de responsabilit\u00e9, comprenez les couvertures, conditions et obligations pour tous nos produits.","robots":{"index":"index","follow":"follow","max-snippet":"max-snippet:-1","max-image-preview":"max-image-preview:large","max-video-preview":"max-video-preview:-1"},"canonical":"https:\/\/cobraanchors.com\/fr\/garantie-et-limitation-de-responsabilite\/","og_locale":"fr_FR","og_type":"article","og_title":"Cobra Anchors \u2013 Notre garantie et responsabilit\u00e9","og_description":"D\u00e9couvrez la garantie Cobra Anchors et la limitation de responsabilit\u00e9, comprenez les couvertures, conditions et obligations pour tous nos produits.","og_url":"https:\/\/cobraanchors.com\/fr\/garantie-et-limitation-de-responsabilite\/","og_site_name":"Cobra Anchors","article_modified_time":"2025-12-04T21:06:16+00:00","twitter_card":"summary_large_image","twitter_misc":{"Dur\u00e9e de lecture estim\u00e9e":"9 minutes"},"schema":{"@context":"https:\/\/schema.org","@graph":[{"@type":"WebPage","@id":"https:\/\/cobraanchors.com\/fr\/garantie-et-limitation-de-responsabilite\/","url":"https:\/\/cobraanchors.com\/fr\/garantie-et-limitation-de-responsabilite\/","name":"Cobra Anchors \u2013 Notre garantie et responsabilit\u00e9","isPartOf":{"@id":"https:\/\/cobraanchors.com\/fr\/#website"},"datePublished":"2025-10-28T21:28:52+00:00","dateModified":"2025-12-04T21:06:16+00:00","description":"D\u00e9couvrez la garantie Cobra Anchors et la limitation de responsabilit\u00e9, comprenez les couvertures, conditions et obligations pour tous nos produits.","breadcrumb":{"@id":"https:\/\/cobraanchors.com\/fr\/garantie-et-limitation-de-responsabilite\/#breadcrumb"},"inLanguage":"fr-FR","potentialAction":[{"@type":"ReadAction","target":["https:\/\/cobraanchors.com\/fr\/garantie-et-limitation-de-responsabilite\/"]}]},{"@type":"BreadcrumbList","@id":"https:\/\/cobraanchors.com\/fr\/garantie-et-limitation-de-responsabilite\/#breadcrumb","itemListElement":[{"@type":"ListItem","position":1,"name":"Home","item":"https:\/\/cobraanchors.com\/fr\/"},{"@type":"ListItem","position":2,"name":"Garantie et limitation de responsabilit\u00e9"}]},{"@type":"WebSite","@id":"https:\/\/cobraanchors.com\/fr\/#website","url":"https:\/\/cobraanchors.com\/fr\/","name":"Cobra Anchors","description":"","potentialAction":[{"@type":"SearchAction","target":{"@type":"EntryPoint","urlTemplate":"https:\/\/cobraanchors.com\/fr\/?s={search_term_string}"},"query-input":{"@type":"PropertyValueSpecification","valueRequired":true,"valueName":"search_term_string"}}],"inLanguage":"fr-FR"}]}},"_links":{"self":[{"href":"https:\/\/cobraanchors.com\/fr\/wp-json\/wp\/v2\/pages\/5788","targetHints":{"allow":["GET"]}}],"collection":[{"href":"https:\/\/cobraanchors.com\/fr\/wp-json\/wp\/v2\/pages"}],"about":[{"href":"https:\/\/cobraanchors.com\/fr\/wp-json\/wp\/v2\/types\/page"}],"author":[{"embeddable":true,"href":"https:\/\/cobraanchors.com\/fr\/wp-json\/wp\/v2\/users\/1"}],"replies":[{"embeddable":true,"href":"https:\/\/cobraanchors.com\/fr\/wp-json\/wp\/v2\/comments?post=5788"}],"version-history":[{"count":4,"href":"https:\/\/cobraanchors.com\/fr\/wp-json\/wp\/v2\/pages\/5788\/revisions"}],"predecessor-version":[{"id":5796,"href":"https:\/\/cobraanchors.com\/fr\/wp-json\/wp\/v2\/pages\/5788\/revisions\/5796"}],"wp:attachment":[{"href":"https:\/\/cobraanchors.com\/fr\/wp-json\/wp\/v2\/media?parent=5788"}],"curies":[{"name":"wp","href":"https:\/\/api.w.org\/{rel}","templated":true}]}}