{"id":5058,"date":"2025-11-25T17:47:03","date_gmt":"2025-11-25T22:47:03","guid":{"rendered":"https:\/\/cobra.naracreative.com\/product\/parawedge-plaque-zinc\/"},"modified":"2025-12-04T15:29:17","modified_gmt":"2025-12-04T20:29:17","slug":"parawedge","status":"publish","type":"product","link":"https:\/\/cobraanchors.com\/fr\/produit\/parawedge\/","title":{"rendered":"Parawedge"},"content":{"rendered":"<p>Le corps du Parawedge\u2122 est form\u00e9 \u00e0 froid et comporte une section filet\u00e9e de type boulon standard \u00e0 l\u2019une des extr\u00e9mit\u00e9s ainsi qu\u2019un mandrin cintr\u00e9 \u00e0 l\u2019oppos\u00e9 pour une expansion plus en douceur. Il poss\u00e8de une bague d\u2019expansion parabolique \u00e0 360 degr\u00e9s pour un meilleur appui, l\u2019expansion est contr\u00f4lable par le couple de serrage et peut \u00eatre install\u00e9 dans un trou sans fond. Trois types de t\u00eate offerts\u2009: \u00e9crou hexagonal, \u0153illet coinceur et crochet d\u2019attache structurale. Plusieurs grandeurs offertes dans deux types de mat\u00e9riau\u2009: Acier au carbone et acier inoxydable 304. Approbations: UL.. Underwriters Laboratory &#8211; Dossier #EX 4687<\/p>\n","protected":false},"excerpt":{"rendered":"<p>Le corps du Parawedge\u2122 est form\u00e9 \u00e0 froid et comporte une section filet\u00e9e de type boulon standard \u00e0 l\u2019une des extr\u00e9mit\u00e9s ainsi qu\u2019un mandrin cintr\u00e9 \u00e0 l\u2019oppos\u00e9 pour une expansion plus en douceur. Il poss\u00e8de une bague d\u2019expansion parabolique \u00e0 360 degr\u00e9s pour un meilleur appui, l\u2019expansion est contr\u00f4lable par le couple de serrage et&hellip; <a class=\"more-link\" href=\"https:\/\/cobraanchors.com\/fr\/produit\/parawedge\/\">Continue reading <span class=\"screen-reader-text\">Parawedge<\/span><\/a><\/p>\n","protected":false},"featured_media":6093,"template":"","meta":{"_acf_changed":false},"diameter":[],"installation-tool":[99,98],"length":[],"mounting-surface":[86],"quantity":[],"use":[],"product_brand":[],"product_cat":[47],"product_tag":[],"class_list":{"0":"post-5058","1":"product","2":"type-product","3":"status-publish","4":"has-post-thumbnail","6":"installation-tool-cle-a-molette","7":"installation-tool-perceuse","8":"mounting-surface-beton","9":"product_cat-maconnerie","10":"entry","12":"first","13":"instock","14":"product-type-simple"},"acf":[],"yoast_head":"<!-- This site is optimized with the Yoast SEO plugin v26.5 - https:\/\/yoast.com\/wordpress\/plugins\/seo\/ -->\n<title>Cobra Anchors \u2013 D\u00e9couvrez nos ancrages Parawedge<\/title>\n<meta name=\"description\" content=\"D\u00e9couvrez Parawedge de Cobra \u2014 ancrages b\u00e9ton robustes et fiables, adapt\u00e9s au b\u00e9ton, blocs ou ma\u00e7onnerie pour vos projets exigeants.\" \/>\n<meta name=\"robots\" content=\"index, follow, max-snippet:-1, max-image-preview:large, max-video-preview:-1\" \/>\n<link rel=\"canonical\" href=\"https:\/\/cobraanchors.com\/fr\/produit\/parawedge\/\" \/>\n<meta property=\"og:locale\" content=\"fr_FR\" \/>\n<meta property=\"og:type\" content=\"article\" \/>\n<meta property=\"og:title\" content=\"Cobra Anchors \u2013 D\u00e9couvrez nos ancrages Parawedge\" \/>\n<meta property=\"og:description\" content=\"D\u00e9couvrez Parawedge de Cobra \u2014 ancrages b\u00e9ton robustes et fiables, adapt\u00e9s au b\u00e9ton, blocs ou ma\u00e7onnerie pour vos projets exigeants.\" \/>\n<meta property=\"og:url\" content=\"https:\/\/cobraanchors.com\/fr\/produit\/parawedge\/\" \/>\n<meta property=\"og:site_name\" content=\"Cobra Anchors\" \/>\n<meta property=\"article:modified_time\" content=\"2025-12-04T20:29:17+00:00\" \/>\n<meta property=\"og:image\" content=\"https:\/\/cobraanchors.com\/wp-content\/uploads\/2025\/11\/Parawedge_Steel_1_ENG.jpg\" \/>\n\t<meta property=\"og:image:width\" content=\"2500\" \/>\n\t<meta property=\"og:image:height\" content=\"2500\" \/>\n\t<meta property=\"og:image:type\" content=\"image\/jpeg\" \/>\n<meta name=\"twitter:card\" content=\"summary_large_image\" \/>\n<meta name=\"twitter:label1\" content=\"Dur\u00e9e de lecture estim\u00e9e\" \/>\n\t<meta name=\"twitter:data1\" content=\"1 minute\" \/>\n<script type=\"application\/ld+json\" class=\"yoast-schema-graph\">{\"@context\":\"https:\/\/schema.org\",\"@graph\":[{\"@type\":\"WebPage\",\"@id\":\"https:\/\/cobraanchors.com\/fr\/produit\/parawedge\/\",\"url\":\"https:\/\/cobraanchors.com\/fr\/produit\/parawedge\/\",\"name\":\"Cobra Anchors \u2013 D\u00e9couvrez nos ancrages Parawedge\",\"isPartOf\":{\"@id\":\"https:\/\/cobraanchors.com\/fr\/#website\"},\"primaryImageOfPage\":{\"@id\":\"https:\/\/cobraanchors.com\/fr\/produit\/parawedge\/#primaryimage\"},\"image\":{\"@id\":\"https:\/\/cobraanchors.com\/fr\/produit\/parawedge\/#primaryimage\"},\"thumbnailUrl\":\"https:\/\/cobraanchors.com\/wp-content\/uploads\/2025\/11\/Parawedge_Steel_1_ENG.jpg\",\"datePublished\":\"2025-11-25T22:47:03+00:00\",\"dateModified\":\"2025-12-04T20:29:17+00:00\",\"description\":\"D\u00e9couvrez Parawedge de Cobra \u2014 ancrages b\u00e9ton robustes et fiables, adapt\u00e9s au b\u00e9ton, blocs ou ma\u00e7onnerie pour vos projets exigeants.\",\"breadcrumb\":{\"@id\":\"https:\/\/cobraanchors.com\/fr\/produit\/parawedge\/#breadcrumb\"},\"inLanguage\":\"fr-FR\",\"potentialAction\":[{\"@type\":\"ReadAction\",\"target\":[\"https:\/\/cobraanchors.com\/fr\/produit\/parawedge\/\"]}]},{\"@type\":\"ImageObject\",\"inLanguage\":\"fr-FR\",\"@id\":\"https:\/\/cobraanchors.com\/fr\/produit\/parawedge\/#primaryimage\",\"url\":\"https:\/\/cobraanchors.com\/wp-content\/uploads\/2025\/11\/Parawedge_Steel_1_ENG.jpg\",\"contentUrl\":\"https:\/\/cobraanchors.com\/wp-content\/uploads\/2025\/11\/Parawedge_Steel_1_ENG.jpg\",\"width\":2500,\"height\":2500},{\"@type\":\"BreadcrumbList\",\"@id\":\"https:\/\/cobraanchors.com\/fr\/produit\/parawedge\/#breadcrumb\",\"itemListElement\":[{\"@type\":\"ListItem\",\"position\":1,\"name\":\"Home\",\"item\":\"https:\/\/cobraanchors.com\/fr\/\"},{\"@type\":\"ListItem\",\"position\":2,\"name\":\"Boutique\",\"item\":\"https:\/\/cobraanchors.com\/fr\/boutique\/\"},{\"@type\":\"ListItem\",\"position\":3,\"name\":\"Parawedge\"}]},{\"@type\":\"WebSite\",\"@id\":\"https:\/\/cobraanchors.com\/fr\/#website\",\"url\":\"https:\/\/cobraanchors.com\/fr\/\",\"name\":\"Cobra Anchors\",\"description\":\"\",\"potentialAction\":[{\"@type\":\"SearchAction\",\"target\":{\"@type\":\"EntryPoint\",\"urlTemplate\":\"https:\/\/cobraanchors.com\/fr\/?s={search_term_string}\"},\"query-input\":{\"@type\":\"PropertyValueSpecification\",\"valueRequired\":true,\"valueName\":\"search_term_string\"}}],\"inLanguage\":\"fr-FR\"}]}<\/script>\n<!-- \/ Yoast SEO plugin. -->","yoast_head_json":{"title":"Cobra Anchors \u2013 D\u00e9couvrez nos ancrages Parawedge","description":"D\u00e9couvrez Parawedge de Cobra \u2014 ancrages b\u00e9ton robustes et fiables, adapt\u00e9s au b\u00e9ton, blocs ou ma\u00e7onnerie pour vos projets exigeants.","robots":{"index":"index","follow":"follow","max-snippet":"max-snippet:-1","max-image-preview":"max-image-preview:large","max-video-preview":"max-video-preview:-1"},"canonical":"https:\/\/cobraanchors.com\/fr\/produit\/parawedge\/","og_locale":"fr_FR","og_type":"article","og_title":"Cobra Anchors \u2013 D\u00e9couvrez nos ancrages Parawedge","og_description":"D\u00e9couvrez Parawedge de Cobra \u2014 ancrages b\u00e9ton robustes et fiables, adapt\u00e9s au b\u00e9ton, blocs ou ma\u00e7onnerie pour vos projets exigeants.","og_url":"https:\/\/cobraanchors.com\/fr\/produit\/parawedge\/","og_site_name":"Cobra Anchors","article_modified_time":"2025-12-04T20:29:17+00:00","og_image":[{"width":2500,"height":2500,"url":"https:\/\/cobraanchors.com\/wp-content\/uploads\/2025\/11\/Parawedge_Steel_1_ENG.jpg","type":"image\/jpeg"}],"twitter_card":"summary_large_image","twitter_misc":{"Dur\u00e9e de lecture estim\u00e9e":"1 minute"},"schema":{"@context":"https:\/\/schema.org","@graph":[{"@type":"WebPage","@id":"https:\/\/cobraanchors.com\/fr\/produit\/parawedge\/","url":"https:\/\/cobraanchors.com\/fr\/produit\/parawedge\/","name":"Cobra Anchors \u2013 D\u00e9couvrez nos ancrages Parawedge","isPartOf":{"@id":"https:\/\/cobraanchors.com\/fr\/#website"},"primaryImageOfPage":{"@id":"https:\/\/cobraanchors.com\/fr\/produit\/parawedge\/#primaryimage"},"image":{"@id":"https:\/\/cobraanchors.com\/fr\/produit\/parawedge\/#primaryimage"},"thumbnailUrl":"https:\/\/cobraanchors.com\/wp-content\/uploads\/2025\/11\/Parawedge_Steel_1_ENG.jpg","datePublished":"2025-11-25T22:47:03+00:00","dateModified":"2025-12-04T20:29:17+00:00","description":"D\u00e9couvrez Parawedge de Cobra \u2014 ancrages b\u00e9ton robustes et fiables, adapt\u00e9s au b\u00e9ton, blocs ou ma\u00e7onnerie pour vos projets exigeants.","breadcrumb":{"@id":"https:\/\/cobraanchors.com\/fr\/produit\/parawedge\/#breadcrumb"},"inLanguage":"fr-FR","potentialAction":[{"@type":"ReadAction","target":["https:\/\/cobraanchors.com\/fr\/produit\/parawedge\/"]}]},{"@type":"ImageObject","inLanguage":"fr-FR","@id":"https:\/\/cobraanchors.com\/fr\/produit\/parawedge\/#primaryimage","url":"https:\/\/cobraanchors.com\/wp-content\/uploads\/2025\/11\/Parawedge_Steel_1_ENG.jpg","contentUrl":"https:\/\/cobraanchors.com\/wp-content\/uploads\/2025\/11\/Parawedge_Steel_1_ENG.jpg","width":2500,"height":2500},{"@type":"BreadcrumbList","@id":"https:\/\/cobraanchors.com\/fr\/produit\/parawedge\/#breadcrumb","itemListElement":[{"@type":"ListItem","position":1,"name":"Home","item":"https:\/\/cobraanchors.com\/fr\/"},{"@type":"ListItem","position":2,"name":"Boutique","item":"https:\/\/cobraanchors.com\/fr\/boutique\/"},{"@type":"ListItem","position":3,"name":"Parawedge"}]},{"@type":"WebSite","@id":"https:\/\/cobraanchors.com\/fr\/#website","url":"https:\/\/cobraanchors.com\/fr\/","name":"Cobra Anchors","description":"","potentialAction":[{"@type":"SearchAction","target":{"@type":"EntryPoint","urlTemplate":"https:\/\/cobraanchors.com\/fr\/?s={search_term_string}"},"query-input":{"@type":"PropertyValueSpecification","valueRequired":true,"valueName":"search_term_string"}}],"inLanguage":"fr-FR"}]}},"_links":{"self":[{"href":"https:\/\/cobraanchors.com\/fr\/wp-json\/wp\/v2\/product\/5058","targetHints":{"allow":["GET"]}}],"collection":[{"href":"https:\/\/cobraanchors.com\/fr\/wp-json\/wp\/v2\/product"}],"about":[{"href":"https:\/\/cobraanchors.com\/fr\/wp-json\/wp\/v2\/types\/product"}],"wp:featuredmedia":[{"embeddable":true,"href":"https:\/\/cobraanchors.com\/fr\/wp-json\/wp\/v2\/media\/6093"}],"wp:attachment":[{"href":"https:\/\/cobraanchors.com\/fr\/wp-json\/wp\/v2\/media?parent=5058"}],"wp:term":[{"taxonomy":"diameter","embeddable":true,"href":"https:\/\/cobraanchors.com\/fr\/wp-json\/wp\/v2\/diameter?post=5058"},{"taxonomy":"installation-tool","embeddable":true,"href":"https:\/\/cobraanchors.com\/fr\/wp-json\/wp\/v2\/installation-tool?post=5058"},{"taxonomy":"length","embeddable":true,"href":"https:\/\/cobraanchors.com\/fr\/wp-json\/wp\/v2\/length?post=5058"},{"taxonomy":"mounting-surface","embeddable":true,"href":"https:\/\/cobraanchors.com\/fr\/wp-json\/wp\/v2\/mounting-surface?post=5058"},{"taxonomy":"quantity","embeddable":true,"href":"https:\/\/cobraanchors.com\/fr\/wp-json\/wp\/v2\/quantity?post=5058"},{"taxonomy":"use","embeddable":true,"href":"https:\/\/cobraanchors.com\/fr\/wp-json\/wp\/v2\/use?post=5058"},{"taxonomy":"product_brand","embeddable":true,"href":"https:\/\/cobraanchors.com\/fr\/wp-json\/wp\/v2\/product_brand?post=5058"},{"taxonomy":"product_cat","embeddable":true,"href":"https:\/\/cobraanchors.com\/fr\/wp-json\/wp\/v2\/product_cat?post=5058"},{"taxonomy":"product_tag","embeddable":true,"href":"https:\/\/cobraanchors.com\/fr\/wp-json\/wp\/v2\/product_tag?post=5058"}],"curies":[{"name":"wp","href":"https:\/\/api.w.org\/{rel}","templated":true}]}}