{"id":5059,"date":"2025-11-25T17:47:03","date_gmt":"2025-11-25T22:47:03","guid":{"rendered":"https:\/\/cobra.naracreative.com\/product\/vis-a-beton\/"},"modified":"2025-12-04T15:53:36","modified_gmt":"2025-12-04T20:53:36","slug":"vis-a-beton","status":"publish","type":"product","link":"https:\/\/cobraanchors.com\/fr\/produit\/vis-a-beton\/","title":{"rendered":"Vis \u00e0 b\u00e9ton"},"content":{"rendered":"<p>Les vis \u00e0 b\u00e9ton CobraTap\u2122 poss\u00e8dent un double filetage, haut et bas, con\u00e7u pour forer plus efficacement le b\u00e9ton et garder leur alignement. Faites d\u2019acier tremp\u00e9, elles sont recouvertes du rev\u00eatement Cobra Coat\u2122 pour maximiser la r\u00e9sistance \u00e0 la corrosion. Les vis \u00e0 b\u00e9ton \u00e0 t\u00eates hexagonales sont disponibles dans des grandeurs variantes de 3\/16&Prime; x 1-1\/4&Prime; \u00e0 1\/4&Prime; x 5&Prime;. Disponible en 3 couleurs : blanc, noir et bleu.<\/p>\n","protected":false},"excerpt":{"rendered":"<p>Les vis \u00e0 b\u00e9ton CobraTap\u2122 poss\u00e8dent un double filetage, haut et bas, con\u00e7u pour forer plus efficacement le b\u00e9ton et garder leur alignement. Faites d\u2019acier tremp\u00e9, elles sont recouvertes du rev\u00eatement Cobra Coat\u2122 pour maximiser la r\u00e9sistance \u00e0 la corrosion. Les vis \u00e0 b\u00e9ton \u00e0 t\u00eates hexagonales sont disponibles dans des grandeurs variantes de 3\/16&Prime;&hellip; <a class=\"more-link\" href=\"https:\/\/cobraanchors.com\/fr\/produit\/vis-a-beton\/\">Continue reading <span class=\"screen-reader-text\">Vis \u00e0 b\u00e9ton<\/span><\/a><\/p>\n","protected":false},"featured_media":6226,"template":"","meta":{"_acf_changed":false},"diameter":[],"installation-tool":[98],"length":[],"mounting-surface":[86,90,85],"quantity":[],"use":[],"product_brand":[],"product_cat":[81],"product_tag":[],"class_list":{"0":"post-5059","1":"product","2":"type-product","3":"status-publish","4":"has-post-thumbnail","6":"installation-tool-perceuse","7":"mounting-surface-beton","8":"mounting-surface-bloc-creux","9":"mounting-surface-brique","10":"product_cat-vis-a-beton","11":"entry","13":"first","14":"instock","15":"product-type-simple"},"acf":[],"yoast_head":"<!-- This site is optimized with the Yoast SEO plugin v26.5 - https:\/\/yoast.com\/wordpress\/plugins\/seo\/ -->\n<title>Cobra Anchors \u2013 D\u00e9couvrez les vis CobraTap b\u00e9ton<\/title>\n<meta name=\"description\" content=\"CobraTap \u2014 vis b\u00e9ton r\u00e9sistantes, acier tremp\u00e9 et rev\u00eatement anticorrosion, avec double\u2011filetage pour une installation facile et tenue maximale.\" \/>\n<meta name=\"robots\" content=\"index, follow, max-snippet:-1, max-image-preview:large, max-video-preview:-1\" \/>\n<link rel=\"canonical\" href=\"https:\/\/cobraanchors.com\/fr\/produit\/vis-a-beton\/\" \/>\n<meta property=\"og:locale\" content=\"fr_FR\" \/>\n<meta property=\"og:type\" content=\"article\" \/>\n<meta property=\"og:title\" content=\"Cobra Anchors \u2013 D\u00e9couvrez les vis CobraTap b\u00e9ton\" \/>\n<meta property=\"og:description\" content=\"CobraTap \u2014 vis b\u00e9ton r\u00e9sistantes, acier tremp\u00e9 et rev\u00eatement anticorrosion, avec double\u2011filetage pour une installation facile et tenue maximale.\" \/>\n<meta property=\"og:url\" content=\"https:\/\/cobraanchors.com\/fr\/produit\/vis-a-beton\/\" \/>\n<meta property=\"og:site_name\" content=\"Cobra Anchors\" \/>\n<meta property=\"article:modified_time\" content=\"2025-12-04T20:53:36+00:00\" \/>\n<meta property=\"og:image\" content=\"https:\/\/cobraanchors.com\/wp-content\/uploads\/2025\/11\/CobraTap_Black_Hex_1_FR.jpg\" \/>\n\t<meta property=\"og:image:width\" content=\"2500\" \/>\n\t<meta property=\"og:image:height\" content=\"2500\" \/>\n\t<meta property=\"og:image:type\" content=\"image\/jpeg\" \/>\n<meta name=\"twitter:card\" content=\"summary_large_image\" \/>\n<meta name=\"twitter:label1\" content=\"Dur\u00e9e de lecture estim\u00e9e\" \/>\n\t<meta name=\"twitter:data1\" content=\"1 minute\" \/>\n<script type=\"application\/ld+json\" class=\"yoast-schema-graph\">{\"@context\":\"https:\/\/schema.org\",\"@graph\":[{\"@type\":\"WebPage\",\"@id\":\"https:\/\/cobraanchors.com\/fr\/produit\/vis-a-beton\/\",\"url\":\"https:\/\/cobraanchors.com\/fr\/produit\/vis-a-beton\/\",\"name\":\"Cobra Anchors \u2013 D\u00e9couvrez les vis CobraTap b\u00e9ton\",\"isPartOf\":{\"@id\":\"https:\/\/cobraanchors.com\/fr\/#website\"},\"primaryImageOfPage\":{\"@id\":\"https:\/\/cobraanchors.com\/fr\/produit\/vis-a-beton\/#primaryimage\"},\"image\":{\"@id\":\"https:\/\/cobraanchors.com\/fr\/produit\/vis-a-beton\/#primaryimage\"},\"thumbnailUrl\":\"https:\/\/cobraanchors.com\/wp-content\/uploads\/2025\/11\/CobraTap_Black_Hex_1_FR.jpg\",\"datePublished\":\"2025-11-25T22:47:03+00:00\",\"dateModified\":\"2025-12-04T20:53:36+00:00\",\"description\":\"CobraTap \u2014 vis b\u00e9ton r\u00e9sistantes, acier tremp\u00e9 et rev\u00eatement anticorrosion, avec double\u2011filetage pour une installation facile et tenue maximale.\",\"breadcrumb\":{\"@id\":\"https:\/\/cobraanchors.com\/fr\/produit\/vis-a-beton\/#breadcrumb\"},\"inLanguage\":\"fr-FR\",\"potentialAction\":[{\"@type\":\"ReadAction\",\"target\":[\"https:\/\/cobraanchors.com\/fr\/produit\/vis-a-beton\/\"]}]},{\"@type\":\"ImageObject\",\"inLanguage\":\"fr-FR\",\"@id\":\"https:\/\/cobraanchors.com\/fr\/produit\/vis-a-beton\/#primaryimage\",\"url\":\"https:\/\/cobraanchors.com\/wp-content\/uploads\/2025\/11\/CobraTap_Black_Hex_1_FR.jpg\",\"contentUrl\":\"https:\/\/cobraanchors.com\/wp-content\/uploads\/2025\/11\/CobraTap_Black_Hex_1_FR.jpg\",\"width\":2500,\"height\":2500},{\"@type\":\"BreadcrumbList\",\"@id\":\"https:\/\/cobraanchors.com\/fr\/produit\/vis-a-beton\/#breadcrumb\",\"itemListElement\":[{\"@type\":\"ListItem\",\"position\":1,\"name\":\"Home\",\"item\":\"https:\/\/cobraanchors.com\/fr\/\"},{\"@type\":\"ListItem\",\"position\":2,\"name\":\"Boutique\",\"item\":\"https:\/\/cobraanchors.com\/fr\/boutique\/\"},{\"@type\":\"ListItem\",\"position\":3,\"name\":\"Vis \u00e0 b\u00e9ton\"}]},{\"@type\":\"WebSite\",\"@id\":\"https:\/\/cobraanchors.com\/fr\/#website\",\"url\":\"https:\/\/cobraanchors.com\/fr\/\",\"name\":\"Cobra Anchors\",\"description\":\"\",\"potentialAction\":[{\"@type\":\"SearchAction\",\"target\":{\"@type\":\"EntryPoint\",\"urlTemplate\":\"https:\/\/cobraanchors.com\/fr\/?s={search_term_string}\"},\"query-input\":{\"@type\":\"PropertyValueSpecification\",\"valueRequired\":true,\"valueName\":\"search_term_string\"}}],\"inLanguage\":\"fr-FR\"}]}<\/script>\n<!-- \/ Yoast SEO plugin. -->","yoast_head_json":{"title":"Cobra Anchors \u2013 D\u00e9couvrez les vis CobraTap b\u00e9ton","description":"CobraTap \u2014 vis b\u00e9ton r\u00e9sistantes, acier tremp\u00e9 et rev\u00eatement anticorrosion, avec double\u2011filetage pour une installation facile et tenue maximale.","robots":{"index":"index","follow":"follow","max-snippet":"max-snippet:-1","max-image-preview":"max-image-preview:large","max-video-preview":"max-video-preview:-1"},"canonical":"https:\/\/cobraanchors.com\/fr\/produit\/vis-a-beton\/","og_locale":"fr_FR","og_type":"article","og_title":"Cobra Anchors \u2013 D\u00e9couvrez les vis CobraTap b\u00e9ton","og_description":"CobraTap \u2014 vis b\u00e9ton r\u00e9sistantes, acier tremp\u00e9 et rev\u00eatement anticorrosion, avec double\u2011filetage pour une installation facile et tenue maximale.","og_url":"https:\/\/cobraanchors.com\/fr\/produit\/vis-a-beton\/","og_site_name":"Cobra Anchors","article_modified_time":"2025-12-04T20:53:36+00:00","og_image":[{"width":2500,"height":2500,"url":"https:\/\/cobraanchors.com\/wp-content\/uploads\/2025\/11\/CobraTap_Black_Hex_1_FR.jpg","type":"image\/jpeg"}],"twitter_card":"summary_large_image","twitter_misc":{"Dur\u00e9e de lecture estim\u00e9e":"1 minute"},"schema":{"@context":"https:\/\/schema.org","@graph":[{"@type":"WebPage","@id":"https:\/\/cobraanchors.com\/fr\/produit\/vis-a-beton\/","url":"https:\/\/cobraanchors.com\/fr\/produit\/vis-a-beton\/","name":"Cobra Anchors \u2013 D\u00e9couvrez les vis CobraTap b\u00e9ton","isPartOf":{"@id":"https:\/\/cobraanchors.com\/fr\/#website"},"primaryImageOfPage":{"@id":"https:\/\/cobraanchors.com\/fr\/produit\/vis-a-beton\/#primaryimage"},"image":{"@id":"https:\/\/cobraanchors.com\/fr\/produit\/vis-a-beton\/#primaryimage"},"thumbnailUrl":"https:\/\/cobraanchors.com\/wp-content\/uploads\/2025\/11\/CobraTap_Black_Hex_1_FR.jpg","datePublished":"2025-11-25T22:47:03+00:00","dateModified":"2025-12-04T20:53:36+00:00","description":"CobraTap \u2014 vis b\u00e9ton r\u00e9sistantes, acier tremp\u00e9 et rev\u00eatement anticorrosion, avec double\u2011filetage pour une installation facile et tenue maximale.","breadcrumb":{"@id":"https:\/\/cobraanchors.com\/fr\/produit\/vis-a-beton\/#breadcrumb"},"inLanguage":"fr-FR","potentialAction":[{"@type":"ReadAction","target":["https:\/\/cobraanchors.com\/fr\/produit\/vis-a-beton\/"]}]},{"@type":"ImageObject","inLanguage":"fr-FR","@id":"https:\/\/cobraanchors.com\/fr\/produit\/vis-a-beton\/#primaryimage","url":"https:\/\/cobraanchors.com\/wp-content\/uploads\/2025\/11\/CobraTap_Black_Hex_1_FR.jpg","contentUrl":"https:\/\/cobraanchors.com\/wp-content\/uploads\/2025\/11\/CobraTap_Black_Hex_1_FR.jpg","width":2500,"height":2500},{"@type":"BreadcrumbList","@id":"https:\/\/cobraanchors.com\/fr\/produit\/vis-a-beton\/#breadcrumb","itemListElement":[{"@type":"ListItem","position":1,"name":"Home","item":"https:\/\/cobraanchors.com\/fr\/"},{"@type":"ListItem","position":2,"name":"Boutique","item":"https:\/\/cobraanchors.com\/fr\/boutique\/"},{"@type":"ListItem","position":3,"name":"Vis \u00e0 b\u00e9ton"}]},{"@type":"WebSite","@id":"https:\/\/cobraanchors.com\/fr\/#website","url":"https:\/\/cobraanchors.com\/fr\/","name":"Cobra Anchors","description":"","potentialAction":[{"@type":"SearchAction","target":{"@type":"EntryPoint","urlTemplate":"https:\/\/cobraanchors.com\/fr\/?s={search_term_string}"},"query-input":{"@type":"PropertyValueSpecification","valueRequired":true,"valueName":"search_term_string"}}],"inLanguage":"fr-FR"}]}},"_links":{"self":[{"href":"https:\/\/cobraanchors.com\/fr\/wp-json\/wp\/v2\/product\/5059","targetHints":{"allow":["GET"]}}],"collection":[{"href":"https:\/\/cobraanchors.com\/fr\/wp-json\/wp\/v2\/product"}],"about":[{"href":"https:\/\/cobraanchors.com\/fr\/wp-json\/wp\/v2\/types\/product"}],"wp:featuredmedia":[{"embeddable":true,"href":"https:\/\/cobraanchors.com\/fr\/wp-json\/wp\/v2\/media\/6226"}],"wp:attachment":[{"href":"https:\/\/cobraanchors.com\/fr\/wp-json\/wp\/v2\/media?parent=5059"}],"wp:term":[{"taxonomy":"diameter","embeddable":true,"href":"https:\/\/cobraanchors.com\/fr\/wp-json\/wp\/v2\/diameter?post=5059"},{"taxonomy":"installation-tool","embeddable":true,"href":"https:\/\/cobraanchors.com\/fr\/wp-json\/wp\/v2\/installation-tool?post=5059"},{"taxonomy":"length","embeddable":true,"href":"https:\/\/cobraanchors.com\/fr\/wp-json\/wp\/v2\/length?post=5059"},{"taxonomy":"mounting-surface","embeddable":true,"href":"https:\/\/cobraanchors.com\/fr\/wp-json\/wp\/v2\/mounting-surface?post=5059"},{"taxonomy":"quantity","embeddable":true,"href":"https:\/\/cobraanchors.com\/fr\/wp-json\/wp\/v2\/quantity?post=5059"},{"taxonomy":"use","embeddable":true,"href":"https:\/\/cobraanchors.com\/fr\/wp-json\/wp\/v2\/use?post=5059"},{"taxonomy":"product_brand","embeddable":true,"href":"https:\/\/cobraanchors.com\/fr\/wp-json\/wp\/v2\/product_brand?post=5059"},{"taxonomy":"product_cat","embeddable":true,"href":"https:\/\/cobraanchors.com\/fr\/wp-json\/wp\/v2\/product_cat?post=5059"},{"taxonomy":"product_tag","embeddable":true,"href":"https:\/\/cobraanchors.com\/fr\/wp-json\/wp\/v2\/product_tag?post=5059"}],"curies":[{"name":"wp","href":"https:\/\/api.w.org\/{rel}","templated":true}]}}