{"id":5061,"date":"2025-11-25T17:47:03","date_gmt":"2025-11-25T22:47:03","guid":{"rendered":"https:\/\/cobra.naracreative.com\/product\/cobratork-plaque-zinc\/"},"modified":"2025-12-04T15:30:25","modified_gmt":"2025-12-04T20:30:25","slug":"cobratork-plaque-zinc","status":"publish","type":"product","link":"https:\/\/cobraanchors.com\/fr\/produit\/cobratork-plaque-zinc\/","title":{"rendered":"CobraTork &#8211; plaqu\u00e9 zinc"},"content":{"rendered":"<p>La vis d\u2019ancrage pour b\u00e9ton pour charges lourdes Cobra Tork\u2122 est munie d\u2019une t\u00eate sur\u00e9lev\u00e9e pour une meilleure prise, d\u2019un filetage \u00e0 encoches qui facilite la d\u00e9coupe du b\u00e9ton et de cavit\u00e9s con\u00e7ues pour un d\u00e9gagement efficace des d\u00e9bris. De plus, cet ancrage est facile \u00e0 retirer au besoin. Avec son concept monobloc\u2009: c\u2019est percez et vissez\u2009!<\/p>\n","protected":false},"excerpt":{"rendered":"<p>La vis d\u2019ancrage pour b\u00e9ton pour charges lourdes Cobra Tork\u2122 est munie d\u2019une t\u00eate sur\u00e9lev\u00e9e pour une meilleure prise, d\u2019un filetage \u00e0 encoches qui facilite la d\u00e9coupe du b\u00e9ton et de cavit\u00e9s con\u00e7ues pour un d\u00e9gagement efficace des d\u00e9bris. De plus, cet ancrage est facile \u00e0 retirer au besoin. Avec son concept monobloc\u2009: c\u2019est percez&hellip; <a class=\"more-link\" href=\"https:\/\/cobraanchors.com\/fr\/produit\/cobratork-plaque-zinc\/\">Continue reading <span class=\"screen-reader-text\">CobraTork &#8211; plaqu\u00e9 zinc<\/span><\/a><\/p>\n","protected":false},"featured_media":5930,"template":"","meta":{"_acf_changed":false},"diameter":[],"installation-tool":[99,98],"length":[],"mounting-surface":[86,90,85],"quantity":[],"use":[],"product_brand":[],"product_cat":[47],"product_tag":[],"class_list":{"0":"post-5061","1":"product","2":"type-product","3":"status-publish","4":"has-post-thumbnail","6":"installation-tool-cle-a-molette","7":"installation-tool-perceuse","8":"mounting-surface-beton","9":"mounting-surface-bloc-creux","10":"mounting-surface-brique","11":"product_cat-maconnerie","12":"entry","14":"first","15":"instock","16":"product-type-simple"},"acf":[],"yoast_head":"<!-- This site is optimized with the Yoast SEO plugin v26.5 - https:\/\/yoast.com\/wordpress\/plugins\/seo\/ -->\n<title>Cobra Anchors \u2013 D\u00e9couvrez le CobraTork plaqu\u00e9 zinc<\/title>\n<meta name=\"description\" content=\"D\u00e9couvrez CobraTork Zinc \u2014 vis durables et r\u00e9sistantes \u00e0 la corrosion, pour un ancrage fiable et s\u00e9curis\u00e9 dans le b\u00e9ton, blocs ou ma\u00e7onnerie.\" \/>\n<meta name=\"robots\" content=\"index, follow, max-snippet:-1, max-image-preview:large, max-video-preview:-1\" \/>\n<link rel=\"canonical\" href=\"https:\/\/cobraanchors.com\/fr\/produit\/cobratork-plaque-zinc\/\" \/>\n<meta property=\"og:locale\" content=\"fr_FR\" \/>\n<meta property=\"og:type\" content=\"article\" \/>\n<meta property=\"og:title\" content=\"Cobra Anchors \u2013 D\u00e9couvrez le CobraTork plaqu\u00e9 zinc\" \/>\n<meta property=\"og:description\" content=\"D\u00e9couvrez CobraTork Zinc \u2014 vis durables et r\u00e9sistantes \u00e0 la corrosion, pour un ancrage fiable et s\u00e9curis\u00e9 dans le b\u00e9ton, blocs ou ma\u00e7onnerie.\" \/>\n<meta property=\"og:url\" content=\"https:\/\/cobraanchors.com\/fr\/produit\/cobratork-plaque-zinc\/\" \/>\n<meta property=\"og:site_name\" content=\"Cobra Anchors\" \/>\n<meta property=\"article:modified_time\" content=\"2025-12-04T20:30:25+00:00\" \/>\n<meta property=\"og:image\" content=\"https:\/\/cobraanchors.com\/wp-content\/uploads\/2025\/10\/CobraTork_Zinc_1_ENG.jpg\" \/>\n\t<meta property=\"og:image:width\" content=\"2500\" \/>\n\t<meta property=\"og:image:height\" content=\"2500\" \/>\n\t<meta property=\"og:image:type\" content=\"image\/jpeg\" \/>\n<meta name=\"twitter:card\" content=\"summary_large_image\" \/>\n<meta name=\"twitter:label1\" content=\"Dur\u00e9e de lecture estim\u00e9e\" \/>\n\t<meta name=\"twitter:data1\" content=\"1 minute\" \/>\n<script type=\"application\/ld+json\" class=\"yoast-schema-graph\">{\"@context\":\"https:\/\/schema.org\",\"@graph\":[{\"@type\":\"WebPage\",\"@id\":\"https:\/\/cobraanchors.com\/fr\/produit\/cobratork-plaque-zinc\/\",\"url\":\"https:\/\/cobraanchors.com\/fr\/produit\/cobratork-plaque-zinc\/\",\"name\":\"Cobra Anchors \u2013 D\u00e9couvrez le CobraTork plaqu\u00e9 zinc\",\"isPartOf\":{\"@id\":\"https:\/\/cobraanchors.com\/fr\/#website\"},\"primaryImageOfPage\":{\"@id\":\"https:\/\/cobraanchors.com\/fr\/produit\/cobratork-plaque-zinc\/#primaryimage\"},\"image\":{\"@id\":\"https:\/\/cobraanchors.com\/fr\/produit\/cobratork-plaque-zinc\/#primaryimage\"},\"thumbnailUrl\":\"https:\/\/cobraanchors.com\/wp-content\/uploads\/2025\/10\/CobraTork_Zinc_1_ENG.jpg\",\"datePublished\":\"2025-11-25T22:47:03+00:00\",\"dateModified\":\"2025-12-04T20:30:25+00:00\",\"description\":\"D\u00e9couvrez CobraTork Zinc \u2014 vis durables et r\u00e9sistantes \u00e0 la corrosion, pour un ancrage fiable et s\u00e9curis\u00e9 dans le b\u00e9ton, blocs ou ma\u00e7onnerie.\",\"breadcrumb\":{\"@id\":\"https:\/\/cobraanchors.com\/fr\/produit\/cobratork-plaque-zinc\/#breadcrumb\"},\"inLanguage\":\"fr-FR\",\"potentialAction\":[{\"@type\":\"ReadAction\",\"target\":[\"https:\/\/cobraanchors.com\/fr\/produit\/cobratork-plaque-zinc\/\"]}]},{\"@type\":\"ImageObject\",\"inLanguage\":\"fr-FR\",\"@id\":\"https:\/\/cobraanchors.com\/fr\/produit\/cobratork-plaque-zinc\/#primaryimage\",\"url\":\"https:\/\/cobraanchors.com\/wp-content\/uploads\/2025\/10\/CobraTork_Zinc_1_ENG.jpg\",\"contentUrl\":\"https:\/\/cobraanchors.com\/wp-content\/uploads\/2025\/10\/CobraTork_Zinc_1_ENG.jpg\",\"width\":2500,\"height\":2500},{\"@type\":\"BreadcrumbList\",\"@id\":\"https:\/\/cobraanchors.com\/fr\/produit\/cobratork-plaque-zinc\/#breadcrumb\",\"itemListElement\":[{\"@type\":\"ListItem\",\"position\":1,\"name\":\"Home\",\"item\":\"https:\/\/cobraanchors.com\/fr\/\"},{\"@type\":\"ListItem\",\"position\":2,\"name\":\"Boutique\",\"item\":\"https:\/\/cobraanchors.com\/fr\/boutique\/\"},{\"@type\":\"ListItem\",\"position\":3,\"name\":\"CobraTork &#8211; plaqu\u00e9 zinc\"}]},{\"@type\":\"WebSite\",\"@id\":\"https:\/\/cobraanchors.com\/fr\/#website\",\"url\":\"https:\/\/cobraanchors.com\/fr\/\",\"name\":\"Cobra Anchors\",\"description\":\"\",\"potentialAction\":[{\"@type\":\"SearchAction\",\"target\":{\"@type\":\"EntryPoint\",\"urlTemplate\":\"https:\/\/cobraanchors.com\/fr\/?s={search_term_string}\"},\"query-input\":{\"@type\":\"PropertyValueSpecification\",\"valueRequired\":true,\"valueName\":\"search_term_string\"}}],\"inLanguage\":\"fr-FR\"}]}<\/script>\n<!-- \/ Yoast SEO plugin. -->","yoast_head_json":{"title":"Cobra Anchors \u2013 D\u00e9couvrez le CobraTork plaqu\u00e9 zinc","description":"D\u00e9couvrez CobraTork Zinc \u2014 vis durables et r\u00e9sistantes \u00e0 la corrosion, pour un ancrage fiable et s\u00e9curis\u00e9 dans le b\u00e9ton, blocs ou ma\u00e7onnerie.","robots":{"index":"index","follow":"follow","max-snippet":"max-snippet:-1","max-image-preview":"max-image-preview:large","max-video-preview":"max-video-preview:-1"},"canonical":"https:\/\/cobraanchors.com\/fr\/produit\/cobratork-plaque-zinc\/","og_locale":"fr_FR","og_type":"article","og_title":"Cobra Anchors \u2013 D\u00e9couvrez le CobraTork plaqu\u00e9 zinc","og_description":"D\u00e9couvrez CobraTork Zinc \u2014 vis durables et r\u00e9sistantes \u00e0 la corrosion, pour un ancrage fiable et s\u00e9curis\u00e9 dans le b\u00e9ton, blocs ou ma\u00e7onnerie.","og_url":"https:\/\/cobraanchors.com\/fr\/produit\/cobratork-plaque-zinc\/","og_site_name":"Cobra Anchors","article_modified_time":"2025-12-04T20:30:25+00:00","og_image":[{"width":2500,"height":2500,"url":"https:\/\/cobraanchors.com\/wp-content\/uploads\/2025\/10\/CobraTork_Zinc_1_ENG.jpg","type":"image\/jpeg"}],"twitter_card":"summary_large_image","twitter_misc":{"Dur\u00e9e de lecture estim\u00e9e":"1 minute"},"schema":{"@context":"https:\/\/schema.org","@graph":[{"@type":"WebPage","@id":"https:\/\/cobraanchors.com\/fr\/produit\/cobratork-plaque-zinc\/","url":"https:\/\/cobraanchors.com\/fr\/produit\/cobratork-plaque-zinc\/","name":"Cobra Anchors \u2013 D\u00e9couvrez le CobraTork plaqu\u00e9 zinc","isPartOf":{"@id":"https:\/\/cobraanchors.com\/fr\/#website"},"primaryImageOfPage":{"@id":"https:\/\/cobraanchors.com\/fr\/produit\/cobratork-plaque-zinc\/#primaryimage"},"image":{"@id":"https:\/\/cobraanchors.com\/fr\/produit\/cobratork-plaque-zinc\/#primaryimage"},"thumbnailUrl":"https:\/\/cobraanchors.com\/wp-content\/uploads\/2025\/10\/CobraTork_Zinc_1_ENG.jpg","datePublished":"2025-11-25T22:47:03+00:00","dateModified":"2025-12-04T20:30:25+00:00","description":"D\u00e9couvrez CobraTork Zinc \u2014 vis durables et r\u00e9sistantes \u00e0 la corrosion, pour un ancrage fiable et s\u00e9curis\u00e9 dans le b\u00e9ton, blocs ou ma\u00e7onnerie.","breadcrumb":{"@id":"https:\/\/cobraanchors.com\/fr\/produit\/cobratork-plaque-zinc\/#breadcrumb"},"inLanguage":"fr-FR","potentialAction":[{"@type":"ReadAction","target":["https:\/\/cobraanchors.com\/fr\/produit\/cobratork-plaque-zinc\/"]}]},{"@type":"ImageObject","inLanguage":"fr-FR","@id":"https:\/\/cobraanchors.com\/fr\/produit\/cobratork-plaque-zinc\/#primaryimage","url":"https:\/\/cobraanchors.com\/wp-content\/uploads\/2025\/10\/CobraTork_Zinc_1_ENG.jpg","contentUrl":"https:\/\/cobraanchors.com\/wp-content\/uploads\/2025\/10\/CobraTork_Zinc_1_ENG.jpg","width":2500,"height":2500},{"@type":"BreadcrumbList","@id":"https:\/\/cobraanchors.com\/fr\/produit\/cobratork-plaque-zinc\/#breadcrumb","itemListElement":[{"@type":"ListItem","position":1,"name":"Home","item":"https:\/\/cobraanchors.com\/fr\/"},{"@type":"ListItem","position":2,"name":"Boutique","item":"https:\/\/cobraanchors.com\/fr\/boutique\/"},{"@type":"ListItem","position":3,"name":"CobraTork &#8211; plaqu\u00e9 zinc"}]},{"@type":"WebSite","@id":"https:\/\/cobraanchors.com\/fr\/#website","url":"https:\/\/cobraanchors.com\/fr\/","name":"Cobra Anchors","description":"","potentialAction":[{"@type":"SearchAction","target":{"@type":"EntryPoint","urlTemplate":"https:\/\/cobraanchors.com\/fr\/?s={search_term_string}"},"query-input":{"@type":"PropertyValueSpecification","valueRequired":true,"valueName":"search_term_string"}}],"inLanguage":"fr-FR"}]}},"_links":{"self":[{"href":"https:\/\/cobraanchors.com\/fr\/wp-json\/wp\/v2\/product\/5061","targetHints":{"allow":["GET"]}}],"collection":[{"href":"https:\/\/cobraanchors.com\/fr\/wp-json\/wp\/v2\/product"}],"about":[{"href":"https:\/\/cobraanchors.com\/fr\/wp-json\/wp\/v2\/types\/product"}],"wp:featuredmedia":[{"embeddable":true,"href":"https:\/\/cobraanchors.com\/fr\/wp-json\/wp\/v2\/media\/5930"}],"wp:attachment":[{"href":"https:\/\/cobraanchors.com\/fr\/wp-json\/wp\/v2\/media?parent=5061"}],"wp:term":[{"taxonomy":"diameter","embeddable":true,"href":"https:\/\/cobraanchors.com\/fr\/wp-json\/wp\/v2\/diameter?post=5061"},{"taxonomy":"installation-tool","embeddable":true,"href":"https:\/\/cobraanchors.com\/fr\/wp-json\/wp\/v2\/installation-tool?post=5061"},{"taxonomy":"length","embeddable":true,"href":"https:\/\/cobraanchors.com\/fr\/wp-json\/wp\/v2\/length?post=5061"},{"taxonomy":"mounting-surface","embeddable":true,"href":"https:\/\/cobraanchors.com\/fr\/wp-json\/wp\/v2\/mounting-surface?post=5061"},{"taxonomy":"quantity","embeddable":true,"href":"https:\/\/cobraanchors.com\/fr\/wp-json\/wp\/v2\/quantity?post=5061"},{"taxonomy":"use","embeddable":true,"href":"https:\/\/cobraanchors.com\/fr\/wp-json\/wp\/v2\/use?post=5061"},{"taxonomy":"product_brand","embeddable":true,"href":"https:\/\/cobraanchors.com\/fr\/wp-json\/wp\/v2\/product_brand?post=5061"},{"taxonomy":"product_cat","embeddable":true,"href":"https:\/\/cobraanchors.com\/fr\/wp-json\/wp\/v2\/product_cat?post=5061"},{"taxonomy":"product_tag","embeddable":true,"href":"https:\/\/cobraanchors.com\/fr\/wp-json\/wp\/v2\/product_tag?post=5061"}],"curies":[{"name":"wp","href":"https:\/\/api.w.org\/{rel}","templated":true}]}}