{"id":5064,"date":"2025-11-25T17:47:03","date_gmt":"2025-11-25T22:47:03","guid":{"rendered":"https:\/\/cobra.naracreative.com\/product\/ancrages-a-impact\/"},"modified":"2025-12-04T15:32:15","modified_gmt":"2025-12-04T20:32:15","slug":"ancrages-a-impact","status":"publish","type":"product","link":"https:\/\/cobraanchors.com\/fr\/produit\/ancrages-a-impact\/","title":{"rendered":"Ancrages \u00e0 impact"},"content":{"rendered":"<p>L\u2019ancrage \u00e0 impact s\u2019installe en deux \u00e9tapes et prend son expansion avec l\u2019aide d\u2019un outil de mise en place. L\u2019ancrage poss\u00e8de un filetage femelle interne qui accepte les tiges filet\u00e9es UNC courantes de 1\/4&Prime; \u00e0 3\/4&Prime; et s\u2019installe de fa\u00e7on affleurante \u00e0 la surface. Les diam\u00e8tres disponibles varient de 1\/4\u201d \u00e0 3\/4&Prime;. L\u2019ancrage \u00e0 impact est fait d\u2019acier robuste et requiert un outil de mise en place pour son installation.<\/p>\n","protected":false},"excerpt":{"rendered":"<p>L\u2019ancrage \u00e0 impact s\u2019installe en deux \u00e9tapes et prend son expansion avec l\u2019aide d\u2019un outil de mise en place. L\u2019ancrage poss\u00e8de un filetage femelle interne qui accepte les tiges filet\u00e9es UNC courantes de 1\/4&Prime; \u00e0 3\/4&Prime; et s\u2019installe de fa\u00e7on affleurante \u00e0 la surface. Les diam\u00e8tres disponibles varient de 1\/4\u201d \u00e0 3\/4&Prime;. L\u2019ancrage \u00e0 impact&hellip; <a class=\"more-link\" href=\"https:\/\/cobraanchors.com\/fr\/produit\/ancrages-a-impact\/\">Continue reading <span class=\"screen-reader-text\">Ancrages \u00e0 impact<\/span><\/a><\/p>\n","protected":false},"featured_media":6233,"template":"","meta":{"_acf_changed":false},"diameter":[],"installation-tool":[99,97,98],"length":[],"mounting-surface":[86],"quantity":[],"use":[],"product_brand":[],"product_cat":[47],"product_tag":[],"class_list":{"0":"post-5064","1":"product","2":"type-product","3":"status-publish","4":"has-post-thumbnail","6":"installation-tool-cle-a-molette","7":"installation-tool-masse","8":"installation-tool-perceuse","9":"mounting-surface-beton","10":"product_cat-maconnerie","11":"entry","13":"first","14":"instock","15":"product-type-simple"},"acf":[],"yoast_head":"<!-- This site is optimized with the Yoast SEO plugin v26.5 - https:\/\/yoast.com\/wordpress\/plugins\/seo\/ -->\n<title>Cobra Anchors \u2013 D\u00e9couvrez nos ancrages \u00e0 impact<\/title>\n<meta name=\"description\" content=\"D\u00e9couvrez les Ancrages \u00e0 impact Cobra \u2014 ancrages encastrables \u00e0 expansion interne, pour fixation s\u00fbre de boulons dans le b\u00e9ton.\" \/>\n<meta name=\"robots\" content=\"index, follow, max-snippet:-1, max-image-preview:large, max-video-preview:-1\" \/>\n<link rel=\"canonical\" href=\"https:\/\/cobraanchors.com\/fr\/produit\/ancrages-a-impact\/\" \/>\n<meta property=\"og:locale\" content=\"fr_FR\" \/>\n<meta property=\"og:type\" content=\"article\" \/>\n<meta property=\"og:title\" content=\"Cobra Anchors \u2013 D\u00e9couvrez nos ancrages \u00e0 impact\" \/>\n<meta property=\"og:description\" content=\"D\u00e9couvrez les Ancrages \u00e0 impact Cobra \u2014 ancrages encastrables \u00e0 expansion interne, pour fixation s\u00fbre de boulons dans le b\u00e9ton.\" \/>\n<meta property=\"og:url\" content=\"https:\/\/cobraanchors.com\/fr\/produit\/ancrages-a-impact\/\" \/>\n<meta property=\"og:site_name\" content=\"Cobra Anchors\" \/>\n<meta property=\"article:modified_time\" content=\"2025-12-04T20:32:15+00:00\" \/>\n<meta property=\"og:image\" content=\"https:\/\/cobraanchors.com\/wp-content\/uploads\/2025\/11\/DropInAnchors_1_FR.jpg\" \/>\n\t<meta property=\"og:image:width\" content=\"2500\" \/>\n\t<meta property=\"og:image:height\" content=\"2500\" \/>\n\t<meta property=\"og:image:type\" content=\"image\/jpeg\" \/>\n<meta name=\"twitter:card\" content=\"summary_large_image\" \/>\n<meta name=\"twitter:label1\" content=\"Dur\u00e9e de lecture estim\u00e9e\" \/>\n\t<meta name=\"twitter:data1\" content=\"1 minute\" \/>\n<script type=\"application\/ld+json\" class=\"yoast-schema-graph\">{\"@context\":\"https:\/\/schema.org\",\"@graph\":[{\"@type\":\"WebPage\",\"@id\":\"https:\/\/cobraanchors.com\/fr\/produit\/ancrages-a-impact\/\",\"url\":\"https:\/\/cobraanchors.com\/fr\/produit\/ancrages-a-impact\/\",\"name\":\"Cobra Anchors \u2013 D\u00e9couvrez nos ancrages \u00e0 impact\",\"isPartOf\":{\"@id\":\"https:\/\/cobraanchors.com\/fr\/#website\"},\"primaryImageOfPage\":{\"@id\":\"https:\/\/cobraanchors.com\/fr\/produit\/ancrages-a-impact\/#primaryimage\"},\"image\":{\"@id\":\"https:\/\/cobraanchors.com\/fr\/produit\/ancrages-a-impact\/#primaryimage\"},\"thumbnailUrl\":\"https:\/\/cobraanchors.com\/wp-content\/uploads\/2025\/11\/DropInAnchors_1_FR.jpg\",\"datePublished\":\"2025-11-25T22:47:03+00:00\",\"dateModified\":\"2025-12-04T20:32:15+00:00\",\"description\":\"D\u00e9couvrez les Ancrages \u00e0 impact Cobra \u2014 ancrages encastrables \u00e0 expansion interne, pour fixation s\u00fbre de boulons dans le b\u00e9ton.\",\"breadcrumb\":{\"@id\":\"https:\/\/cobraanchors.com\/fr\/produit\/ancrages-a-impact\/#breadcrumb\"},\"inLanguage\":\"fr-FR\",\"potentialAction\":[{\"@type\":\"ReadAction\",\"target\":[\"https:\/\/cobraanchors.com\/fr\/produit\/ancrages-a-impact\/\"]}]},{\"@type\":\"ImageObject\",\"inLanguage\":\"fr-FR\",\"@id\":\"https:\/\/cobraanchors.com\/fr\/produit\/ancrages-a-impact\/#primaryimage\",\"url\":\"https:\/\/cobraanchors.com\/wp-content\/uploads\/2025\/11\/DropInAnchors_1_FR.jpg\",\"contentUrl\":\"https:\/\/cobraanchors.com\/wp-content\/uploads\/2025\/11\/DropInAnchors_1_FR.jpg\",\"width\":2500,\"height\":2500},{\"@type\":\"BreadcrumbList\",\"@id\":\"https:\/\/cobraanchors.com\/fr\/produit\/ancrages-a-impact\/#breadcrumb\",\"itemListElement\":[{\"@type\":\"ListItem\",\"position\":1,\"name\":\"Home\",\"item\":\"https:\/\/cobraanchors.com\/fr\/\"},{\"@type\":\"ListItem\",\"position\":2,\"name\":\"Boutique\",\"item\":\"https:\/\/cobraanchors.com\/fr\/boutique\/\"},{\"@type\":\"ListItem\",\"position\":3,\"name\":\"Ancrages \u00e0 impact\"}]},{\"@type\":\"WebSite\",\"@id\":\"https:\/\/cobraanchors.com\/fr\/#website\",\"url\":\"https:\/\/cobraanchors.com\/fr\/\",\"name\":\"Cobra Anchors\",\"description\":\"\",\"potentialAction\":[{\"@type\":\"SearchAction\",\"target\":{\"@type\":\"EntryPoint\",\"urlTemplate\":\"https:\/\/cobraanchors.com\/fr\/?s={search_term_string}\"},\"query-input\":{\"@type\":\"PropertyValueSpecification\",\"valueRequired\":true,\"valueName\":\"search_term_string\"}}],\"inLanguage\":\"fr-FR\"}]}<\/script>\n<!-- \/ Yoast SEO plugin. -->","yoast_head_json":{"title":"Cobra Anchors \u2013 D\u00e9couvrez nos ancrages \u00e0 impact","description":"D\u00e9couvrez les Ancrages \u00e0 impact Cobra \u2014 ancrages encastrables \u00e0 expansion interne, pour fixation s\u00fbre de boulons dans le b\u00e9ton.","robots":{"index":"index","follow":"follow","max-snippet":"max-snippet:-1","max-image-preview":"max-image-preview:large","max-video-preview":"max-video-preview:-1"},"canonical":"https:\/\/cobraanchors.com\/fr\/produit\/ancrages-a-impact\/","og_locale":"fr_FR","og_type":"article","og_title":"Cobra Anchors \u2013 D\u00e9couvrez nos ancrages \u00e0 impact","og_description":"D\u00e9couvrez les Ancrages \u00e0 impact Cobra \u2014 ancrages encastrables \u00e0 expansion interne, pour fixation s\u00fbre de boulons dans le b\u00e9ton.","og_url":"https:\/\/cobraanchors.com\/fr\/produit\/ancrages-a-impact\/","og_site_name":"Cobra Anchors","article_modified_time":"2025-12-04T20:32:15+00:00","og_image":[{"width":2500,"height":2500,"url":"https:\/\/cobraanchors.com\/wp-content\/uploads\/2025\/11\/DropInAnchors_1_FR.jpg","type":"image\/jpeg"}],"twitter_card":"summary_large_image","twitter_misc":{"Dur\u00e9e de lecture estim\u00e9e":"1 minute"},"schema":{"@context":"https:\/\/schema.org","@graph":[{"@type":"WebPage","@id":"https:\/\/cobraanchors.com\/fr\/produit\/ancrages-a-impact\/","url":"https:\/\/cobraanchors.com\/fr\/produit\/ancrages-a-impact\/","name":"Cobra Anchors \u2013 D\u00e9couvrez nos ancrages \u00e0 impact","isPartOf":{"@id":"https:\/\/cobraanchors.com\/fr\/#website"},"primaryImageOfPage":{"@id":"https:\/\/cobraanchors.com\/fr\/produit\/ancrages-a-impact\/#primaryimage"},"image":{"@id":"https:\/\/cobraanchors.com\/fr\/produit\/ancrages-a-impact\/#primaryimage"},"thumbnailUrl":"https:\/\/cobraanchors.com\/wp-content\/uploads\/2025\/11\/DropInAnchors_1_FR.jpg","datePublished":"2025-11-25T22:47:03+00:00","dateModified":"2025-12-04T20:32:15+00:00","description":"D\u00e9couvrez les Ancrages \u00e0 impact Cobra \u2014 ancrages encastrables \u00e0 expansion interne, pour fixation s\u00fbre de boulons dans le b\u00e9ton.","breadcrumb":{"@id":"https:\/\/cobraanchors.com\/fr\/produit\/ancrages-a-impact\/#breadcrumb"},"inLanguage":"fr-FR","potentialAction":[{"@type":"ReadAction","target":["https:\/\/cobraanchors.com\/fr\/produit\/ancrages-a-impact\/"]}]},{"@type":"ImageObject","inLanguage":"fr-FR","@id":"https:\/\/cobraanchors.com\/fr\/produit\/ancrages-a-impact\/#primaryimage","url":"https:\/\/cobraanchors.com\/wp-content\/uploads\/2025\/11\/DropInAnchors_1_FR.jpg","contentUrl":"https:\/\/cobraanchors.com\/wp-content\/uploads\/2025\/11\/DropInAnchors_1_FR.jpg","width":2500,"height":2500},{"@type":"BreadcrumbList","@id":"https:\/\/cobraanchors.com\/fr\/produit\/ancrages-a-impact\/#breadcrumb","itemListElement":[{"@type":"ListItem","position":1,"name":"Home","item":"https:\/\/cobraanchors.com\/fr\/"},{"@type":"ListItem","position":2,"name":"Boutique","item":"https:\/\/cobraanchors.com\/fr\/boutique\/"},{"@type":"ListItem","position":3,"name":"Ancrages \u00e0 impact"}]},{"@type":"WebSite","@id":"https:\/\/cobraanchors.com\/fr\/#website","url":"https:\/\/cobraanchors.com\/fr\/","name":"Cobra Anchors","description":"","potentialAction":[{"@type":"SearchAction","target":{"@type":"EntryPoint","urlTemplate":"https:\/\/cobraanchors.com\/fr\/?s={search_term_string}"},"query-input":{"@type":"PropertyValueSpecification","valueRequired":true,"valueName":"search_term_string"}}],"inLanguage":"fr-FR"}]}},"_links":{"self":[{"href":"https:\/\/cobraanchors.com\/fr\/wp-json\/wp\/v2\/product\/5064","targetHints":{"allow":["GET"]}}],"collection":[{"href":"https:\/\/cobraanchors.com\/fr\/wp-json\/wp\/v2\/product"}],"about":[{"href":"https:\/\/cobraanchors.com\/fr\/wp-json\/wp\/v2\/types\/product"}],"wp:featuredmedia":[{"embeddable":true,"href":"https:\/\/cobraanchors.com\/fr\/wp-json\/wp\/v2\/media\/6233"}],"wp:attachment":[{"href":"https:\/\/cobraanchors.com\/fr\/wp-json\/wp\/v2\/media?parent=5064"}],"wp:term":[{"taxonomy":"diameter","embeddable":true,"href":"https:\/\/cobraanchors.com\/fr\/wp-json\/wp\/v2\/diameter?post=5064"},{"taxonomy":"installation-tool","embeddable":true,"href":"https:\/\/cobraanchors.com\/fr\/wp-json\/wp\/v2\/installation-tool?post=5064"},{"taxonomy":"length","embeddable":true,"href":"https:\/\/cobraanchors.com\/fr\/wp-json\/wp\/v2\/length?post=5064"},{"taxonomy":"mounting-surface","embeddable":true,"href":"https:\/\/cobraanchors.com\/fr\/wp-json\/wp\/v2\/mounting-surface?post=5064"},{"taxonomy":"quantity","embeddable":true,"href":"https:\/\/cobraanchors.com\/fr\/wp-json\/wp\/v2\/quantity?post=5064"},{"taxonomy":"use","embeddable":true,"href":"https:\/\/cobraanchors.com\/fr\/wp-json\/wp\/v2\/use?post=5064"},{"taxonomy":"product_brand","embeddable":true,"href":"https:\/\/cobraanchors.com\/fr\/wp-json\/wp\/v2\/product_brand?post=5064"},{"taxonomy":"product_cat","embeddable":true,"href":"https:\/\/cobraanchors.com\/fr\/wp-json\/wp\/v2\/product_cat?post=5064"},{"taxonomy":"product_tag","embeddable":true,"href":"https:\/\/cobraanchors.com\/fr\/wp-json\/wp\/v2\/product_tag?post=5064"}],"curies":[{"name":"wp","href":"https:\/\/api.w.org\/{rel}","templated":true}]}}