{"id":5066,"date":"2025-11-25T17:47:03","date_gmt":"2025-11-25T22:47:03","guid":{"rendered":"https:\/\/cobra.naracreative.com\/product\/fixation-a-impact\/"},"modified":"2025-12-04T15:42:54","modified_gmt":"2025-12-04T20:42:54","slug":"fixation-a-impact","status":"publish","type":"product","link":"https:\/\/cobraanchors.com\/fr\/produit\/fixation-a-impact\/","title":{"rendered":"Fixation \u00e0 impact"},"content":{"rendered":"<p>La fixation \u00e0 impact pour mur creux est enti\u00e8rement fabriqu\u00e9e en acier et r\u00e9siste aux vibrations. Elle ne requiert pas de pr\u00e9per\u00e7age, il suffit de l\u2019enfoncer avec un marteau. La t\u00eate de la vis s\u2019adapte \u00e0 trois types de pointes de tournevis : Philips\/Plate. Pour plus de r\u00e9sistance et de facilit\u00e9 d\u2019utilisation, essayez l\u2019ancrage autoforeur WallGripper\u00ae de Cobra.<\/p>\n","protected":false},"excerpt":{"rendered":"<p>La fixation \u00e0 impact pour mur creux est enti\u00e8rement fabriqu\u00e9e en acier et r\u00e9siste aux vibrations. Elle ne requiert pas de pr\u00e9per\u00e7age, il suffit de l\u2019enfoncer avec un marteau. La t\u00eate de la vis s\u2019adapte \u00e0 trois types de pointes de tournevis : Philips\/Plate. Pour plus de r\u00e9sistance et de facilit\u00e9 d\u2019utilisation, essayez l\u2019ancrage autoforeur&hellip; <a class=\"more-link\" href=\"https:\/\/cobraanchors.com\/fr\/produit\/fixation-a-impact\/\">Continue reading <span class=\"screen-reader-text\">Fixation \u00e0 impact<\/span><\/a><\/p>\n","protected":false},"featured_media":6322,"template":"","meta":{"_acf_changed":false},"diameter":[],"installation-tool":[97,100],"length":[],"mounting-surface":[87,88,89],"quantity":[],"use":[],"product_brand":[],"product_cat":[82],"product_tag":[],"class_list":{"0":"post-5066","1":"product","2":"type-product","3":"status-publish","4":"has-post-thumbnail","6":"installation-tool-masse","7":"installation-tool-tournevis","8":"mounting-surface-plaque-de-platre-1-2","9":"mounting-surface-plaque-de-platre-3-8","10":"mounting-surface-plaque-de-platre-5-8","11":"product_cat-mur-creux","12":"entry","14":"first","15":"instock","16":"product-type-simple"},"acf":[],"yoast_head":"<!-- This site is optimized with the Yoast SEO plugin v26.5 - https:\/\/yoast.com\/wordpress\/plugins\/seo\/ -->\n<title>Cobra Anchors \u2013 D\u00e9couvrez notre fixation \u00e0 impact<\/title>\n<meta name=\"description\" content=\"D\u00e9couvrez les fixations \u00e0 impact Cobra \u2014 chevilles faciles \u00e0 poser pour murs creux, offrant fixation solide et s\u00e9curis\u00e9e sur plaques ou pl\u00e2tre.\" \/>\n<meta name=\"robots\" content=\"index, follow, max-snippet:-1, max-image-preview:large, max-video-preview:-1\" \/>\n<link rel=\"canonical\" href=\"https:\/\/cobraanchors.com\/fr\/produit\/fixation-a-impact\/\" \/>\n<meta property=\"og:locale\" content=\"fr_FR\" \/>\n<meta property=\"og:type\" content=\"article\" \/>\n<meta property=\"og:title\" content=\"Cobra Anchors \u2013 D\u00e9couvrez notre fixation \u00e0 impact\" \/>\n<meta property=\"og:description\" content=\"D\u00e9couvrez les fixations \u00e0 impact Cobra \u2014 chevilles faciles \u00e0 poser pour murs creux, offrant fixation solide et s\u00e9curis\u00e9e sur plaques ou pl\u00e2tre.\" \/>\n<meta property=\"og:url\" content=\"https:\/\/cobraanchors.com\/fr\/produit\/fixation-a-impact\/\" \/>\n<meta property=\"og:site_name\" content=\"Cobra Anchors\" \/>\n<meta property=\"article:modified_time\" content=\"2025-12-04T20:42:54+00:00\" \/>\n<meta property=\"og:image\" content=\"https:\/\/cobraanchors.com\/wp-content\/uploads\/2025\/11\/HollowWallDriveAnchors_1_FR-scaled.jpg\" \/>\n\t<meta property=\"og:image:width\" content=\"2560\" \/>\n\t<meta property=\"og:image:height\" content=\"2560\" \/>\n\t<meta property=\"og:image:type\" content=\"image\/jpeg\" \/>\n<meta name=\"twitter:card\" content=\"summary_large_image\" \/>\n<meta name=\"twitter:label1\" content=\"Dur\u00e9e de lecture estim\u00e9e\" \/>\n\t<meta name=\"twitter:data1\" content=\"1 minute\" \/>\n<script type=\"application\/ld+json\" class=\"yoast-schema-graph\">{\"@context\":\"https:\/\/schema.org\",\"@graph\":[{\"@type\":\"WebPage\",\"@id\":\"https:\/\/cobraanchors.com\/fr\/produit\/fixation-a-impact\/\",\"url\":\"https:\/\/cobraanchors.com\/fr\/produit\/fixation-a-impact\/\",\"name\":\"Cobra Anchors \u2013 D\u00e9couvrez notre fixation \u00e0 impact\",\"isPartOf\":{\"@id\":\"https:\/\/cobraanchors.com\/fr\/#website\"},\"primaryImageOfPage\":{\"@id\":\"https:\/\/cobraanchors.com\/fr\/produit\/fixation-a-impact\/#primaryimage\"},\"image\":{\"@id\":\"https:\/\/cobraanchors.com\/fr\/produit\/fixation-a-impact\/#primaryimage\"},\"thumbnailUrl\":\"https:\/\/cobraanchors.com\/wp-content\/uploads\/2025\/11\/HollowWallDriveAnchors_1_FR-scaled.jpg\",\"datePublished\":\"2025-11-25T22:47:03+00:00\",\"dateModified\":\"2025-12-04T20:42:54+00:00\",\"description\":\"D\u00e9couvrez les fixations \u00e0 impact Cobra \u2014 chevilles faciles \u00e0 poser pour murs creux, offrant fixation solide et s\u00e9curis\u00e9e sur plaques ou pl\u00e2tre.\",\"breadcrumb\":{\"@id\":\"https:\/\/cobraanchors.com\/fr\/produit\/fixation-a-impact\/#breadcrumb\"},\"inLanguage\":\"fr-FR\",\"potentialAction\":[{\"@type\":\"ReadAction\",\"target\":[\"https:\/\/cobraanchors.com\/fr\/produit\/fixation-a-impact\/\"]}]},{\"@type\":\"ImageObject\",\"inLanguage\":\"fr-FR\",\"@id\":\"https:\/\/cobraanchors.com\/fr\/produit\/fixation-a-impact\/#primaryimage\",\"url\":\"https:\/\/cobraanchors.com\/wp-content\/uploads\/2025\/11\/HollowWallDriveAnchors_1_FR-scaled.jpg\",\"contentUrl\":\"https:\/\/cobraanchors.com\/wp-content\/uploads\/2025\/11\/HollowWallDriveAnchors_1_FR-scaled.jpg\",\"width\":2560,\"height\":2560},{\"@type\":\"BreadcrumbList\",\"@id\":\"https:\/\/cobraanchors.com\/fr\/produit\/fixation-a-impact\/#breadcrumb\",\"itemListElement\":[{\"@type\":\"ListItem\",\"position\":1,\"name\":\"Home\",\"item\":\"https:\/\/cobraanchors.com\/fr\/\"},{\"@type\":\"ListItem\",\"position\":2,\"name\":\"Boutique\",\"item\":\"https:\/\/cobraanchors.com\/fr\/boutique\/\"},{\"@type\":\"ListItem\",\"position\":3,\"name\":\"Fixation \u00e0 impact\"}]},{\"@type\":\"WebSite\",\"@id\":\"https:\/\/cobraanchors.com\/fr\/#website\",\"url\":\"https:\/\/cobraanchors.com\/fr\/\",\"name\":\"Cobra Anchors\",\"description\":\"\",\"potentialAction\":[{\"@type\":\"SearchAction\",\"target\":{\"@type\":\"EntryPoint\",\"urlTemplate\":\"https:\/\/cobraanchors.com\/fr\/?s={search_term_string}\"},\"query-input\":{\"@type\":\"PropertyValueSpecification\",\"valueRequired\":true,\"valueName\":\"search_term_string\"}}],\"inLanguage\":\"fr-FR\"}]}<\/script>\n<!-- \/ Yoast SEO plugin. -->","yoast_head_json":{"title":"Cobra Anchors \u2013 D\u00e9couvrez notre fixation \u00e0 impact","description":"D\u00e9couvrez les fixations \u00e0 impact Cobra \u2014 chevilles faciles \u00e0 poser pour murs creux, offrant fixation solide et s\u00e9curis\u00e9e sur plaques ou pl\u00e2tre.","robots":{"index":"index","follow":"follow","max-snippet":"max-snippet:-1","max-image-preview":"max-image-preview:large","max-video-preview":"max-video-preview:-1"},"canonical":"https:\/\/cobraanchors.com\/fr\/produit\/fixation-a-impact\/","og_locale":"fr_FR","og_type":"article","og_title":"Cobra Anchors \u2013 D\u00e9couvrez notre fixation \u00e0 impact","og_description":"D\u00e9couvrez les fixations \u00e0 impact Cobra \u2014 chevilles faciles \u00e0 poser pour murs creux, offrant fixation solide et s\u00e9curis\u00e9e sur plaques ou pl\u00e2tre.","og_url":"https:\/\/cobraanchors.com\/fr\/produit\/fixation-a-impact\/","og_site_name":"Cobra Anchors","article_modified_time":"2025-12-04T20:42:54+00:00","og_image":[{"width":2560,"height":2560,"url":"https:\/\/cobraanchors.com\/wp-content\/uploads\/2025\/11\/HollowWallDriveAnchors_1_FR-scaled.jpg","type":"image\/jpeg"}],"twitter_card":"summary_large_image","twitter_misc":{"Dur\u00e9e de lecture estim\u00e9e":"1 minute"},"schema":{"@context":"https:\/\/schema.org","@graph":[{"@type":"WebPage","@id":"https:\/\/cobraanchors.com\/fr\/produit\/fixation-a-impact\/","url":"https:\/\/cobraanchors.com\/fr\/produit\/fixation-a-impact\/","name":"Cobra Anchors \u2013 D\u00e9couvrez notre fixation \u00e0 impact","isPartOf":{"@id":"https:\/\/cobraanchors.com\/fr\/#website"},"primaryImageOfPage":{"@id":"https:\/\/cobraanchors.com\/fr\/produit\/fixation-a-impact\/#primaryimage"},"image":{"@id":"https:\/\/cobraanchors.com\/fr\/produit\/fixation-a-impact\/#primaryimage"},"thumbnailUrl":"https:\/\/cobraanchors.com\/wp-content\/uploads\/2025\/11\/HollowWallDriveAnchors_1_FR-scaled.jpg","datePublished":"2025-11-25T22:47:03+00:00","dateModified":"2025-12-04T20:42:54+00:00","description":"D\u00e9couvrez les fixations \u00e0 impact Cobra \u2014 chevilles faciles \u00e0 poser pour murs creux, offrant fixation solide et s\u00e9curis\u00e9e sur plaques ou pl\u00e2tre.","breadcrumb":{"@id":"https:\/\/cobraanchors.com\/fr\/produit\/fixation-a-impact\/#breadcrumb"},"inLanguage":"fr-FR","potentialAction":[{"@type":"ReadAction","target":["https:\/\/cobraanchors.com\/fr\/produit\/fixation-a-impact\/"]}]},{"@type":"ImageObject","inLanguage":"fr-FR","@id":"https:\/\/cobraanchors.com\/fr\/produit\/fixation-a-impact\/#primaryimage","url":"https:\/\/cobraanchors.com\/wp-content\/uploads\/2025\/11\/HollowWallDriveAnchors_1_FR-scaled.jpg","contentUrl":"https:\/\/cobraanchors.com\/wp-content\/uploads\/2025\/11\/HollowWallDriveAnchors_1_FR-scaled.jpg","width":2560,"height":2560},{"@type":"BreadcrumbList","@id":"https:\/\/cobraanchors.com\/fr\/produit\/fixation-a-impact\/#breadcrumb","itemListElement":[{"@type":"ListItem","position":1,"name":"Home","item":"https:\/\/cobraanchors.com\/fr\/"},{"@type":"ListItem","position":2,"name":"Boutique","item":"https:\/\/cobraanchors.com\/fr\/boutique\/"},{"@type":"ListItem","position":3,"name":"Fixation \u00e0 impact"}]},{"@type":"WebSite","@id":"https:\/\/cobraanchors.com\/fr\/#website","url":"https:\/\/cobraanchors.com\/fr\/","name":"Cobra Anchors","description":"","potentialAction":[{"@type":"SearchAction","target":{"@type":"EntryPoint","urlTemplate":"https:\/\/cobraanchors.com\/fr\/?s={search_term_string}"},"query-input":{"@type":"PropertyValueSpecification","valueRequired":true,"valueName":"search_term_string"}}],"inLanguage":"fr-FR"}]}},"_links":{"self":[{"href":"https:\/\/cobraanchors.com\/fr\/wp-json\/wp\/v2\/product\/5066","targetHints":{"allow":["GET"]}}],"collection":[{"href":"https:\/\/cobraanchors.com\/fr\/wp-json\/wp\/v2\/product"}],"about":[{"href":"https:\/\/cobraanchors.com\/fr\/wp-json\/wp\/v2\/types\/product"}],"wp:featuredmedia":[{"embeddable":true,"href":"https:\/\/cobraanchors.com\/fr\/wp-json\/wp\/v2\/media\/6322"}],"wp:attachment":[{"href":"https:\/\/cobraanchors.com\/fr\/wp-json\/wp\/v2\/media?parent=5066"}],"wp:term":[{"taxonomy":"diameter","embeddable":true,"href":"https:\/\/cobraanchors.com\/fr\/wp-json\/wp\/v2\/diameter?post=5066"},{"taxonomy":"installation-tool","embeddable":true,"href":"https:\/\/cobraanchors.com\/fr\/wp-json\/wp\/v2\/installation-tool?post=5066"},{"taxonomy":"length","embeddable":true,"href":"https:\/\/cobraanchors.com\/fr\/wp-json\/wp\/v2\/length?post=5066"},{"taxonomy":"mounting-surface","embeddable":true,"href":"https:\/\/cobraanchors.com\/fr\/wp-json\/wp\/v2\/mounting-surface?post=5066"},{"taxonomy":"quantity","embeddable":true,"href":"https:\/\/cobraanchors.com\/fr\/wp-json\/wp\/v2\/quantity?post=5066"},{"taxonomy":"use","embeddable":true,"href":"https:\/\/cobraanchors.com\/fr\/wp-json\/wp\/v2\/use?post=5066"},{"taxonomy":"product_brand","embeddable":true,"href":"https:\/\/cobraanchors.com\/fr\/wp-json\/wp\/v2\/product_brand?post=5066"},{"taxonomy":"product_cat","embeddable":true,"href":"https:\/\/cobraanchors.com\/fr\/wp-json\/wp\/v2\/product_cat?post=5066"},{"taxonomy":"product_tag","embeddable":true,"href":"https:\/\/cobraanchors.com\/fr\/wp-json\/wp\/v2\/product_tag?post=5066"}],"curies":[{"name":"wp","href":"https:\/\/api.w.org\/{rel}","templated":true}]}}