{"id":5069,"date":"2025-11-25T17:47:03","date_gmt":"2025-11-25T22:47:03","guid":{"rendered":"https:\/\/cobra.naracreative.com\/product\/chevilles-en-nylon\/"},"modified":"2025-12-10T08:40:39","modified_gmt":"2025-12-10T13:40:39","slug":"chevilles-en-nylon","status":"publish","type":"product","link":"https:\/\/cobraanchors.com\/fr\/produit\/chevilles-en-nylon\/","title":{"rendered":"Chevilles en nylon"},"content":{"rendered":"<p>La cheville en nylon est faite de nylon renforc\u00e9 et poss\u00e8de des ailettes qui s\u2019ouvrent derri\u00e8re le gypse. Disponible en diam\u00e8tre de 1\/4&Prime; et en trois longueurs, courtes (S), moyennes (M) et longues (L). Pour un produit de remplacement plus performant, essayez le TripleGrip\u00ae de Cobra.<\/p>\n","protected":false},"excerpt":{"rendered":"<p>La cheville en nylon est faite de nylon renforc\u00e9 et poss\u00e8de des ailettes qui s\u2019ouvrent derri\u00e8re le gypse. Disponible en diam\u00e8tre de 1\/4&Prime; et en trois longueurs, courtes (S), moyennes (M) et longues (L). Pour un produit de remplacement plus performant, essayez le TripleGrip\u00ae de Cobra.<\/p>\n","protected":false},"featured_media":18947,"template":"","meta":{"_acf_changed":false},"diameter":[],"installation-tool":[98,100],"length":[],"mounting-surface":[90,85,95,91,93,92,87,88,89],"quantity":[],"use":[],"product_brand":[],"product_cat":[83],"product_tag":[],"class_list":{"0":"post-5069","1":"product","2":"type-product","3":"status-publish","4":"has-post-thumbnail","6":"installation-tool-perceuse","7":"installation-tool-tournevis","8":"mounting-surface-bloc-creux","9":"mounting-surface-brique","10":"mounting-surface-carrelage","11":"mounting-surface-lambris","12":"mounting-surface-panneau-perfore","13":"mounting-surface-parpaing","14":"mounting-surface-plaque-de-platre-1-2","15":"mounting-surface-plaque-de-platre-3-8","16":"mounting-surface-plaque-de-platre-5-8","17":"product_cat-multi-usages","18":"entry","20":"first","21":"instock","22":"product-type-simple"},"acf":[],"yoast_head":"<!-- This site is optimized with the Yoast SEO plugin v26.5 - https:\/\/yoast.com\/wordpress\/plugins\/seo\/ -->\n<title>Cobra Anchors \u2013 D\u00e9couvrez les chevilles en nylon<\/title>\n<meta name=\"description\" content=\"D\u00e9couvrez les chevilles en nylon Cobra \u2014 ancrages solides et faciles \u00e0 poser pour murs creux, parfaits pour accrocher objets l\u00e9gers \u00e0 moyens.\" \/>\n<meta name=\"robots\" content=\"index, follow, max-snippet:-1, max-image-preview:large, max-video-preview:-1\" \/>\n<link rel=\"canonical\" href=\"https:\/\/cobraanchors.com\/fr\/produit\/chevilles-en-nylon\/\" \/>\n<meta property=\"og:locale\" content=\"fr_FR\" \/>\n<meta property=\"og:type\" content=\"article\" \/>\n<meta property=\"og:title\" content=\"Cobra Anchors \u2013 D\u00e9couvrez les chevilles en nylon\" \/>\n<meta property=\"og:description\" content=\"D\u00e9couvrez les chevilles en nylon Cobra \u2014 ancrages solides et faciles \u00e0 poser pour murs creux, parfaits pour accrocher objets l\u00e9gers \u00e0 moyens.\" \/>\n<meta property=\"og:url\" content=\"https:\/\/cobraanchors.com\/fr\/produit\/chevilles-en-nylon\/\" \/>\n<meta property=\"og:site_name\" content=\"Cobra Anchors\" \/>\n<meta property=\"article:modified_time\" content=\"2025-12-10T13:40:39+00:00\" \/>\n<meta property=\"og:image\" content=\"https:\/\/cobraanchors.com\/wp-content\/uploads\/2025\/11\/Cheville_en_nylon.jpg\" \/>\n\t<meta property=\"og:image:width\" content=\"2500\" \/>\n\t<meta property=\"og:image:height\" content=\"2500\" \/>\n\t<meta property=\"og:image:type\" content=\"image\/jpeg\" \/>\n<meta name=\"twitter:card\" content=\"summary_large_image\" \/>\n<meta name=\"twitter:label1\" content=\"Dur\u00e9e de lecture estim\u00e9e\" \/>\n\t<meta name=\"twitter:data1\" content=\"1 minute\" \/>\n<script type=\"application\/ld+json\" class=\"yoast-schema-graph\">{\"@context\":\"https:\/\/schema.org\",\"@graph\":[{\"@type\":\"WebPage\",\"@id\":\"https:\/\/cobraanchors.com\/fr\/produit\/chevilles-en-nylon\/\",\"url\":\"https:\/\/cobraanchors.com\/fr\/produit\/chevilles-en-nylon\/\",\"name\":\"Cobra Anchors \u2013 D\u00e9couvrez les chevilles en nylon\",\"isPartOf\":{\"@id\":\"https:\/\/cobraanchors.com\/fr\/#website\"},\"primaryImageOfPage\":{\"@id\":\"https:\/\/cobraanchors.com\/fr\/produit\/chevilles-en-nylon\/#primaryimage\"},\"image\":{\"@id\":\"https:\/\/cobraanchors.com\/fr\/produit\/chevilles-en-nylon\/#primaryimage\"},\"thumbnailUrl\":\"https:\/\/cobraanchors.com\/wp-content\/uploads\/2025\/11\/Cheville_en_nylon.jpg\",\"datePublished\":\"2025-11-25T22:47:03+00:00\",\"dateModified\":\"2025-12-10T13:40:39+00:00\",\"description\":\"D\u00e9couvrez les chevilles en nylon Cobra \u2014 ancrages solides et faciles \u00e0 poser pour murs creux, parfaits pour accrocher objets l\u00e9gers \u00e0 moyens.\",\"breadcrumb\":{\"@id\":\"https:\/\/cobraanchors.com\/fr\/produit\/chevilles-en-nylon\/#breadcrumb\"},\"inLanguage\":\"fr-FR\",\"potentialAction\":[{\"@type\":\"ReadAction\",\"target\":[\"https:\/\/cobraanchors.com\/fr\/produit\/chevilles-en-nylon\/\"]}]},{\"@type\":\"ImageObject\",\"inLanguage\":\"fr-FR\",\"@id\":\"https:\/\/cobraanchors.com\/fr\/produit\/chevilles-en-nylon\/#primaryimage\",\"url\":\"https:\/\/cobraanchors.com\/wp-content\/uploads\/2025\/11\/Cheville_en_nylon.jpg\",\"contentUrl\":\"https:\/\/cobraanchors.com\/wp-content\/uploads\/2025\/11\/Cheville_en_nylon.jpg\",\"width\":2500,\"height\":2500},{\"@type\":\"BreadcrumbList\",\"@id\":\"https:\/\/cobraanchors.com\/fr\/produit\/chevilles-en-nylon\/#breadcrumb\",\"itemListElement\":[{\"@type\":\"ListItem\",\"position\":1,\"name\":\"Home\",\"item\":\"https:\/\/cobraanchors.com\/fr\/\"},{\"@type\":\"ListItem\",\"position\":2,\"name\":\"Boutique\",\"item\":\"https:\/\/cobraanchors.com\/fr\/boutique\/\"},{\"@type\":\"ListItem\",\"position\":3,\"name\":\"Chevilles en nylon\"}]},{\"@type\":\"WebSite\",\"@id\":\"https:\/\/cobraanchors.com\/fr\/#website\",\"url\":\"https:\/\/cobraanchors.com\/fr\/\",\"name\":\"Cobra Anchors\",\"description\":\"\",\"potentialAction\":[{\"@type\":\"SearchAction\",\"target\":{\"@type\":\"EntryPoint\",\"urlTemplate\":\"https:\/\/cobraanchors.com\/fr\/?s={search_term_string}\"},\"query-input\":{\"@type\":\"PropertyValueSpecification\",\"valueRequired\":true,\"valueName\":\"search_term_string\"}}],\"inLanguage\":\"fr-FR\"}]}<\/script>\n<!-- \/ Yoast SEO plugin. -->","yoast_head_json":{"title":"Cobra Anchors \u2013 D\u00e9couvrez les chevilles en nylon","description":"D\u00e9couvrez les chevilles en nylon Cobra \u2014 ancrages solides et faciles \u00e0 poser pour murs creux, parfaits pour accrocher objets l\u00e9gers \u00e0 moyens.","robots":{"index":"index","follow":"follow","max-snippet":"max-snippet:-1","max-image-preview":"max-image-preview:large","max-video-preview":"max-video-preview:-1"},"canonical":"https:\/\/cobraanchors.com\/fr\/produit\/chevilles-en-nylon\/","og_locale":"fr_FR","og_type":"article","og_title":"Cobra Anchors \u2013 D\u00e9couvrez les chevilles en nylon","og_description":"D\u00e9couvrez les chevilles en nylon Cobra \u2014 ancrages solides et faciles \u00e0 poser pour murs creux, parfaits pour accrocher objets l\u00e9gers \u00e0 moyens.","og_url":"https:\/\/cobraanchors.com\/fr\/produit\/chevilles-en-nylon\/","og_site_name":"Cobra Anchors","article_modified_time":"2025-12-10T13:40:39+00:00","og_image":[{"width":2500,"height":2500,"url":"https:\/\/cobraanchors.com\/wp-content\/uploads\/2025\/11\/Cheville_en_nylon.jpg","type":"image\/jpeg"}],"twitter_card":"summary_large_image","twitter_misc":{"Dur\u00e9e de lecture estim\u00e9e":"1 minute"},"schema":{"@context":"https:\/\/schema.org","@graph":[{"@type":"WebPage","@id":"https:\/\/cobraanchors.com\/fr\/produit\/chevilles-en-nylon\/","url":"https:\/\/cobraanchors.com\/fr\/produit\/chevilles-en-nylon\/","name":"Cobra Anchors \u2013 D\u00e9couvrez les chevilles en nylon","isPartOf":{"@id":"https:\/\/cobraanchors.com\/fr\/#website"},"primaryImageOfPage":{"@id":"https:\/\/cobraanchors.com\/fr\/produit\/chevilles-en-nylon\/#primaryimage"},"image":{"@id":"https:\/\/cobraanchors.com\/fr\/produit\/chevilles-en-nylon\/#primaryimage"},"thumbnailUrl":"https:\/\/cobraanchors.com\/wp-content\/uploads\/2025\/11\/Cheville_en_nylon.jpg","datePublished":"2025-11-25T22:47:03+00:00","dateModified":"2025-12-10T13:40:39+00:00","description":"D\u00e9couvrez les chevilles en nylon Cobra \u2014 ancrages solides et faciles \u00e0 poser pour murs creux, parfaits pour accrocher objets l\u00e9gers \u00e0 moyens.","breadcrumb":{"@id":"https:\/\/cobraanchors.com\/fr\/produit\/chevilles-en-nylon\/#breadcrumb"},"inLanguage":"fr-FR","potentialAction":[{"@type":"ReadAction","target":["https:\/\/cobraanchors.com\/fr\/produit\/chevilles-en-nylon\/"]}]},{"@type":"ImageObject","inLanguage":"fr-FR","@id":"https:\/\/cobraanchors.com\/fr\/produit\/chevilles-en-nylon\/#primaryimage","url":"https:\/\/cobraanchors.com\/wp-content\/uploads\/2025\/11\/Cheville_en_nylon.jpg","contentUrl":"https:\/\/cobraanchors.com\/wp-content\/uploads\/2025\/11\/Cheville_en_nylon.jpg","width":2500,"height":2500},{"@type":"BreadcrumbList","@id":"https:\/\/cobraanchors.com\/fr\/produit\/chevilles-en-nylon\/#breadcrumb","itemListElement":[{"@type":"ListItem","position":1,"name":"Home","item":"https:\/\/cobraanchors.com\/fr\/"},{"@type":"ListItem","position":2,"name":"Boutique","item":"https:\/\/cobraanchors.com\/fr\/boutique\/"},{"@type":"ListItem","position":3,"name":"Chevilles en nylon"}]},{"@type":"WebSite","@id":"https:\/\/cobraanchors.com\/fr\/#website","url":"https:\/\/cobraanchors.com\/fr\/","name":"Cobra Anchors","description":"","potentialAction":[{"@type":"SearchAction","target":{"@type":"EntryPoint","urlTemplate":"https:\/\/cobraanchors.com\/fr\/?s={search_term_string}"},"query-input":{"@type":"PropertyValueSpecification","valueRequired":true,"valueName":"search_term_string"}}],"inLanguage":"fr-FR"}]}},"_links":{"self":[{"href":"https:\/\/cobraanchors.com\/fr\/wp-json\/wp\/v2\/product\/5069","targetHints":{"allow":["GET"]}}],"collection":[{"href":"https:\/\/cobraanchors.com\/fr\/wp-json\/wp\/v2\/product"}],"about":[{"href":"https:\/\/cobraanchors.com\/fr\/wp-json\/wp\/v2\/types\/product"}],"wp:featuredmedia":[{"embeddable":true,"href":"https:\/\/cobraanchors.com\/fr\/wp-json\/wp\/v2\/media\/18947"}],"wp:attachment":[{"href":"https:\/\/cobraanchors.com\/fr\/wp-json\/wp\/v2\/media?parent=5069"}],"wp:term":[{"taxonomy":"diameter","embeddable":true,"href":"https:\/\/cobraanchors.com\/fr\/wp-json\/wp\/v2\/diameter?post=5069"},{"taxonomy":"installation-tool","embeddable":true,"href":"https:\/\/cobraanchors.com\/fr\/wp-json\/wp\/v2\/installation-tool?post=5069"},{"taxonomy":"length","embeddable":true,"href":"https:\/\/cobraanchors.com\/fr\/wp-json\/wp\/v2\/length?post=5069"},{"taxonomy":"mounting-surface","embeddable":true,"href":"https:\/\/cobraanchors.com\/fr\/wp-json\/wp\/v2\/mounting-surface?post=5069"},{"taxonomy":"quantity","embeddable":true,"href":"https:\/\/cobraanchors.com\/fr\/wp-json\/wp\/v2\/quantity?post=5069"},{"taxonomy":"use","embeddable":true,"href":"https:\/\/cobraanchors.com\/fr\/wp-json\/wp\/v2\/use?post=5069"},{"taxonomy":"product_brand","embeddable":true,"href":"https:\/\/cobraanchors.com\/fr\/wp-json\/wp\/v2\/product_brand?post=5069"},{"taxonomy":"product_cat","embeddable":true,"href":"https:\/\/cobraanchors.com\/fr\/wp-json\/wp\/v2\/product_cat?post=5069"},{"taxonomy":"product_tag","embeddable":true,"href":"https:\/\/cobraanchors.com\/fr\/wp-json\/wp\/v2\/product_tag?post=5069"}],"curies":[{"name":"wp","href":"https:\/\/api.w.org\/{rel}","templated":true}]}}