{"id":5070,"date":"2025-11-25T17:47:03","date_gmt":"2025-11-25T22:47:03","guid":{"rendered":"https:\/\/cobra.naracreative.com\/product\/parasleeve-2\/"},"modified":"2025-12-04T15:46:35","modified_gmt":"2025-12-04T20:46:35","slug":"parasleeve","status":"publish","type":"product","link":"https:\/\/cobraanchors.com\/fr\/produit\/parasleeve\/","title":{"rendered":"ParaSleeve"},"content":{"rendered":"<p>Le Parasleeve\u2122 est un ancrage qui s\u2019installe en une \u00e9tape donc facile et rapide \u00e0 installer. C\u2019est un ancrage tout usage pr\u00e9assembl\u00e9 de calibre moyen offert avec deux types de t\u00eates. Plus de 34 grandeurs sont disponibles allant de 1\/4&Prime; x 5\/8&Prime; \u00e0 3\/4&Prime; x 6-1\/4\u201d. Deux types de mat\u00e9riaux sont disponibles\u2009: Acier au carbone et acier inoxydable 304. APPROBATIONS : UL.. Underwriters Laboratory Dossier EX4303 Projet 90NK20664<\/p>\n","protected":false},"excerpt":{"rendered":"<p>Le Parasleeve\u2122 est un ancrage qui s\u2019installe en une \u00e9tape donc facile et rapide \u00e0 installer. C\u2019est un ancrage tout usage pr\u00e9assembl\u00e9 de calibre moyen offert avec deux types de t\u00eates. Plus de 34 grandeurs sont disponibles allant de 1\/4&Prime; x 5\/8&Prime; \u00e0 3\/4&Prime; x 6-1\/4\u201d. Deux types de mat\u00e9riaux sont disponibles\u2009: Acier au carbone&hellip; <a class=\"more-link\" href=\"https:\/\/cobraanchors.com\/fr\/produit\/parasleeve\/\">Continue reading <span class=\"screen-reader-text\">ParaSleeve<\/span><\/a><\/p>\n","protected":false},"featured_media":5941,"template":"","meta":{"_acf_changed":false},"diameter":[],"installation-tool":[99,98],"length":[],"mounting-surface":[86,90,85],"quantity":[],"use":[],"product_brand":[],"product_cat":[47],"product_tag":[],"class_list":{"0":"post-5070","1":"product","2":"type-product","3":"status-publish","4":"has-post-thumbnail","6":"installation-tool-cle-a-molette","7":"installation-tool-perceuse","8":"mounting-surface-beton","9":"mounting-surface-bloc-creux","10":"mounting-surface-brique","11":"product_cat-maconnerie","12":"entry","14":"first","15":"instock","16":"product-type-simple"},"acf":[],"yoast_head":"<!-- This site is optimized with the Yoast SEO plugin v26.5 - https:\/\/yoast.com\/wordpress\/plugins\/seo\/ -->\n<title>Cobra Anchors \u2013 D\u00e9couvrez notre ParaSleeve innovant<\/title>\n<meta name=\"description\" content=\"D\u00e9couvrez le ParaSleeve Cobra \u2014 cheville innovante pour une installation pr\u00e9cise et s\u00e9curis\u00e9e dans la ma\u00e7onnerie, le bois ou les murs creux.\" \/>\n<meta name=\"robots\" content=\"index, follow, max-snippet:-1, max-image-preview:large, max-video-preview:-1\" \/>\n<link rel=\"canonical\" href=\"https:\/\/cobraanchors.com\/fr\/produit\/parasleeve\/\" \/>\n<meta property=\"og:locale\" content=\"fr_FR\" \/>\n<meta property=\"og:type\" content=\"article\" \/>\n<meta property=\"og:title\" content=\"Cobra Anchors \u2013 D\u00e9couvrez notre ParaSleeve innovant\" \/>\n<meta property=\"og:description\" content=\"D\u00e9couvrez le ParaSleeve Cobra \u2014 cheville innovante pour une installation pr\u00e9cise et s\u00e9curis\u00e9e dans la ma\u00e7onnerie, le bois ou les murs creux.\" \/>\n<meta property=\"og:url\" content=\"https:\/\/cobraanchors.com\/fr\/produit\/parasleeve\/\" \/>\n<meta property=\"og:site_name\" content=\"Cobra Anchors\" \/>\n<meta property=\"article:modified_time\" content=\"2025-12-04T20:46:35+00:00\" \/>\n<meta property=\"og:image\" content=\"https:\/\/cobraanchors.com\/wp-content\/uploads\/2025\/10\/Parasleeve_1_ENG.jpg\" \/>\n\t<meta property=\"og:image:width\" content=\"2500\" \/>\n\t<meta property=\"og:image:height\" content=\"2500\" \/>\n\t<meta property=\"og:image:type\" content=\"image\/jpeg\" \/>\n<meta name=\"twitter:card\" content=\"summary_large_image\" \/>\n<meta name=\"twitter:label1\" content=\"Dur\u00e9e de lecture estim\u00e9e\" \/>\n\t<meta name=\"twitter:data1\" content=\"1 minute\" \/>\n<script type=\"application\/ld+json\" class=\"yoast-schema-graph\">{\"@context\":\"https:\/\/schema.org\",\"@graph\":[{\"@type\":\"WebPage\",\"@id\":\"https:\/\/cobraanchors.com\/fr\/produit\/parasleeve\/\",\"url\":\"https:\/\/cobraanchors.com\/fr\/produit\/parasleeve\/\",\"name\":\"Cobra Anchors \u2013 D\u00e9couvrez notre ParaSleeve innovant\",\"isPartOf\":{\"@id\":\"https:\/\/cobraanchors.com\/fr\/#website\"},\"primaryImageOfPage\":{\"@id\":\"https:\/\/cobraanchors.com\/fr\/produit\/parasleeve\/#primaryimage\"},\"image\":{\"@id\":\"https:\/\/cobraanchors.com\/fr\/produit\/parasleeve\/#primaryimage\"},\"thumbnailUrl\":\"https:\/\/cobraanchors.com\/wp-content\/uploads\/2025\/10\/Parasleeve_1_ENG.jpg\",\"datePublished\":\"2025-11-25T22:47:03+00:00\",\"dateModified\":\"2025-12-04T20:46:35+00:00\",\"description\":\"D\u00e9couvrez le ParaSleeve Cobra \u2014 cheville innovante pour une installation pr\u00e9cise et s\u00e9curis\u00e9e dans la ma\u00e7onnerie, le bois ou les murs creux.\",\"breadcrumb\":{\"@id\":\"https:\/\/cobraanchors.com\/fr\/produit\/parasleeve\/#breadcrumb\"},\"inLanguage\":\"fr-FR\",\"potentialAction\":[{\"@type\":\"ReadAction\",\"target\":[\"https:\/\/cobraanchors.com\/fr\/produit\/parasleeve\/\"]}]},{\"@type\":\"ImageObject\",\"inLanguage\":\"fr-FR\",\"@id\":\"https:\/\/cobraanchors.com\/fr\/produit\/parasleeve\/#primaryimage\",\"url\":\"https:\/\/cobraanchors.com\/wp-content\/uploads\/2025\/10\/Parasleeve_1_ENG.jpg\",\"contentUrl\":\"https:\/\/cobraanchors.com\/wp-content\/uploads\/2025\/10\/Parasleeve_1_ENG.jpg\",\"width\":2500,\"height\":2500},{\"@type\":\"BreadcrumbList\",\"@id\":\"https:\/\/cobraanchors.com\/fr\/produit\/parasleeve\/#breadcrumb\",\"itemListElement\":[{\"@type\":\"ListItem\",\"position\":1,\"name\":\"Home\",\"item\":\"https:\/\/cobraanchors.com\/fr\/\"},{\"@type\":\"ListItem\",\"position\":2,\"name\":\"Boutique\",\"item\":\"https:\/\/cobraanchors.com\/fr\/boutique\/\"},{\"@type\":\"ListItem\",\"position\":3,\"name\":\"ParaSleeve\"}]},{\"@type\":\"WebSite\",\"@id\":\"https:\/\/cobraanchors.com\/fr\/#website\",\"url\":\"https:\/\/cobraanchors.com\/fr\/\",\"name\":\"Cobra Anchors\",\"description\":\"\",\"potentialAction\":[{\"@type\":\"SearchAction\",\"target\":{\"@type\":\"EntryPoint\",\"urlTemplate\":\"https:\/\/cobraanchors.com\/fr\/?s={search_term_string}\"},\"query-input\":{\"@type\":\"PropertyValueSpecification\",\"valueRequired\":true,\"valueName\":\"search_term_string\"}}],\"inLanguage\":\"fr-FR\"}]}<\/script>\n<!-- \/ Yoast SEO plugin. -->","yoast_head_json":{"title":"Cobra Anchors \u2013 D\u00e9couvrez notre ParaSleeve innovant","description":"D\u00e9couvrez le ParaSleeve Cobra \u2014 cheville innovante pour une installation pr\u00e9cise et s\u00e9curis\u00e9e dans la ma\u00e7onnerie, le bois ou les murs creux.","robots":{"index":"index","follow":"follow","max-snippet":"max-snippet:-1","max-image-preview":"max-image-preview:large","max-video-preview":"max-video-preview:-1"},"canonical":"https:\/\/cobraanchors.com\/fr\/produit\/parasleeve\/","og_locale":"fr_FR","og_type":"article","og_title":"Cobra Anchors \u2013 D\u00e9couvrez notre ParaSleeve innovant","og_description":"D\u00e9couvrez le ParaSleeve Cobra \u2014 cheville innovante pour une installation pr\u00e9cise et s\u00e9curis\u00e9e dans la ma\u00e7onnerie, le bois ou les murs creux.","og_url":"https:\/\/cobraanchors.com\/fr\/produit\/parasleeve\/","og_site_name":"Cobra Anchors","article_modified_time":"2025-12-04T20:46:35+00:00","og_image":[{"width":2500,"height":2500,"url":"https:\/\/cobraanchors.com\/wp-content\/uploads\/2025\/10\/Parasleeve_1_ENG.jpg","type":"image\/jpeg"}],"twitter_card":"summary_large_image","twitter_misc":{"Dur\u00e9e de lecture estim\u00e9e":"1 minute"},"schema":{"@context":"https:\/\/schema.org","@graph":[{"@type":"WebPage","@id":"https:\/\/cobraanchors.com\/fr\/produit\/parasleeve\/","url":"https:\/\/cobraanchors.com\/fr\/produit\/parasleeve\/","name":"Cobra Anchors \u2013 D\u00e9couvrez notre ParaSleeve innovant","isPartOf":{"@id":"https:\/\/cobraanchors.com\/fr\/#website"},"primaryImageOfPage":{"@id":"https:\/\/cobraanchors.com\/fr\/produit\/parasleeve\/#primaryimage"},"image":{"@id":"https:\/\/cobraanchors.com\/fr\/produit\/parasleeve\/#primaryimage"},"thumbnailUrl":"https:\/\/cobraanchors.com\/wp-content\/uploads\/2025\/10\/Parasleeve_1_ENG.jpg","datePublished":"2025-11-25T22:47:03+00:00","dateModified":"2025-12-04T20:46:35+00:00","description":"D\u00e9couvrez le ParaSleeve Cobra \u2014 cheville innovante pour une installation pr\u00e9cise et s\u00e9curis\u00e9e dans la ma\u00e7onnerie, le bois ou les murs creux.","breadcrumb":{"@id":"https:\/\/cobraanchors.com\/fr\/produit\/parasleeve\/#breadcrumb"},"inLanguage":"fr-FR","potentialAction":[{"@type":"ReadAction","target":["https:\/\/cobraanchors.com\/fr\/produit\/parasleeve\/"]}]},{"@type":"ImageObject","inLanguage":"fr-FR","@id":"https:\/\/cobraanchors.com\/fr\/produit\/parasleeve\/#primaryimage","url":"https:\/\/cobraanchors.com\/wp-content\/uploads\/2025\/10\/Parasleeve_1_ENG.jpg","contentUrl":"https:\/\/cobraanchors.com\/wp-content\/uploads\/2025\/10\/Parasleeve_1_ENG.jpg","width":2500,"height":2500},{"@type":"BreadcrumbList","@id":"https:\/\/cobraanchors.com\/fr\/produit\/parasleeve\/#breadcrumb","itemListElement":[{"@type":"ListItem","position":1,"name":"Home","item":"https:\/\/cobraanchors.com\/fr\/"},{"@type":"ListItem","position":2,"name":"Boutique","item":"https:\/\/cobraanchors.com\/fr\/boutique\/"},{"@type":"ListItem","position":3,"name":"ParaSleeve"}]},{"@type":"WebSite","@id":"https:\/\/cobraanchors.com\/fr\/#website","url":"https:\/\/cobraanchors.com\/fr\/","name":"Cobra Anchors","description":"","potentialAction":[{"@type":"SearchAction","target":{"@type":"EntryPoint","urlTemplate":"https:\/\/cobraanchors.com\/fr\/?s={search_term_string}"},"query-input":{"@type":"PropertyValueSpecification","valueRequired":true,"valueName":"search_term_string"}}],"inLanguage":"fr-FR"}]}},"_links":{"self":[{"href":"https:\/\/cobraanchors.com\/fr\/wp-json\/wp\/v2\/product\/5070","targetHints":{"allow":["GET"]}}],"collection":[{"href":"https:\/\/cobraanchors.com\/fr\/wp-json\/wp\/v2\/product"}],"about":[{"href":"https:\/\/cobraanchors.com\/fr\/wp-json\/wp\/v2\/types\/product"}],"wp:featuredmedia":[{"embeddable":true,"href":"https:\/\/cobraanchors.com\/fr\/wp-json\/wp\/v2\/media\/5941"}],"wp:attachment":[{"href":"https:\/\/cobraanchors.com\/fr\/wp-json\/wp\/v2\/media?parent=5070"}],"wp:term":[{"taxonomy":"diameter","embeddable":true,"href":"https:\/\/cobraanchors.com\/fr\/wp-json\/wp\/v2\/diameter?post=5070"},{"taxonomy":"installation-tool","embeddable":true,"href":"https:\/\/cobraanchors.com\/fr\/wp-json\/wp\/v2\/installation-tool?post=5070"},{"taxonomy":"length","embeddable":true,"href":"https:\/\/cobraanchors.com\/fr\/wp-json\/wp\/v2\/length?post=5070"},{"taxonomy":"mounting-surface","embeddable":true,"href":"https:\/\/cobraanchors.com\/fr\/wp-json\/wp\/v2\/mounting-surface?post=5070"},{"taxonomy":"quantity","embeddable":true,"href":"https:\/\/cobraanchors.com\/fr\/wp-json\/wp\/v2\/quantity?post=5070"},{"taxonomy":"use","embeddable":true,"href":"https:\/\/cobraanchors.com\/fr\/wp-json\/wp\/v2\/use?post=5070"},{"taxonomy":"product_brand","embeddable":true,"href":"https:\/\/cobraanchors.com\/fr\/wp-json\/wp\/v2\/product_brand?post=5070"},{"taxonomy":"product_cat","embeddable":true,"href":"https:\/\/cobraanchors.com\/fr\/wp-json\/wp\/v2\/product_cat?post=5070"},{"taxonomy":"product_tag","embeddable":true,"href":"https:\/\/cobraanchors.com\/fr\/wp-json\/wp\/v2\/product_tag?post=5070"}],"curies":[{"name":"wp","href":"https:\/\/api.w.org\/{rel}","templated":true}]}}