{"id":5071,"date":"2025-11-25T17:47:03","date_gmt":"2025-11-25T22:47:03","guid":{"rendered":"https:\/\/cobra.naracreative.com\/product\/chevilles-en-plastique\/"},"modified":"2025-12-04T15:47:05","modified_gmt":"2025-12-04T20:47:05","slug":"chevilles-en-plastique","status":"publish","type":"product","link":"https:\/\/cobraanchors.com\/fr\/produit\/chevilles-en-plastique\/","title":{"rendered":"Chevilles en plastique"},"content":{"rendered":"<p>La cheville de plastique pour vis con\u00e7ue par Cobra est l\u2019une des plus utilis\u00e9es universellement dans le march\u00e9 de la quincaillerie. La cheville de plastique poss\u00e8de des ailettes avec deux points d\u2019expansion pour emp\u00eacher la rotation quand la vis est ins\u00e9r\u00e9e. Disponibles dans les grandeurs #4-6 \u00e0 #14-16. Pour une puissance de retenue sup\u00e9rieure, utilisez le Triplegrip\u00ae de Cobra.<\/p>\n","protected":false},"excerpt":{"rendered":"<p>La cheville de plastique pour vis con\u00e7ue par Cobra est l\u2019une des plus utilis\u00e9es universellement dans le march\u00e9 de la quincaillerie. La cheville de plastique poss\u00e8de des ailettes avec deux points d\u2019expansion pour emp\u00eacher la rotation quand la vis est ins\u00e9r\u00e9e. Disponibles dans les grandeurs #4-6 \u00e0 #14-16. Pour une puissance de retenue sup\u00e9rieure, utilisez&hellip; <a class=\"more-link\" href=\"https:\/\/cobraanchors.com\/fr\/produit\/chevilles-en-plastique\/\">Continue reading <span class=\"screen-reader-text\">Chevilles en plastique<\/span><\/a><\/p>\n","protected":false},"featured_media":6228,"template":"","meta":{"_acf_changed":false},"diameter":[],"installation-tool":[98,100],"length":[],"mounting-surface":[86,90,85,95,87,88,89,94],"quantity":[],"use":[],"product_brand":[],"product_cat":[47],"product_tag":[],"class_list":{"0":"post-5071","1":"product","2":"type-product","3":"status-publish","4":"has-post-thumbnail","6":"installation-tool-perceuse","7":"installation-tool-tournevis","8":"mounting-surface-beton","9":"mounting-surface-bloc-creux","10":"mounting-surface-brique","11":"mounting-surface-carrelage","12":"mounting-surface-plaque-de-platre-1-2","13":"mounting-surface-plaque-de-platre-3-8","14":"mounting-surface-plaque-de-platre-5-8","15":"mounting-surface-platre","16":"product_cat-maconnerie","17":"entry","19":"first","20":"instock","21":"product-type-simple"},"acf":[],"yoast_head":"<!-- This site is optimized with the Yoast SEO plugin v26.5 - https:\/\/yoast.com\/wordpress\/plugins\/seo\/ -->\n<title>Cobra Anchors \u2013 D\u00e9couvrez les chevilles en plastique<\/title>\n<meta name=\"description\" content=\"D\u00e9couvrez les chevilles en plastique Cobra \u2014 ancrages pour ma\u00e7onnerie, bois ou murs creux, assurant tenue fiable pour objets l\u00e9gers \u00e0 moyens.\" \/>\n<meta name=\"robots\" content=\"index, follow, max-snippet:-1, max-image-preview:large, max-video-preview:-1\" \/>\n<link rel=\"canonical\" href=\"https:\/\/cobraanchors.com\/fr\/produit\/chevilles-en-plastique\/\" \/>\n<meta property=\"og:locale\" content=\"fr_FR\" \/>\n<meta property=\"og:type\" content=\"article\" \/>\n<meta property=\"og:title\" content=\"Cobra Anchors \u2013 D\u00e9couvrez les chevilles en plastique\" \/>\n<meta property=\"og:description\" content=\"D\u00e9couvrez les chevilles en plastique Cobra \u2014 ancrages pour ma\u00e7onnerie, bois ou murs creux, assurant tenue fiable pour objets l\u00e9gers \u00e0 moyens.\" \/>\n<meta property=\"og:url\" content=\"https:\/\/cobraanchors.com\/fr\/produit\/chevilles-en-plastique\/\" \/>\n<meta property=\"og:site_name\" content=\"Cobra Anchors\" \/>\n<meta property=\"article:modified_time\" content=\"2025-12-04T20:47:05+00:00\" \/>\n<meta property=\"og:image\" content=\"https:\/\/cobraanchors.com\/wp-content\/uploads\/2025\/11\/PlasticScrewAnchors_Yellow_1_FR.jpg\" \/>\n\t<meta property=\"og:image:width\" content=\"2500\" \/>\n\t<meta property=\"og:image:height\" content=\"2500\" \/>\n\t<meta property=\"og:image:type\" content=\"image\/jpeg\" \/>\n<meta name=\"twitter:card\" content=\"summary_large_image\" \/>\n<meta name=\"twitter:label1\" content=\"Dur\u00e9e de lecture estim\u00e9e\" \/>\n\t<meta name=\"twitter:data1\" content=\"1 minute\" \/>\n<script type=\"application\/ld+json\" class=\"yoast-schema-graph\">{\"@context\":\"https:\/\/schema.org\",\"@graph\":[{\"@type\":\"WebPage\",\"@id\":\"https:\/\/cobraanchors.com\/fr\/produit\/chevilles-en-plastique\/\",\"url\":\"https:\/\/cobraanchors.com\/fr\/produit\/chevilles-en-plastique\/\",\"name\":\"Cobra Anchors \u2013 D\u00e9couvrez les chevilles en plastique\",\"isPartOf\":{\"@id\":\"https:\/\/cobraanchors.com\/fr\/#website\"},\"primaryImageOfPage\":{\"@id\":\"https:\/\/cobraanchors.com\/fr\/produit\/chevilles-en-plastique\/#primaryimage\"},\"image\":{\"@id\":\"https:\/\/cobraanchors.com\/fr\/produit\/chevilles-en-plastique\/#primaryimage\"},\"thumbnailUrl\":\"https:\/\/cobraanchors.com\/wp-content\/uploads\/2025\/11\/PlasticScrewAnchors_Yellow_1_FR.jpg\",\"datePublished\":\"2025-11-25T22:47:03+00:00\",\"dateModified\":\"2025-12-04T20:47:05+00:00\",\"description\":\"D\u00e9couvrez les chevilles en plastique Cobra \u2014 ancrages pour ma\u00e7onnerie, bois ou murs creux, assurant tenue fiable pour objets l\u00e9gers \u00e0 moyens.\",\"breadcrumb\":{\"@id\":\"https:\/\/cobraanchors.com\/fr\/produit\/chevilles-en-plastique\/#breadcrumb\"},\"inLanguage\":\"fr-FR\",\"potentialAction\":[{\"@type\":\"ReadAction\",\"target\":[\"https:\/\/cobraanchors.com\/fr\/produit\/chevilles-en-plastique\/\"]}]},{\"@type\":\"ImageObject\",\"inLanguage\":\"fr-FR\",\"@id\":\"https:\/\/cobraanchors.com\/fr\/produit\/chevilles-en-plastique\/#primaryimage\",\"url\":\"https:\/\/cobraanchors.com\/wp-content\/uploads\/2025\/11\/PlasticScrewAnchors_Yellow_1_FR.jpg\",\"contentUrl\":\"https:\/\/cobraanchors.com\/wp-content\/uploads\/2025\/11\/PlasticScrewAnchors_Yellow_1_FR.jpg\",\"width\":2500,\"height\":2500},{\"@type\":\"BreadcrumbList\",\"@id\":\"https:\/\/cobraanchors.com\/fr\/produit\/chevilles-en-plastique\/#breadcrumb\",\"itemListElement\":[{\"@type\":\"ListItem\",\"position\":1,\"name\":\"Home\",\"item\":\"https:\/\/cobraanchors.com\/fr\/\"},{\"@type\":\"ListItem\",\"position\":2,\"name\":\"Boutique\",\"item\":\"https:\/\/cobraanchors.com\/fr\/boutique\/\"},{\"@type\":\"ListItem\",\"position\":3,\"name\":\"Chevilles en plastique\"}]},{\"@type\":\"WebSite\",\"@id\":\"https:\/\/cobraanchors.com\/fr\/#website\",\"url\":\"https:\/\/cobraanchors.com\/fr\/\",\"name\":\"Cobra Anchors\",\"description\":\"\",\"potentialAction\":[{\"@type\":\"SearchAction\",\"target\":{\"@type\":\"EntryPoint\",\"urlTemplate\":\"https:\/\/cobraanchors.com\/fr\/?s={search_term_string}\"},\"query-input\":{\"@type\":\"PropertyValueSpecification\",\"valueRequired\":true,\"valueName\":\"search_term_string\"}}],\"inLanguage\":\"fr-FR\"}]}<\/script>\n<!-- \/ Yoast SEO plugin. -->","yoast_head_json":{"title":"Cobra Anchors \u2013 D\u00e9couvrez les chevilles en plastique","description":"D\u00e9couvrez les chevilles en plastique Cobra \u2014 ancrages pour ma\u00e7onnerie, bois ou murs creux, assurant tenue fiable pour objets l\u00e9gers \u00e0 moyens.","robots":{"index":"index","follow":"follow","max-snippet":"max-snippet:-1","max-image-preview":"max-image-preview:large","max-video-preview":"max-video-preview:-1"},"canonical":"https:\/\/cobraanchors.com\/fr\/produit\/chevilles-en-plastique\/","og_locale":"fr_FR","og_type":"article","og_title":"Cobra Anchors \u2013 D\u00e9couvrez les chevilles en plastique","og_description":"D\u00e9couvrez les chevilles en plastique Cobra \u2014 ancrages pour ma\u00e7onnerie, bois ou murs creux, assurant tenue fiable pour objets l\u00e9gers \u00e0 moyens.","og_url":"https:\/\/cobraanchors.com\/fr\/produit\/chevilles-en-plastique\/","og_site_name":"Cobra Anchors","article_modified_time":"2025-12-04T20:47:05+00:00","og_image":[{"width":2500,"height":2500,"url":"https:\/\/cobraanchors.com\/wp-content\/uploads\/2025\/11\/PlasticScrewAnchors_Yellow_1_FR.jpg","type":"image\/jpeg"}],"twitter_card":"summary_large_image","twitter_misc":{"Dur\u00e9e de lecture estim\u00e9e":"1 minute"},"schema":{"@context":"https:\/\/schema.org","@graph":[{"@type":"WebPage","@id":"https:\/\/cobraanchors.com\/fr\/produit\/chevilles-en-plastique\/","url":"https:\/\/cobraanchors.com\/fr\/produit\/chevilles-en-plastique\/","name":"Cobra Anchors \u2013 D\u00e9couvrez les chevilles en plastique","isPartOf":{"@id":"https:\/\/cobraanchors.com\/fr\/#website"},"primaryImageOfPage":{"@id":"https:\/\/cobraanchors.com\/fr\/produit\/chevilles-en-plastique\/#primaryimage"},"image":{"@id":"https:\/\/cobraanchors.com\/fr\/produit\/chevilles-en-plastique\/#primaryimage"},"thumbnailUrl":"https:\/\/cobraanchors.com\/wp-content\/uploads\/2025\/11\/PlasticScrewAnchors_Yellow_1_FR.jpg","datePublished":"2025-11-25T22:47:03+00:00","dateModified":"2025-12-04T20:47:05+00:00","description":"D\u00e9couvrez les chevilles en plastique Cobra \u2014 ancrages pour ma\u00e7onnerie, bois ou murs creux, assurant tenue fiable pour objets l\u00e9gers \u00e0 moyens.","breadcrumb":{"@id":"https:\/\/cobraanchors.com\/fr\/produit\/chevilles-en-plastique\/#breadcrumb"},"inLanguage":"fr-FR","potentialAction":[{"@type":"ReadAction","target":["https:\/\/cobraanchors.com\/fr\/produit\/chevilles-en-plastique\/"]}]},{"@type":"ImageObject","inLanguage":"fr-FR","@id":"https:\/\/cobraanchors.com\/fr\/produit\/chevilles-en-plastique\/#primaryimage","url":"https:\/\/cobraanchors.com\/wp-content\/uploads\/2025\/11\/PlasticScrewAnchors_Yellow_1_FR.jpg","contentUrl":"https:\/\/cobraanchors.com\/wp-content\/uploads\/2025\/11\/PlasticScrewAnchors_Yellow_1_FR.jpg","width":2500,"height":2500},{"@type":"BreadcrumbList","@id":"https:\/\/cobraanchors.com\/fr\/produit\/chevilles-en-plastique\/#breadcrumb","itemListElement":[{"@type":"ListItem","position":1,"name":"Home","item":"https:\/\/cobraanchors.com\/fr\/"},{"@type":"ListItem","position":2,"name":"Boutique","item":"https:\/\/cobraanchors.com\/fr\/boutique\/"},{"@type":"ListItem","position":3,"name":"Chevilles en plastique"}]},{"@type":"WebSite","@id":"https:\/\/cobraanchors.com\/fr\/#website","url":"https:\/\/cobraanchors.com\/fr\/","name":"Cobra Anchors","description":"","potentialAction":[{"@type":"SearchAction","target":{"@type":"EntryPoint","urlTemplate":"https:\/\/cobraanchors.com\/fr\/?s={search_term_string}"},"query-input":{"@type":"PropertyValueSpecification","valueRequired":true,"valueName":"search_term_string"}}],"inLanguage":"fr-FR"}]}},"_links":{"self":[{"href":"https:\/\/cobraanchors.com\/fr\/wp-json\/wp\/v2\/product\/5071","targetHints":{"allow":["GET"]}}],"collection":[{"href":"https:\/\/cobraanchors.com\/fr\/wp-json\/wp\/v2\/product"}],"about":[{"href":"https:\/\/cobraanchors.com\/fr\/wp-json\/wp\/v2\/types\/product"}],"wp:featuredmedia":[{"embeddable":true,"href":"https:\/\/cobraanchors.com\/fr\/wp-json\/wp\/v2\/media\/6228"}],"wp:attachment":[{"href":"https:\/\/cobraanchors.com\/fr\/wp-json\/wp\/v2\/media?parent=5071"}],"wp:term":[{"taxonomy":"diameter","embeddable":true,"href":"https:\/\/cobraanchors.com\/fr\/wp-json\/wp\/v2\/diameter?post=5071"},{"taxonomy":"installation-tool","embeddable":true,"href":"https:\/\/cobraanchors.com\/fr\/wp-json\/wp\/v2\/installation-tool?post=5071"},{"taxonomy":"length","embeddable":true,"href":"https:\/\/cobraanchors.com\/fr\/wp-json\/wp\/v2\/length?post=5071"},{"taxonomy":"mounting-surface","embeddable":true,"href":"https:\/\/cobraanchors.com\/fr\/wp-json\/wp\/v2\/mounting-surface?post=5071"},{"taxonomy":"quantity","embeddable":true,"href":"https:\/\/cobraanchors.com\/fr\/wp-json\/wp\/v2\/quantity?post=5071"},{"taxonomy":"use","embeddable":true,"href":"https:\/\/cobraanchors.com\/fr\/wp-json\/wp\/v2\/use?post=5071"},{"taxonomy":"product_brand","embeddable":true,"href":"https:\/\/cobraanchors.com\/fr\/wp-json\/wp\/v2\/product_brand?post=5071"},{"taxonomy":"product_cat","embeddable":true,"href":"https:\/\/cobraanchors.com\/fr\/wp-json\/wp\/v2\/product_cat?post=5071"},{"taxonomy":"product_tag","embeddable":true,"href":"https:\/\/cobraanchors.com\/fr\/wp-json\/wp\/v2\/product_tag?post=5071"}],"curies":[{"name":"wp","href":"https:\/\/api.w.org\/{rel}","templated":true}]}}