{"id":5072,"date":"2025-11-25T17:47:03","date_gmt":"2025-11-25T22:47:03","guid":{"rendered":"https:\/\/cobra.naracreative.com\/product\/ailettes-a-ressort\/"},"modified":"2025-12-04T15:47:43","modified_gmt":"2025-12-04T20:47:43","slug":"ailettes-a-ressort","status":"publish","type":"product","link":"https:\/\/cobraanchors.com\/fr\/produit\/ailettes-a-ressort\/","title":{"rendered":"Ailettes \u00e0 ressort"},"content":{"rendered":"<p>L\u2019ancrage avec ailettes \u00e0 ressort est un ancrage \u00e0 bascule fait d\u2019acier, id\u00e9al pour fixer les objets lourds au mur ou au plafond. Il est offert dans une vari\u00e9t\u00e9 de longueurs pour utilisation dans des mat\u00e9riaux plus \u00e9pais. Les deux ailettes m\u00e9talliques sont munies d\u2019un ressort et s\u2019ouvrent derri\u00e8re le mur lors de l\u2019insertion. 20 tailles sont disponibles, de 1\/8&Prime; x 2 \u00e0 3\/8&Prime; x 6&Prime;. Pour un r\u00e9sultat plus rapide et une plus grande facilit\u00e9 d\u2019installation, essayez le DrillerToggle\u00ae de Cobra.<\/p>\n","protected":false},"excerpt":{"rendered":"<p>L\u2019ancrage avec ailettes \u00e0 ressort est un ancrage \u00e0 bascule fait d\u2019acier, id\u00e9al pour fixer les objets lourds au mur ou au plafond. Il est offert dans une vari\u00e9t\u00e9 de longueurs pour utilisation dans des mat\u00e9riaux plus \u00e9pais. Les deux ailettes m\u00e9talliques sont munies d\u2019un ressort et s\u2019ouvrent derri\u00e8re le mur lors de l\u2019insertion. 20&hellip; <a class=\"more-link\" href=\"https:\/\/cobraanchors.com\/fr\/produit\/ailettes-a-ressort\/\">Continue reading <span class=\"screen-reader-text\">Ailettes \u00e0 ressort<\/span><\/a><\/p>\n","protected":false},"featured_media":6225,"template":"","meta":{"_acf_changed":false},"diameter":[],"installation-tool":[98,100],"length":[],"mounting-surface":[90,95,87,88,89,94],"quantity":[],"use":[],"product_brand":[],"product_cat":[83],"product_tag":[],"class_list":{"0":"post-5072","1":"product","2":"type-product","3":"status-publish","4":"has-post-thumbnail","6":"installation-tool-perceuse","7":"installation-tool-tournevis","8":"mounting-surface-bloc-creux","9":"mounting-surface-carrelage","10":"mounting-surface-plaque-de-platre-1-2","11":"mounting-surface-plaque-de-platre-3-8","12":"mounting-surface-plaque-de-platre-5-8","13":"mounting-surface-platre","14":"product_cat-multi-usages","15":"entry","17":"first","18":"instock","19":"product-type-simple"},"acf":[],"yoast_head":"<!-- This site is optimized with the Yoast SEO plugin v26.5 - https:\/\/yoast.com\/wordpress\/plugins\/seo\/ -->\n<title>Cobra Anchors \u2013 D\u00e9couvrez les ailettes \u00e0 ressort<\/title>\n<meta name=\"description\" content=\"D\u00e9couvrez les ailettes \u00e0 ressort Cobra \u2014 ancrages fiables pour murs creux, plafonds ou bois, parfaits pour accrocher objets moyens \u00e0 lourds.\" \/>\n<meta name=\"robots\" content=\"index, follow, max-snippet:-1, max-image-preview:large, max-video-preview:-1\" \/>\n<link rel=\"canonical\" href=\"https:\/\/cobraanchors.com\/fr\/produit\/ailettes-a-ressort\/\" \/>\n<meta property=\"og:locale\" content=\"fr_FR\" \/>\n<meta property=\"og:type\" content=\"article\" \/>\n<meta property=\"og:title\" content=\"Cobra Anchors \u2013 D\u00e9couvrez les ailettes \u00e0 ressort\" \/>\n<meta property=\"og:description\" content=\"D\u00e9couvrez les ailettes \u00e0 ressort Cobra \u2014 ancrages fiables pour murs creux, plafonds ou bois, parfaits pour accrocher objets moyens \u00e0 lourds.\" \/>\n<meta property=\"og:url\" content=\"https:\/\/cobraanchors.com\/fr\/produit\/ailettes-a-ressort\/\" \/>\n<meta property=\"og:site_name\" content=\"Cobra Anchors\" \/>\n<meta property=\"article:modified_time\" content=\"2025-12-04T20:47:43+00:00\" \/>\n<meta property=\"og:image\" content=\"https:\/\/cobraanchors.com\/wp-content\/uploads\/2025\/11\/SpringToggleBolts_1_FR.jpg\" \/>\n\t<meta property=\"og:image:width\" content=\"2500\" \/>\n\t<meta property=\"og:image:height\" content=\"2500\" \/>\n\t<meta property=\"og:image:type\" content=\"image\/jpeg\" \/>\n<meta name=\"twitter:card\" content=\"summary_large_image\" \/>\n<meta name=\"twitter:label1\" content=\"Dur\u00e9e de lecture estim\u00e9e\" \/>\n\t<meta name=\"twitter:data1\" content=\"1 minute\" \/>\n<script type=\"application\/ld+json\" class=\"yoast-schema-graph\">{\"@context\":\"https:\/\/schema.org\",\"@graph\":[{\"@type\":\"WebPage\",\"@id\":\"https:\/\/cobraanchors.com\/fr\/produit\/ailettes-a-ressort\/\",\"url\":\"https:\/\/cobraanchors.com\/fr\/produit\/ailettes-a-ressort\/\",\"name\":\"Cobra Anchors \u2013 D\u00e9couvrez les ailettes \u00e0 ressort\",\"isPartOf\":{\"@id\":\"https:\/\/cobraanchors.com\/fr\/#website\"},\"primaryImageOfPage\":{\"@id\":\"https:\/\/cobraanchors.com\/fr\/produit\/ailettes-a-ressort\/#primaryimage\"},\"image\":{\"@id\":\"https:\/\/cobraanchors.com\/fr\/produit\/ailettes-a-ressort\/#primaryimage\"},\"thumbnailUrl\":\"https:\/\/cobraanchors.com\/wp-content\/uploads\/2025\/11\/SpringToggleBolts_1_FR.jpg\",\"datePublished\":\"2025-11-25T22:47:03+00:00\",\"dateModified\":\"2025-12-04T20:47:43+00:00\",\"description\":\"D\u00e9couvrez les ailettes \u00e0 ressort Cobra \u2014 ancrages fiables pour murs creux, plafonds ou bois, parfaits pour accrocher objets moyens \u00e0 lourds.\",\"breadcrumb\":{\"@id\":\"https:\/\/cobraanchors.com\/fr\/produit\/ailettes-a-ressort\/#breadcrumb\"},\"inLanguage\":\"fr-FR\",\"potentialAction\":[{\"@type\":\"ReadAction\",\"target\":[\"https:\/\/cobraanchors.com\/fr\/produit\/ailettes-a-ressort\/\"]}]},{\"@type\":\"ImageObject\",\"inLanguage\":\"fr-FR\",\"@id\":\"https:\/\/cobraanchors.com\/fr\/produit\/ailettes-a-ressort\/#primaryimage\",\"url\":\"https:\/\/cobraanchors.com\/wp-content\/uploads\/2025\/11\/SpringToggleBolts_1_FR.jpg\",\"contentUrl\":\"https:\/\/cobraanchors.com\/wp-content\/uploads\/2025\/11\/SpringToggleBolts_1_FR.jpg\",\"width\":2500,\"height\":2500},{\"@type\":\"BreadcrumbList\",\"@id\":\"https:\/\/cobraanchors.com\/fr\/produit\/ailettes-a-ressort\/#breadcrumb\",\"itemListElement\":[{\"@type\":\"ListItem\",\"position\":1,\"name\":\"Home\",\"item\":\"https:\/\/cobraanchors.com\/fr\/\"},{\"@type\":\"ListItem\",\"position\":2,\"name\":\"Boutique\",\"item\":\"https:\/\/cobraanchors.com\/fr\/boutique\/\"},{\"@type\":\"ListItem\",\"position\":3,\"name\":\"Ailettes \u00e0 ressort\"}]},{\"@type\":\"WebSite\",\"@id\":\"https:\/\/cobraanchors.com\/fr\/#website\",\"url\":\"https:\/\/cobraanchors.com\/fr\/\",\"name\":\"Cobra Anchors\",\"description\":\"\",\"potentialAction\":[{\"@type\":\"SearchAction\",\"target\":{\"@type\":\"EntryPoint\",\"urlTemplate\":\"https:\/\/cobraanchors.com\/fr\/?s={search_term_string}\"},\"query-input\":{\"@type\":\"PropertyValueSpecification\",\"valueRequired\":true,\"valueName\":\"search_term_string\"}}],\"inLanguage\":\"fr-FR\"}]}<\/script>\n<!-- \/ Yoast SEO plugin. -->","yoast_head_json":{"title":"Cobra Anchors \u2013 D\u00e9couvrez les ailettes \u00e0 ressort","description":"D\u00e9couvrez les ailettes \u00e0 ressort Cobra \u2014 ancrages fiables pour murs creux, plafonds ou bois, parfaits pour accrocher objets moyens \u00e0 lourds.","robots":{"index":"index","follow":"follow","max-snippet":"max-snippet:-1","max-image-preview":"max-image-preview:large","max-video-preview":"max-video-preview:-1"},"canonical":"https:\/\/cobraanchors.com\/fr\/produit\/ailettes-a-ressort\/","og_locale":"fr_FR","og_type":"article","og_title":"Cobra Anchors \u2013 D\u00e9couvrez les ailettes \u00e0 ressort","og_description":"D\u00e9couvrez les ailettes \u00e0 ressort Cobra \u2014 ancrages fiables pour murs creux, plafonds ou bois, parfaits pour accrocher objets moyens \u00e0 lourds.","og_url":"https:\/\/cobraanchors.com\/fr\/produit\/ailettes-a-ressort\/","og_site_name":"Cobra Anchors","article_modified_time":"2025-12-04T20:47:43+00:00","og_image":[{"width":2500,"height":2500,"url":"https:\/\/cobraanchors.com\/wp-content\/uploads\/2025\/11\/SpringToggleBolts_1_FR.jpg","type":"image\/jpeg"}],"twitter_card":"summary_large_image","twitter_misc":{"Dur\u00e9e de lecture estim\u00e9e":"1 minute"},"schema":{"@context":"https:\/\/schema.org","@graph":[{"@type":"WebPage","@id":"https:\/\/cobraanchors.com\/fr\/produit\/ailettes-a-ressort\/","url":"https:\/\/cobraanchors.com\/fr\/produit\/ailettes-a-ressort\/","name":"Cobra Anchors \u2013 D\u00e9couvrez les ailettes \u00e0 ressort","isPartOf":{"@id":"https:\/\/cobraanchors.com\/fr\/#website"},"primaryImageOfPage":{"@id":"https:\/\/cobraanchors.com\/fr\/produit\/ailettes-a-ressort\/#primaryimage"},"image":{"@id":"https:\/\/cobraanchors.com\/fr\/produit\/ailettes-a-ressort\/#primaryimage"},"thumbnailUrl":"https:\/\/cobraanchors.com\/wp-content\/uploads\/2025\/11\/SpringToggleBolts_1_FR.jpg","datePublished":"2025-11-25T22:47:03+00:00","dateModified":"2025-12-04T20:47:43+00:00","description":"D\u00e9couvrez les ailettes \u00e0 ressort Cobra \u2014 ancrages fiables pour murs creux, plafonds ou bois, parfaits pour accrocher objets moyens \u00e0 lourds.","breadcrumb":{"@id":"https:\/\/cobraanchors.com\/fr\/produit\/ailettes-a-ressort\/#breadcrumb"},"inLanguage":"fr-FR","potentialAction":[{"@type":"ReadAction","target":["https:\/\/cobraanchors.com\/fr\/produit\/ailettes-a-ressort\/"]}]},{"@type":"ImageObject","inLanguage":"fr-FR","@id":"https:\/\/cobraanchors.com\/fr\/produit\/ailettes-a-ressort\/#primaryimage","url":"https:\/\/cobraanchors.com\/wp-content\/uploads\/2025\/11\/SpringToggleBolts_1_FR.jpg","contentUrl":"https:\/\/cobraanchors.com\/wp-content\/uploads\/2025\/11\/SpringToggleBolts_1_FR.jpg","width":2500,"height":2500},{"@type":"BreadcrumbList","@id":"https:\/\/cobraanchors.com\/fr\/produit\/ailettes-a-ressort\/#breadcrumb","itemListElement":[{"@type":"ListItem","position":1,"name":"Home","item":"https:\/\/cobraanchors.com\/fr\/"},{"@type":"ListItem","position":2,"name":"Boutique","item":"https:\/\/cobraanchors.com\/fr\/boutique\/"},{"@type":"ListItem","position":3,"name":"Ailettes \u00e0 ressort"}]},{"@type":"WebSite","@id":"https:\/\/cobraanchors.com\/fr\/#website","url":"https:\/\/cobraanchors.com\/fr\/","name":"Cobra Anchors","description":"","potentialAction":[{"@type":"SearchAction","target":{"@type":"EntryPoint","urlTemplate":"https:\/\/cobraanchors.com\/fr\/?s={search_term_string}"},"query-input":{"@type":"PropertyValueSpecification","valueRequired":true,"valueName":"search_term_string"}}],"inLanguage":"fr-FR"}]}},"_links":{"self":[{"href":"https:\/\/cobraanchors.com\/fr\/wp-json\/wp\/v2\/product\/5072","targetHints":{"allow":["GET"]}}],"collection":[{"href":"https:\/\/cobraanchors.com\/fr\/wp-json\/wp\/v2\/product"}],"about":[{"href":"https:\/\/cobraanchors.com\/fr\/wp-json\/wp\/v2\/types\/product"}],"wp:featuredmedia":[{"embeddable":true,"href":"https:\/\/cobraanchors.com\/fr\/wp-json\/wp\/v2\/media\/6225"}],"wp:attachment":[{"href":"https:\/\/cobraanchors.com\/fr\/wp-json\/wp\/v2\/media?parent=5072"}],"wp:term":[{"taxonomy":"diameter","embeddable":true,"href":"https:\/\/cobraanchors.com\/fr\/wp-json\/wp\/v2\/diameter?post=5072"},{"taxonomy":"installation-tool","embeddable":true,"href":"https:\/\/cobraanchors.com\/fr\/wp-json\/wp\/v2\/installation-tool?post=5072"},{"taxonomy":"length","embeddable":true,"href":"https:\/\/cobraanchors.com\/fr\/wp-json\/wp\/v2\/length?post=5072"},{"taxonomy":"mounting-surface","embeddable":true,"href":"https:\/\/cobraanchors.com\/fr\/wp-json\/wp\/v2\/mounting-surface?post=5072"},{"taxonomy":"quantity","embeddable":true,"href":"https:\/\/cobraanchors.com\/fr\/wp-json\/wp\/v2\/quantity?post=5072"},{"taxonomy":"use","embeddable":true,"href":"https:\/\/cobraanchors.com\/fr\/wp-json\/wp\/v2\/use?post=5072"},{"taxonomy":"product_brand","embeddable":true,"href":"https:\/\/cobraanchors.com\/fr\/wp-json\/wp\/v2\/product_brand?post=5072"},{"taxonomy":"product_cat","embeddable":true,"href":"https:\/\/cobraanchors.com\/fr\/wp-json\/wp\/v2\/product_cat?post=5072"},{"taxonomy":"product_tag","embeddable":true,"href":"https:\/\/cobraanchors.com\/fr\/wp-json\/wp\/v2\/product_tag?post=5072"}],"curies":[{"name":"wp","href":"https:\/\/api.w.org\/{rel}","templated":true}]}}