{"id":5073,"date":"2025-11-25T17:47:29","date_gmt":"2025-11-25T22:47:29","guid":{"rendered":"https:\/\/cobra.naracreative.com\/product\/triplegrip-2\/"},"modified":"2026-01-29T14:35:13","modified_gmt":"2026-01-29T19:35:13","slug":"triplegrip","status":"publish","type":"product","link":"https:\/\/cobraanchors.com\/fr\/produit\/triplegrip\/","title":{"rendered":"TripleGrip"},"content":{"rendered":"<p>Un des ancrages les plus techniquement avanc\u00e9s sur le march\u00e9. Son concept comprend deux ailettes qui s\u2019ouvrent et s\u2019agrippent fermement derri\u00e8re le mur de gypse pour une capacit\u00e9 de retenue maximale. Son action de came, d\u2019une technologie avanc\u00e9e, g\u00e9n\u00e8re en se d\u00e9pla\u00e7ant une pression additionnelle sur les parois dans le gypse ou la ma\u00e7onnerie pour assurer une prise encore plus solide augmentant sa stabilit\u00e9 et sa force. Disponibles en #6, #8, #10 et #12.<\/p>\n","protected":false},"excerpt":{"rendered":"<p>Un des ancrages les plus techniquement avanc\u00e9s sur le march\u00e9. Son concept comprend deux ailettes qui s\u2019ouvrent et s\u2019agrippent fermement derri\u00e8re le mur de gypse pour une capacit\u00e9 de retenue maximale. Son action de came, d\u2019une technologie avanc\u00e9e, g\u00e9n\u00e8re en se d\u00e9pla\u00e7ant une pression additionnelle sur les parois dans le gypse ou la ma\u00e7onnerie pour&hellip; <a class=\"more-link\" href=\"https:\/\/cobraanchors.com\/fr\/produit\/triplegrip\/\">Continue reading <span class=\"screen-reader-text\">TripleGrip<\/span><\/a><\/p>\n","protected":false},"featured_media":5944,"template":"","meta":{"_acf_changed":false},"diameter":[],"installation-tool":[97,100],"length":[],"mounting-surface":[86,90,85,95,91,93,92,87,88,89,94],"quantity":[],"use":[],"product_brand":[],"product_cat":[83],"product_tag":[],"class_list":{"0":"post-5073","1":"product","2":"type-product","3":"status-publish","4":"has-post-thumbnail","6":"installation-tool-masse","7":"installation-tool-tournevis","8":"mounting-surface-beton","9":"mounting-surface-bloc-creux","10":"mounting-surface-brique","11":"mounting-surface-carrelage","12":"mounting-surface-lambris","13":"mounting-surface-panneau-perfore","14":"mounting-surface-parpaing","15":"mounting-surface-plaque-de-platre-1-2","16":"mounting-surface-plaque-de-platre-3-8","17":"mounting-surface-plaque-de-platre-5-8","18":"mounting-surface-platre","19":"product_cat-multi-usages","20":"entry","22":"first","23":"instock","24":"product-type-simple"},"acf":[],"yoast_head":"<!-- This site is optimized with the Yoast SEO plugin v26.5 - https:\/\/yoast.com\/wordpress\/plugins\/seo\/ -->\n<title>Cobra Anchors \u2013 D\u00e9couvrez l&#039;ancrage TripleGrip<\/title>\n<meta name=\"description\" content=\"Ancrages TripleGrip de Cobra \u2014 chevilles \u00e0 deux ailettes pour une tenue sup\u00e9rieure dans cloisons s\u00e8ches, ma\u00e7onnerie ou b\u00e9ton.\" \/>\n<meta name=\"robots\" content=\"index, follow, max-snippet:-1, max-image-preview:large, max-video-preview:-1\" \/>\n<link rel=\"canonical\" href=\"https:\/\/cobraanchors.com\/fr\/produit\/triplegrip\/\" \/>\n<meta property=\"og:locale\" content=\"fr_FR\" \/>\n<meta property=\"og:type\" content=\"article\" \/>\n<meta property=\"og:title\" content=\"Cobra Anchors \u2013 D\u00e9couvrez l&#039;ancrage TripleGrip\" \/>\n<meta property=\"og:description\" content=\"Ancrages TripleGrip de Cobra \u2014 chevilles \u00e0 deux ailettes pour une tenue sup\u00e9rieure dans cloisons s\u00e8ches, ma\u00e7onnerie ou b\u00e9ton.\" \/>\n<meta property=\"og:url\" content=\"https:\/\/cobraanchors.com\/fr\/produit\/triplegrip\/\" \/>\n<meta property=\"og:site_name\" content=\"Cobra Anchors\" \/>\n<meta property=\"article:modified_time\" content=\"2026-01-29T19:35:13+00:00\" \/>\n<meta property=\"og:image\" content=\"https:\/\/cobraanchors.com\/wp-content\/uploads\/2025\/10\/TripleGrip_1_ENG.jpg\" \/>\n\t<meta property=\"og:image:width\" content=\"2500\" \/>\n\t<meta property=\"og:image:height\" content=\"2500\" \/>\n\t<meta property=\"og:image:type\" content=\"image\/jpeg\" \/>\n<meta name=\"twitter:card\" content=\"summary_large_image\" \/>\n<meta name=\"twitter:label1\" content=\"Dur\u00e9e de lecture estim\u00e9e\" \/>\n\t<meta name=\"twitter:data1\" content=\"1 minute\" \/>\n<script type=\"application\/ld+json\" class=\"yoast-schema-graph\">{\"@context\":\"https:\/\/schema.org\",\"@graph\":[{\"@type\":\"WebPage\",\"@id\":\"https:\/\/cobraanchors.com\/fr\/produit\/triplegrip\/\",\"url\":\"https:\/\/cobraanchors.com\/fr\/produit\/triplegrip\/\",\"name\":\"Cobra Anchors \u2013 D\u00e9couvrez l'ancrage TripleGrip\",\"isPartOf\":{\"@id\":\"https:\/\/cobraanchors.com\/fr\/#website\"},\"primaryImageOfPage\":{\"@id\":\"https:\/\/cobraanchors.com\/fr\/produit\/triplegrip\/#primaryimage\"},\"image\":{\"@id\":\"https:\/\/cobraanchors.com\/fr\/produit\/triplegrip\/#primaryimage\"},\"thumbnailUrl\":\"https:\/\/cobraanchors.com\/wp-content\/uploads\/2025\/10\/TripleGrip_1_ENG.jpg\",\"datePublished\":\"2025-11-25T22:47:29+00:00\",\"dateModified\":\"2026-01-29T19:35:13+00:00\",\"description\":\"Ancrages TripleGrip de Cobra \u2014 chevilles \u00e0 deux ailettes pour une tenue sup\u00e9rieure dans cloisons s\u00e8ches, ma\u00e7onnerie ou b\u00e9ton.\",\"breadcrumb\":{\"@id\":\"https:\/\/cobraanchors.com\/fr\/produit\/triplegrip\/#breadcrumb\"},\"inLanguage\":\"fr-FR\",\"potentialAction\":[{\"@type\":\"ReadAction\",\"target\":[\"https:\/\/cobraanchors.com\/fr\/produit\/triplegrip\/\"]}]},{\"@type\":\"ImageObject\",\"inLanguage\":\"fr-FR\",\"@id\":\"https:\/\/cobraanchors.com\/fr\/produit\/triplegrip\/#primaryimage\",\"url\":\"https:\/\/cobraanchors.com\/wp-content\/uploads\/2025\/10\/TripleGrip_1_ENG.jpg\",\"contentUrl\":\"https:\/\/cobraanchors.com\/wp-content\/uploads\/2025\/10\/TripleGrip_1_ENG.jpg\",\"width\":2500,\"height\":2500},{\"@type\":\"BreadcrumbList\",\"@id\":\"https:\/\/cobraanchors.com\/fr\/produit\/triplegrip\/#breadcrumb\",\"itemListElement\":[{\"@type\":\"ListItem\",\"position\":1,\"name\":\"Home\",\"item\":\"https:\/\/cobraanchors.com\/fr\/\"},{\"@type\":\"ListItem\",\"position\":2,\"name\":\"Boutique\",\"item\":\"https:\/\/cobraanchors.com\/fr\/boutique\/\"},{\"@type\":\"ListItem\",\"position\":3,\"name\":\"TripleGrip\"}]},{\"@type\":\"WebSite\",\"@id\":\"https:\/\/cobraanchors.com\/fr\/#website\",\"url\":\"https:\/\/cobraanchors.com\/fr\/\",\"name\":\"Cobra Anchors\",\"description\":\"\",\"potentialAction\":[{\"@type\":\"SearchAction\",\"target\":{\"@type\":\"EntryPoint\",\"urlTemplate\":\"https:\/\/cobraanchors.com\/fr\/?s={search_term_string}\"},\"query-input\":{\"@type\":\"PropertyValueSpecification\",\"valueRequired\":true,\"valueName\":\"search_term_string\"}}],\"inLanguage\":\"fr-FR\"}]}<\/script>\n<!-- \/ Yoast SEO plugin. -->","yoast_head_json":{"title":"Cobra Anchors \u2013 D\u00e9couvrez l'ancrage TripleGrip","description":"Ancrages TripleGrip de Cobra \u2014 chevilles \u00e0 deux ailettes pour une tenue sup\u00e9rieure dans cloisons s\u00e8ches, ma\u00e7onnerie ou b\u00e9ton.","robots":{"index":"index","follow":"follow","max-snippet":"max-snippet:-1","max-image-preview":"max-image-preview:large","max-video-preview":"max-video-preview:-1"},"canonical":"https:\/\/cobraanchors.com\/fr\/produit\/triplegrip\/","og_locale":"fr_FR","og_type":"article","og_title":"Cobra Anchors \u2013 D\u00e9couvrez l'ancrage TripleGrip","og_description":"Ancrages TripleGrip de Cobra \u2014 chevilles \u00e0 deux ailettes pour une tenue sup\u00e9rieure dans cloisons s\u00e8ches, ma\u00e7onnerie ou b\u00e9ton.","og_url":"https:\/\/cobraanchors.com\/fr\/produit\/triplegrip\/","og_site_name":"Cobra Anchors","article_modified_time":"2026-01-29T19:35:13+00:00","og_image":[{"width":2500,"height":2500,"url":"https:\/\/cobraanchors.com\/wp-content\/uploads\/2025\/10\/TripleGrip_1_ENG.jpg","type":"image\/jpeg"}],"twitter_card":"summary_large_image","twitter_misc":{"Dur\u00e9e de lecture estim\u00e9e":"1 minute"},"schema":{"@context":"https:\/\/schema.org","@graph":[{"@type":"WebPage","@id":"https:\/\/cobraanchors.com\/fr\/produit\/triplegrip\/","url":"https:\/\/cobraanchors.com\/fr\/produit\/triplegrip\/","name":"Cobra Anchors \u2013 D\u00e9couvrez l'ancrage TripleGrip","isPartOf":{"@id":"https:\/\/cobraanchors.com\/fr\/#website"},"primaryImageOfPage":{"@id":"https:\/\/cobraanchors.com\/fr\/produit\/triplegrip\/#primaryimage"},"image":{"@id":"https:\/\/cobraanchors.com\/fr\/produit\/triplegrip\/#primaryimage"},"thumbnailUrl":"https:\/\/cobraanchors.com\/wp-content\/uploads\/2025\/10\/TripleGrip_1_ENG.jpg","datePublished":"2025-11-25T22:47:29+00:00","dateModified":"2026-01-29T19:35:13+00:00","description":"Ancrages TripleGrip de Cobra \u2014 chevilles \u00e0 deux ailettes pour une tenue sup\u00e9rieure dans cloisons s\u00e8ches, ma\u00e7onnerie ou b\u00e9ton.","breadcrumb":{"@id":"https:\/\/cobraanchors.com\/fr\/produit\/triplegrip\/#breadcrumb"},"inLanguage":"fr-FR","potentialAction":[{"@type":"ReadAction","target":["https:\/\/cobraanchors.com\/fr\/produit\/triplegrip\/"]}]},{"@type":"ImageObject","inLanguage":"fr-FR","@id":"https:\/\/cobraanchors.com\/fr\/produit\/triplegrip\/#primaryimage","url":"https:\/\/cobraanchors.com\/wp-content\/uploads\/2025\/10\/TripleGrip_1_ENG.jpg","contentUrl":"https:\/\/cobraanchors.com\/wp-content\/uploads\/2025\/10\/TripleGrip_1_ENG.jpg","width":2500,"height":2500},{"@type":"BreadcrumbList","@id":"https:\/\/cobraanchors.com\/fr\/produit\/triplegrip\/#breadcrumb","itemListElement":[{"@type":"ListItem","position":1,"name":"Home","item":"https:\/\/cobraanchors.com\/fr\/"},{"@type":"ListItem","position":2,"name":"Boutique","item":"https:\/\/cobraanchors.com\/fr\/boutique\/"},{"@type":"ListItem","position":3,"name":"TripleGrip"}]},{"@type":"WebSite","@id":"https:\/\/cobraanchors.com\/fr\/#website","url":"https:\/\/cobraanchors.com\/fr\/","name":"Cobra Anchors","description":"","potentialAction":[{"@type":"SearchAction","target":{"@type":"EntryPoint","urlTemplate":"https:\/\/cobraanchors.com\/fr\/?s={search_term_string}"},"query-input":{"@type":"PropertyValueSpecification","valueRequired":true,"valueName":"search_term_string"}}],"inLanguage":"fr-FR"}]}},"_links":{"self":[{"href":"https:\/\/cobraanchors.com\/fr\/wp-json\/wp\/v2\/product\/5073","targetHints":{"allow":["GET"]}}],"collection":[{"href":"https:\/\/cobraanchors.com\/fr\/wp-json\/wp\/v2\/product"}],"about":[{"href":"https:\/\/cobraanchors.com\/fr\/wp-json\/wp\/v2\/types\/product"}],"wp:featuredmedia":[{"embeddable":true,"href":"https:\/\/cobraanchors.com\/fr\/wp-json\/wp\/v2\/media\/5944"}],"wp:attachment":[{"href":"https:\/\/cobraanchors.com\/fr\/wp-json\/wp\/v2\/media?parent=5073"}],"wp:term":[{"taxonomy":"diameter","embeddable":true,"href":"https:\/\/cobraanchors.com\/fr\/wp-json\/wp\/v2\/diameter?post=5073"},{"taxonomy":"installation-tool","embeddable":true,"href":"https:\/\/cobraanchors.com\/fr\/wp-json\/wp\/v2\/installation-tool?post=5073"},{"taxonomy":"length","embeddable":true,"href":"https:\/\/cobraanchors.com\/fr\/wp-json\/wp\/v2\/length?post=5073"},{"taxonomy":"mounting-surface","embeddable":true,"href":"https:\/\/cobraanchors.com\/fr\/wp-json\/wp\/v2\/mounting-surface?post=5073"},{"taxonomy":"quantity","embeddable":true,"href":"https:\/\/cobraanchors.com\/fr\/wp-json\/wp\/v2\/quantity?post=5073"},{"taxonomy":"use","embeddable":true,"href":"https:\/\/cobraanchors.com\/fr\/wp-json\/wp\/v2\/use?post=5073"},{"taxonomy":"product_brand","embeddable":true,"href":"https:\/\/cobraanchors.com\/fr\/wp-json\/wp\/v2\/product_brand?post=5073"},{"taxonomy":"product_cat","embeddable":true,"href":"https:\/\/cobraanchors.com\/fr\/wp-json\/wp\/v2\/product_cat?post=5073"},{"taxonomy":"product_tag","embeddable":true,"href":"https:\/\/cobraanchors.com\/fr\/wp-json\/wp\/v2\/product_tag?post=5073"}],"curies":[{"name":"wp","href":"https:\/\/api.w.org\/{rel}","templated":true}]}}