{"id":5075,"date":"2025-11-25T17:47:29","date_gmt":"2025-11-25T22:47:29","guid":{"rendered":"https:\/\/cobra.naracreative.com\/product\/walldriller-plus-2\/"},"modified":"2025-12-04T15:53:07","modified_gmt":"2025-12-04T20:53:07","slug":"walldriller-plus","status":"publish","type":"product","link":"https:\/\/cobraanchors.com\/fr\/produit\/walldriller-plus\/","title":{"rendered":"WallDriller Plus"},"content":{"rendered":"<p>Le WallDriller PLUS\u00ae, 2 fois plus r\u00e9sistant que notre 1\u00e8re g\u00e9n\u00e9ration, est con\u00e7u avec trois pattes qui s\u2019ouvrent et s\u2019agrippent fermement derri\u00e8re le mur de gypse pour une capacit\u00e9 de retenue maximale. Sa fine pointe centr\u00e9e permet de guider l&rsquo;ancrage dans le mur avec une pr\u00e9cision sans faille. Une bordure ac\u00e9r\u00e9e coupe profond\u00e9ment dans le trou sans endommager le gypse, assurant une puissance de maintien et une stabilit\u00e9 sup\u00e9rieures. Le filetage tranchant r\u00e9duit la force requise pour couper le mat\u00e9riau, ce qui en fait un ancrage autoforeur.<br \/>\n<br \/>\nDisponibles en #6 (3,5mm), #8 (4mm), #10 (5mm) and #12 (6mm).<br \/>\n<br \/>\nComposition de l\u2019ancrage: Nylon et Acetal<br \/>\n<br \/>\nComposition de la vis: Acier au carbone AISI-1018, traitement de surface au zinc ASTM B633 Type III<br \/>\n<br \/>\n#6 (3,5mm) et #8 (4mm)<br \/>\n<br \/>\nId\u00e9al pour gypse 3\/8\u2019\u2019 (10mm) et 1\/2\u2019\u2019 (13mm)<br \/>\n<br \/>\n#10 (5mm) et # 12 (6mm)<br \/>\n<br \/>\nId\u00e9al pour gypse \u00bd\u2019\u2019 (13mm) et 5\/8\u2019\u2019 (16mm)<\/p>\n","protected":false},"excerpt":{"rendered":"<p>Le WallDriller PLUS\u00ae, 2 fois plus r\u00e9sistant que notre 1\u00e8re g\u00e9n\u00e9ration, est con\u00e7u avec trois pattes qui s\u2019ouvrent et s\u2019agrippent fermement derri\u00e8re le mur de gypse pour une capacit\u00e9 de retenue maximale. Sa fine pointe centr\u00e9e permet de guider l&rsquo;ancrage dans le mur avec une pr\u00e9cision sans faille. Une bordure ac\u00e9r\u00e9e coupe profond\u00e9ment dans le&hellip; <a class=\"more-link\" href=\"https:\/\/cobraanchors.com\/fr\/produit\/walldriller-plus\/\">Continue reading <span class=\"screen-reader-text\">WallDriller Plus<\/span><\/a><\/p>\n","protected":false},"featured_media":5946,"template":"","meta":{"_acf_changed":false},"diameter":[],"installation-tool":[100],"length":[],"mounting-surface":[87,88,89],"quantity":[],"use":[],"product_brand":[],"product_cat":[82],"product_tag":[],"class_list":{"0":"post-5075","1":"product","2":"type-product","3":"status-publish","4":"has-post-thumbnail","6":"installation-tool-tournevis","7":"mounting-surface-plaque-de-platre-1-2","8":"mounting-surface-plaque-de-platre-3-8","9":"mounting-surface-plaque-de-platre-5-8","10":"product_cat-mur-creux","11":"entry","13":"first","14":"instock","15":"product-type-simple"},"acf":[],"yoast_head":"<!-- This site is optimized with the Yoast SEO plugin v26.5 - https:\/\/yoast.com\/wordpress\/plugins\/seo\/ -->\n<title>Cobra Anchors \u2013 D\u00e9couvrez le WallDriller PLUS<\/title>\n<meta name=\"description\" content=\"D\u00e9couvrez le WallDriller PLUS de Cobra \u2014 cheville autoforeuse avec trois pattes expansibles, pour une fixation s\u00fbre sans pr\u00e9\u2011per\u00e7age.\" \/>\n<meta name=\"robots\" content=\"index, follow, max-snippet:-1, max-image-preview:large, max-video-preview:-1\" \/>\n<link rel=\"canonical\" href=\"https:\/\/cobraanchors.com\/fr\/produit\/walldriller-plus\/\" \/>\n<meta property=\"og:locale\" content=\"fr_FR\" \/>\n<meta property=\"og:type\" content=\"article\" \/>\n<meta property=\"og:title\" content=\"Cobra Anchors \u2013 D\u00e9couvrez le WallDriller PLUS\" \/>\n<meta property=\"og:description\" content=\"D\u00e9couvrez le WallDriller PLUS de Cobra \u2014 cheville autoforeuse avec trois pattes expansibles, pour une fixation s\u00fbre sans pr\u00e9\u2011per\u00e7age.\" \/>\n<meta property=\"og:url\" content=\"https:\/\/cobraanchors.com\/fr\/produit\/walldriller-plus\/\" \/>\n<meta property=\"og:site_name\" content=\"Cobra Anchors\" \/>\n<meta property=\"article:modified_time\" content=\"2025-12-04T20:53:07+00:00\" \/>\n<meta property=\"og:image\" content=\"https:\/\/cobraanchors.com\/wp-content\/uploads\/2025\/10\/WallDrillerPlus_1_ENG.jpg\" \/>\n\t<meta property=\"og:image:width\" content=\"2500\" \/>\n\t<meta property=\"og:image:height\" content=\"2500\" \/>\n\t<meta property=\"og:image:type\" content=\"image\/jpeg\" \/>\n<meta name=\"twitter:card\" content=\"summary_large_image\" \/>\n<meta name=\"twitter:label1\" content=\"Dur\u00e9e de lecture estim\u00e9e\" \/>\n\t<meta name=\"twitter:data1\" content=\"1 minute\" \/>\n<script type=\"application\/ld+json\" class=\"yoast-schema-graph\">{\"@context\":\"https:\/\/schema.org\",\"@graph\":[{\"@type\":\"WebPage\",\"@id\":\"https:\/\/cobraanchors.com\/fr\/produit\/walldriller-plus\/\",\"url\":\"https:\/\/cobraanchors.com\/fr\/produit\/walldriller-plus\/\",\"name\":\"Cobra Anchors \u2013 D\u00e9couvrez le WallDriller PLUS\",\"isPartOf\":{\"@id\":\"https:\/\/cobraanchors.com\/fr\/#website\"},\"primaryImageOfPage\":{\"@id\":\"https:\/\/cobraanchors.com\/fr\/produit\/walldriller-plus\/#primaryimage\"},\"image\":{\"@id\":\"https:\/\/cobraanchors.com\/fr\/produit\/walldriller-plus\/#primaryimage\"},\"thumbnailUrl\":\"https:\/\/cobraanchors.com\/wp-content\/uploads\/2025\/10\/WallDrillerPlus_1_ENG.jpg\",\"datePublished\":\"2025-11-25T22:47:29+00:00\",\"dateModified\":\"2025-12-04T20:53:07+00:00\",\"description\":\"D\u00e9couvrez le WallDriller PLUS de Cobra \u2014 cheville autoforeuse avec trois pattes expansibles, pour une fixation s\u00fbre sans pr\u00e9\u2011per\u00e7age.\",\"breadcrumb\":{\"@id\":\"https:\/\/cobraanchors.com\/fr\/produit\/walldriller-plus\/#breadcrumb\"},\"inLanguage\":\"fr-FR\",\"potentialAction\":[{\"@type\":\"ReadAction\",\"target\":[\"https:\/\/cobraanchors.com\/fr\/produit\/walldriller-plus\/\"]}]},{\"@type\":\"ImageObject\",\"inLanguage\":\"fr-FR\",\"@id\":\"https:\/\/cobraanchors.com\/fr\/produit\/walldriller-plus\/#primaryimage\",\"url\":\"https:\/\/cobraanchors.com\/wp-content\/uploads\/2025\/10\/WallDrillerPlus_1_ENG.jpg\",\"contentUrl\":\"https:\/\/cobraanchors.com\/wp-content\/uploads\/2025\/10\/WallDrillerPlus_1_ENG.jpg\",\"width\":2500,\"height\":2500},{\"@type\":\"BreadcrumbList\",\"@id\":\"https:\/\/cobraanchors.com\/fr\/produit\/walldriller-plus\/#breadcrumb\",\"itemListElement\":[{\"@type\":\"ListItem\",\"position\":1,\"name\":\"Home\",\"item\":\"https:\/\/cobraanchors.com\/fr\/\"},{\"@type\":\"ListItem\",\"position\":2,\"name\":\"Boutique\",\"item\":\"https:\/\/cobraanchors.com\/fr\/boutique\/\"},{\"@type\":\"ListItem\",\"position\":3,\"name\":\"WallDriller Plus\"}]},{\"@type\":\"WebSite\",\"@id\":\"https:\/\/cobraanchors.com\/fr\/#website\",\"url\":\"https:\/\/cobraanchors.com\/fr\/\",\"name\":\"Cobra Anchors\",\"description\":\"\",\"potentialAction\":[{\"@type\":\"SearchAction\",\"target\":{\"@type\":\"EntryPoint\",\"urlTemplate\":\"https:\/\/cobraanchors.com\/fr\/?s={search_term_string}\"},\"query-input\":{\"@type\":\"PropertyValueSpecification\",\"valueRequired\":true,\"valueName\":\"search_term_string\"}}],\"inLanguage\":\"fr-FR\"}]}<\/script>\n<!-- \/ Yoast SEO plugin. -->","yoast_head_json":{"title":"Cobra Anchors \u2013 D\u00e9couvrez le WallDriller PLUS","description":"D\u00e9couvrez le WallDriller PLUS de Cobra \u2014 cheville autoforeuse avec trois pattes expansibles, pour une fixation s\u00fbre sans pr\u00e9\u2011per\u00e7age.","robots":{"index":"index","follow":"follow","max-snippet":"max-snippet:-1","max-image-preview":"max-image-preview:large","max-video-preview":"max-video-preview:-1"},"canonical":"https:\/\/cobraanchors.com\/fr\/produit\/walldriller-plus\/","og_locale":"fr_FR","og_type":"article","og_title":"Cobra Anchors \u2013 D\u00e9couvrez le WallDriller PLUS","og_description":"D\u00e9couvrez le WallDriller PLUS de Cobra \u2014 cheville autoforeuse avec trois pattes expansibles, pour une fixation s\u00fbre sans pr\u00e9\u2011per\u00e7age.","og_url":"https:\/\/cobraanchors.com\/fr\/produit\/walldriller-plus\/","og_site_name":"Cobra Anchors","article_modified_time":"2025-12-04T20:53:07+00:00","og_image":[{"width":2500,"height":2500,"url":"https:\/\/cobraanchors.com\/wp-content\/uploads\/2025\/10\/WallDrillerPlus_1_ENG.jpg","type":"image\/jpeg"}],"twitter_card":"summary_large_image","twitter_misc":{"Dur\u00e9e de lecture estim\u00e9e":"1 minute"},"schema":{"@context":"https:\/\/schema.org","@graph":[{"@type":"WebPage","@id":"https:\/\/cobraanchors.com\/fr\/produit\/walldriller-plus\/","url":"https:\/\/cobraanchors.com\/fr\/produit\/walldriller-plus\/","name":"Cobra Anchors \u2013 D\u00e9couvrez le WallDriller PLUS","isPartOf":{"@id":"https:\/\/cobraanchors.com\/fr\/#website"},"primaryImageOfPage":{"@id":"https:\/\/cobraanchors.com\/fr\/produit\/walldriller-plus\/#primaryimage"},"image":{"@id":"https:\/\/cobraanchors.com\/fr\/produit\/walldriller-plus\/#primaryimage"},"thumbnailUrl":"https:\/\/cobraanchors.com\/wp-content\/uploads\/2025\/10\/WallDrillerPlus_1_ENG.jpg","datePublished":"2025-11-25T22:47:29+00:00","dateModified":"2025-12-04T20:53:07+00:00","description":"D\u00e9couvrez le WallDriller PLUS de Cobra \u2014 cheville autoforeuse avec trois pattes expansibles, pour une fixation s\u00fbre sans pr\u00e9\u2011per\u00e7age.","breadcrumb":{"@id":"https:\/\/cobraanchors.com\/fr\/produit\/walldriller-plus\/#breadcrumb"},"inLanguage":"fr-FR","potentialAction":[{"@type":"ReadAction","target":["https:\/\/cobraanchors.com\/fr\/produit\/walldriller-plus\/"]}]},{"@type":"ImageObject","inLanguage":"fr-FR","@id":"https:\/\/cobraanchors.com\/fr\/produit\/walldriller-plus\/#primaryimage","url":"https:\/\/cobraanchors.com\/wp-content\/uploads\/2025\/10\/WallDrillerPlus_1_ENG.jpg","contentUrl":"https:\/\/cobraanchors.com\/wp-content\/uploads\/2025\/10\/WallDrillerPlus_1_ENG.jpg","width":2500,"height":2500},{"@type":"BreadcrumbList","@id":"https:\/\/cobraanchors.com\/fr\/produit\/walldriller-plus\/#breadcrumb","itemListElement":[{"@type":"ListItem","position":1,"name":"Home","item":"https:\/\/cobraanchors.com\/fr\/"},{"@type":"ListItem","position":2,"name":"Boutique","item":"https:\/\/cobraanchors.com\/fr\/boutique\/"},{"@type":"ListItem","position":3,"name":"WallDriller Plus"}]},{"@type":"WebSite","@id":"https:\/\/cobraanchors.com\/fr\/#website","url":"https:\/\/cobraanchors.com\/fr\/","name":"Cobra Anchors","description":"","potentialAction":[{"@type":"SearchAction","target":{"@type":"EntryPoint","urlTemplate":"https:\/\/cobraanchors.com\/fr\/?s={search_term_string}"},"query-input":{"@type":"PropertyValueSpecification","valueRequired":true,"valueName":"search_term_string"}}],"inLanguage":"fr-FR"}]}},"_links":{"self":[{"href":"https:\/\/cobraanchors.com\/fr\/wp-json\/wp\/v2\/product\/5075","targetHints":{"allow":["GET"]}}],"collection":[{"href":"https:\/\/cobraanchors.com\/fr\/wp-json\/wp\/v2\/product"}],"about":[{"href":"https:\/\/cobraanchors.com\/fr\/wp-json\/wp\/v2\/types\/product"}],"wp:featuredmedia":[{"embeddable":true,"href":"https:\/\/cobraanchors.com\/fr\/wp-json\/wp\/v2\/media\/5946"}],"wp:attachment":[{"href":"https:\/\/cobraanchors.com\/fr\/wp-json\/wp\/v2\/media?parent=5075"}],"wp:term":[{"taxonomy":"diameter","embeddable":true,"href":"https:\/\/cobraanchors.com\/fr\/wp-json\/wp\/v2\/diameter?post=5075"},{"taxonomy":"installation-tool","embeddable":true,"href":"https:\/\/cobraanchors.com\/fr\/wp-json\/wp\/v2\/installation-tool?post=5075"},{"taxonomy":"length","embeddable":true,"href":"https:\/\/cobraanchors.com\/fr\/wp-json\/wp\/v2\/length?post=5075"},{"taxonomy":"mounting-surface","embeddable":true,"href":"https:\/\/cobraanchors.com\/fr\/wp-json\/wp\/v2\/mounting-surface?post=5075"},{"taxonomy":"quantity","embeddable":true,"href":"https:\/\/cobraanchors.com\/fr\/wp-json\/wp\/v2\/quantity?post=5075"},{"taxonomy":"use","embeddable":true,"href":"https:\/\/cobraanchors.com\/fr\/wp-json\/wp\/v2\/use?post=5075"},{"taxonomy":"product_brand","embeddable":true,"href":"https:\/\/cobraanchors.com\/fr\/wp-json\/wp\/v2\/product_brand?post=5075"},{"taxonomy":"product_cat","embeddable":true,"href":"https:\/\/cobraanchors.com\/fr\/wp-json\/wp\/v2\/product_cat?post=5075"},{"taxonomy":"product_tag","embeddable":true,"href":"https:\/\/cobraanchors.com\/fr\/wp-json\/wp\/v2\/product_tag?post=5075"}],"curies":[{"name":"wp","href":"https:\/\/api.w.org\/{rel}","templated":true}]}}