{"id":5076,"date":"2025-11-25T17:47:29","date_gmt":"2025-11-25T22:47:29","guid":{"rendered":"https:\/\/cobra.naracreative.com\/product\/wallgripper-2\/"},"modified":"2025-12-04T15:52:36","modified_gmt":"2025-12-04T20:52:36","slug":"wallgripper","status":"publish","type":"product","link":"https:\/\/cobraanchors.com\/fr\/produit\/wallgripper\/","title":{"rendered":"WallGripper"},"content":{"rendered":"<p>Le WallGripper est un ancrage autoforeux \u00e0 expansion haute-performance compatible avec le placopl\u00e2tre. Il s\u2019ouvre, s\u2019agrippe derri\u00e8re le gypse et est deux fois plus r\u00e9sistant qu\u2019un ancrage autoforeur courant. Son design brevet\u00e9 vous assure d\u2019une capacit\u00e9 de retenue ultime sans pr\u00e9per\u00e7age. Son corps de conception unique poss\u00e8de quatre ailettes d\u2019expansion qui se rabattent et s\u2019agrippent fermement derri\u00e8re le gypse. Une fine pointe centr\u00e9e guide l\u2019ancrage dans le mur avec une parfaite pr\u00e9cision. Une bordure ac\u00e9r\u00e9e r\u00e9duit la force requise pour couper le mat\u00e9riau. Un filet au profil ac\u00e9r\u00e9 coupe profond\u00e9ment dans le trou pour assurer une capacit\u00e9 ultime de retenue et de stabilit\u00e9 sans endommager le mat\u00e9riau du mur.<\/p>\n","protected":false},"excerpt":{"rendered":"<p>Le WallGripper est un ancrage autoforeux \u00e0 expansion haute-performance compatible avec le placopl\u00e2tre. Il s\u2019ouvre, s\u2019agrippe derri\u00e8re le gypse et est deux fois plus r\u00e9sistant qu\u2019un ancrage autoforeur courant. Son design brevet\u00e9 vous assure d\u2019une capacit\u00e9 de retenue ultime sans pr\u00e9per\u00e7age. Son corps de conception unique poss\u00e8de quatre ailettes d\u2019expansion qui se rabattent et s\u2019agrippent&hellip; <a class=\"more-link\" href=\"https:\/\/cobraanchors.com\/fr\/produit\/wallgripper\/\">Continue reading <span class=\"screen-reader-text\">WallGripper<\/span><\/a><\/p>\n","protected":false},"featured_media":6078,"template":"","meta":{"_acf_changed":false},"diameter":[],"installation-tool":[100],"length":[],"mounting-surface":[87,88],"quantity":[],"use":[],"product_brand":[],"product_cat":[82],"product_tag":[],"class_list":{"0":"post-5076","1":"product","2":"type-product","3":"status-publish","4":"has-post-thumbnail","6":"installation-tool-tournevis","7":"mounting-surface-plaque-de-platre-1-2","8":"mounting-surface-plaque-de-platre-3-8","9":"product_cat-mur-creux","10":"entry","12":"first","13":"instock","14":"product-type-simple"},"acf":[],"yoast_head":"<!-- This site is optimized with the Yoast SEO plugin v26.5 - https:\/\/yoast.com\/wordpress\/plugins\/seo\/ -->\n<title>Cobra Anchors \u2013 D\u00e9couvrez le robuste WallGripper<\/title>\n<meta name=\"description\" content=\"D\u00e9couvrez le WallGripper de Cobra \u2014 ancrage auto\u2011foreur expansible qui s\u2019ouvre derri\u00e8re le gypse pour une fixation solide et sans pr\u00e9\u2011per\u00e7age.\" \/>\n<meta name=\"robots\" content=\"index, follow, max-snippet:-1, max-image-preview:large, max-video-preview:-1\" \/>\n<link rel=\"canonical\" href=\"https:\/\/cobraanchors.com\/fr\/produit\/wallgripper\/\" \/>\n<meta property=\"og:locale\" content=\"fr_FR\" \/>\n<meta property=\"og:type\" content=\"article\" \/>\n<meta property=\"og:title\" content=\"Cobra Anchors \u2013 D\u00e9couvrez le robuste WallGripper\" \/>\n<meta property=\"og:description\" content=\"D\u00e9couvrez le WallGripper de Cobra \u2014 ancrage auto\u2011foreur expansible qui s\u2019ouvre derri\u00e8re le gypse pour une fixation solide et sans pr\u00e9\u2011per\u00e7age.\" \/>\n<meta property=\"og:url\" content=\"https:\/\/cobraanchors.com\/fr\/produit\/wallgripper\/\" \/>\n<meta property=\"og:site_name\" content=\"Cobra Anchors\" \/>\n<meta property=\"article:modified_time\" content=\"2025-12-04T20:52:36+00:00\" \/>\n<meta property=\"og:image\" content=\"https:\/\/cobraanchors.com\/wp-content\/uploads\/2025\/11\/WallGripper_BrassScrew_1_ENG.jpg\" \/>\n\t<meta property=\"og:image:width\" content=\"2500\" \/>\n\t<meta property=\"og:image:height\" content=\"2500\" \/>\n\t<meta property=\"og:image:type\" content=\"image\/jpeg\" \/>\n<meta name=\"twitter:card\" content=\"summary_large_image\" \/>\n<meta name=\"twitter:label1\" content=\"Dur\u00e9e de lecture estim\u00e9e\" \/>\n\t<meta name=\"twitter:data1\" content=\"1 minute\" \/>\n<script type=\"application\/ld+json\" class=\"yoast-schema-graph\">{\"@context\":\"https:\/\/schema.org\",\"@graph\":[{\"@type\":\"WebPage\",\"@id\":\"https:\/\/cobraanchors.com\/fr\/produit\/wallgripper\/\",\"url\":\"https:\/\/cobraanchors.com\/fr\/produit\/wallgripper\/\",\"name\":\"Cobra Anchors \u2013 D\u00e9couvrez le robuste WallGripper\",\"isPartOf\":{\"@id\":\"https:\/\/cobraanchors.com\/fr\/#website\"},\"primaryImageOfPage\":{\"@id\":\"https:\/\/cobraanchors.com\/fr\/produit\/wallgripper\/#primaryimage\"},\"image\":{\"@id\":\"https:\/\/cobraanchors.com\/fr\/produit\/wallgripper\/#primaryimage\"},\"thumbnailUrl\":\"https:\/\/cobraanchors.com\/wp-content\/uploads\/2025\/11\/WallGripper_BrassScrew_1_ENG.jpg\",\"datePublished\":\"2025-11-25T22:47:29+00:00\",\"dateModified\":\"2025-12-04T20:52:36+00:00\",\"description\":\"D\u00e9couvrez le WallGripper de Cobra \u2014 ancrage auto\u2011foreur expansible qui s\u2019ouvre derri\u00e8re le gypse pour une fixation solide et sans pr\u00e9\u2011per\u00e7age.\",\"breadcrumb\":{\"@id\":\"https:\/\/cobraanchors.com\/fr\/produit\/wallgripper\/#breadcrumb\"},\"inLanguage\":\"fr-FR\",\"potentialAction\":[{\"@type\":\"ReadAction\",\"target\":[\"https:\/\/cobraanchors.com\/fr\/produit\/wallgripper\/\"]}]},{\"@type\":\"ImageObject\",\"inLanguage\":\"fr-FR\",\"@id\":\"https:\/\/cobraanchors.com\/fr\/produit\/wallgripper\/#primaryimage\",\"url\":\"https:\/\/cobraanchors.com\/wp-content\/uploads\/2025\/11\/WallGripper_BrassScrew_1_ENG.jpg\",\"contentUrl\":\"https:\/\/cobraanchors.com\/wp-content\/uploads\/2025\/11\/WallGripper_BrassScrew_1_ENG.jpg\",\"width\":2500,\"height\":2500},{\"@type\":\"BreadcrumbList\",\"@id\":\"https:\/\/cobraanchors.com\/fr\/produit\/wallgripper\/#breadcrumb\",\"itemListElement\":[{\"@type\":\"ListItem\",\"position\":1,\"name\":\"Home\",\"item\":\"https:\/\/cobraanchors.com\/fr\/\"},{\"@type\":\"ListItem\",\"position\":2,\"name\":\"Boutique\",\"item\":\"https:\/\/cobraanchors.com\/fr\/boutique\/\"},{\"@type\":\"ListItem\",\"position\":3,\"name\":\"WallGripper\"}]},{\"@type\":\"WebSite\",\"@id\":\"https:\/\/cobraanchors.com\/fr\/#website\",\"url\":\"https:\/\/cobraanchors.com\/fr\/\",\"name\":\"Cobra Anchors\",\"description\":\"\",\"potentialAction\":[{\"@type\":\"SearchAction\",\"target\":{\"@type\":\"EntryPoint\",\"urlTemplate\":\"https:\/\/cobraanchors.com\/fr\/?s={search_term_string}\"},\"query-input\":{\"@type\":\"PropertyValueSpecification\",\"valueRequired\":true,\"valueName\":\"search_term_string\"}}],\"inLanguage\":\"fr-FR\"}]}<\/script>\n<!-- \/ Yoast SEO plugin. -->","yoast_head_json":{"title":"Cobra Anchors \u2013 D\u00e9couvrez le robuste WallGripper","description":"D\u00e9couvrez le WallGripper de Cobra \u2014 ancrage auto\u2011foreur expansible qui s\u2019ouvre derri\u00e8re le gypse pour une fixation solide et sans pr\u00e9\u2011per\u00e7age.","robots":{"index":"index","follow":"follow","max-snippet":"max-snippet:-1","max-image-preview":"max-image-preview:large","max-video-preview":"max-video-preview:-1"},"canonical":"https:\/\/cobraanchors.com\/fr\/produit\/wallgripper\/","og_locale":"fr_FR","og_type":"article","og_title":"Cobra Anchors \u2013 D\u00e9couvrez le robuste WallGripper","og_description":"D\u00e9couvrez le WallGripper de Cobra \u2014 ancrage auto\u2011foreur expansible qui s\u2019ouvre derri\u00e8re le gypse pour une fixation solide et sans pr\u00e9\u2011per\u00e7age.","og_url":"https:\/\/cobraanchors.com\/fr\/produit\/wallgripper\/","og_site_name":"Cobra Anchors","article_modified_time":"2025-12-04T20:52:36+00:00","og_image":[{"width":2500,"height":2500,"url":"https:\/\/cobraanchors.com\/wp-content\/uploads\/2025\/11\/WallGripper_BrassScrew_1_ENG.jpg","type":"image\/jpeg"}],"twitter_card":"summary_large_image","twitter_misc":{"Dur\u00e9e de lecture estim\u00e9e":"1 minute"},"schema":{"@context":"https:\/\/schema.org","@graph":[{"@type":"WebPage","@id":"https:\/\/cobraanchors.com\/fr\/produit\/wallgripper\/","url":"https:\/\/cobraanchors.com\/fr\/produit\/wallgripper\/","name":"Cobra Anchors \u2013 D\u00e9couvrez le robuste WallGripper","isPartOf":{"@id":"https:\/\/cobraanchors.com\/fr\/#website"},"primaryImageOfPage":{"@id":"https:\/\/cobraanchors.com\/fr\/produit\/wallgripper\/#primaryimage"},"image":{"@id":"https:\/\/cobraanchors.com\/fr\/produit\/wallgripper\/#primaryimage"},"thumbnailUrl":"https:\/\/cobraanchors.com\/wp-content\/uploads\/2025\/11\/WallGripper_BrassScrew_1_ENG.jpg","datePublished":"2025-11-25T22:47:29+00:00","dateModified":"2025-12-04T20:52:36+00:00","description":"D\u00e9couvrez le WallGripper de Cobra \u2014 ancrage auto\u2011foreur expansible qui s\u2019ouvre derri\u00e8re le gypse pour une fixation solide et sans pr\u00e9\u2011per\u00e7age.","breadcrumb":{"@id":"https:\/\/cobraanchors.com\/fr\/produit\/wallgripper\/#breadcrumb"},"inLanguage":"fr-FR","potentialAction":[{"@type":"ReadAction","target":["https:\/\/cobraanchors.com\/fr\/produit\/wallgripper\/"]}]},{"@type":"ImageObject","inLanguage":"fr-FR","@id":"https:\/\/cobraanchors.com\/fr\/produit\/wallgripper\/#primaryimage","url":"https:\/\/cobraanchors.com\/wp-content\/uploads\/2025\/11\/WallGripper_BrassScrew_1_ENG.jpg","contentUrl":"https:\/\/cobraanchors.com\/wp-content\/uploads\/2025\/11\/WallGripper_BrassScrew_1_ENG.jpg","width":2500,"height":2500},{"@type":"BreadcrumbList","@id":"https:\/\/cobraanchors.com\/fr\/produit\/wallgripper\/#breadcrumb","itemListElement":[{"@type":"ListItem","position":1,"name":"Home","item":"https:\/\/cobraanchors.com\/fr\/"},{"@type":"ListItem","position":2,"name":"Boutique","item":"https:\/\/cobraanchors.com\/fr\/boutique\/"},{"@type":"ListItem","position":3,"name":"WallGripper"}]},{"@type":"WebSite","@id":"https:\/\/cobraanchors.com\/fr\/#website","url":"https:\/\/cobraanchors.com\/fr\/","name":"Cobra Anchors","description":"","potentialAction":[{"@type":"SearchAction","target":{"@type":"EntryPoint","urlTemplate":"https:\/\/cobraanchors.com\/fr\/?s={search_term_string}"},"query-input":{"@type":"PropertyValueSpecification","valueRequired":true,"valueName":"search_term_string"}}],"inLanguage":"fr-FR"}]}},"_links":{"self":[{"href":"https:\/\/cobraanchors.com\/fr\/wp-json\/wp\/v2\/product\/5076","targetHints":{"allow":["GET"]}}],"collection":[{"href":"https:\/\/cobraanchors.com\/fr\/wp-json\/wp\/v2\/product"}],"about":[{"href":"https:\/\/cobraanchors.com\/fr\/wp-json\/wp\/v2\/types\/product"}],"wp:featuredmedia":[{"embeddable":true,"href":"https:\/\/cobraanchors.com\/fr\/wp-json\/wp\/v2\/media\/6078"}],"wp:attachment":[{"href":"https:\/\/cobraanchors.com\/fr\/wp-json\/wp\/v2\/media?parent=5076"}],"wp:term":[{"taxonomy":"diameter","embeddable":true,"href":"https:\/\/cobraanchors.com\/fr\/wp-json\/wp\/v2\/diameter?post=5076"},{"taxonomy":"installation-tool","embeddable":true,"href":"https:\/\/cobraanchors.com\/fr\/wp-json\/wp\/v2\/installation-tool?post=5076"},{"taxonomy":"length","embeddable":true,"href":"https:\/\/cobraanchors.com\/fr\/wp-json\/wp\/v2\/length?post=5076"},{"taxonomy":"mounting-surface","embeddable":true,"href":"https:\/\/cobraanchors.com\/fr\/wp-json\/wp\/v2\/mounting-surface?post=5076"},{"taxonomy":"quantity","embeddable":true,"href":"https:\/\/cobraanchors.com\/fr\/wp-json\/wp\/v2\/quantity?post=5076"},{"taxonomy":"use","embeddable":true,"href":"https:\/\/cobraanchors.com\/fr\/wp-json\/wp\/v2\/use?post=5076"},{"taxonomy":"product_brand","embeddable":true,"href":"https:\/\/cobraanchors.com\/fr\/wp-json\/wp\/v2\/product_brand?post=5076"},{"taxonomy":"product_cat","embeddable":true,"href":"https:\/\/cobraanchors.com\/fr\/wp-json\/wp\/v2\/product_cat?post=5076"},{"taxonomy":"product_tag","embeddable":true,"href":"https:\/\/cobraanchors.com\/fr\/wp-json\/wp\/v2\/product_tag?post=5076"}],"curies":[{"name":"wp","href":"https:\/\/api.w.org\/{rel}","templated":true}]}}