{"id":5077,"date":"2025-11-25T17:47:03","date_gmt":"2025-11-25T22:47:03","guid":{"rendered":"https:\/\/cobra.naracreative.com\/product\/ceiling-driller-2\/"},"modified":"2025-12-04T15:31:00","modified_gmt":"2025-12-04T20:31:00","slug":"ceiling-driller","status":"publish","type":"product","link":"https:\/\/cobraanchors.com\/fr\/produit\/ceiling-driller\/","title":{"rendered":"Ceiling Driller"},"content":{"rendered":"<p>Le CeilingDriller\u00ae est le crochet \u00e0 plante le plus pratique, s\u00e9curitaire et facile \u00e0 installer sur le march\u00e9. Solide et \u00e9l\u00e9gant, ce crochet pivote sur 360 degr\u00e9s selon vos besoins pour suspendre vos plantes ou toute autre d\u00e9coration. Aucun pr\u00e9per\u00e7age n\u2019est n\u00e9cessaire. Un tournevis suffit pour l\u2019installer. Le CeilingDriller\u00ae utilise le m\u00e9canisme de bascule du DrillerToggle\u00ae. Cela assure une prise solide et s\u00e9curitaire de la base du crochet au plafond. Disponible en finis blanc, laiton, antique et noir.<\/p>\n","protected":false},"excerpt":{"rendered":"<p>Le CeilingDriller\u00ae est le crochet \u00e0 plante le plus pratique, s\u00e9curitaire et facile \u00e0 installer sur le march\u00e9. Solide et \u00e9l\u00e9gant, ce crochet pivote sur 360 degr\u00e9s selon vos besoins pour suspendre vos plantes ou toute autre d\u00e9coration. Aucun pr\u00e9per\u00e7age n\u2019est n\u00e9cessaire. Un tournevis suffit pour l\u2019installer. Le CeilingDriller\u00ae utilise le m\u00e9canisme de bascule du&hellip; <a class=\"more-link\" href=\"https:\/\/cobraanchors.com\/fr\/produit\/ceiling-driller\/\">Continue reading <span class=\"screen-reader-text\">Ceiling Driller<\/span><\/a><\/p>\n","protected":false},"featured_media":6321,"template":"","meta":{"_acf_changed":false},"diameter":[],"installation-tool":[100],"length":[],"mounting-surface":[87,88,89],"quantity":[],"use":[],"product_brand":[],"product_cat":[84],"product_tag":[],"class_list":{"0":"post-5077","1":"product","2":"type-product","3":"status-publish","4":"has-post-thumbnail","6":"installation-tool-tournevis","7":"mounting-surface-plaque-de-platre-1-2","8":"mounting-surface-plaque-de-platre-3-8","9":"mounting-surface-plaque-de-platre-5-8","10":"product_cat-crochets-a-plantes","11":"entry","13":"first","14":"instock","15":"product-type-simple"},"acf":[],"yoast_head":"<!-- This site is optimized with the Yoast SEO plugin v26.5 - https:\/\/yoast.com\/wordpress\/plugins\/seo\/ -->\n<title>Cobra Anchors \u2013 D\u00e9couvrez notre ceiling driller<\/title>\n<meta name=\"description\" content=\"D\u00e9couvrez le Ceiling Driller de Cobra Anchors \u2014 outil de per\u00e7age efficace et simple pour installer solidement des ancrages dans plafonds ou cloisons.\" \/>\n<meta name=\"robots\" content=\"index, follow, max-snippet:-1, max-image-preview:large, max-video-preview:-1\" \/>\n<link rel=\"canonical\" href=\"https:\/\/cobraanchors.com\/fr\/produit\/ceiling-driller\/\" \/>\n<meta property=\"og:locale\" content=\"fr_FR\" \/>\n<meta property=\"og:type\" content=\"article\" \/>\n<meta property=\"og:title\" content=\"Cobra Anchors \u2013 D\u00e9couvrez notre ceiling driller\" \/>\n<meta property=\"og:description\" content=\"D\u00e9couvrez le Ceiling Driller de Cobra Anchors \u2014 outil de per\u00e7age efficace et simple pour installer solidement des ancrages dans plafonds ou cloisons.\" \/>\n<meta property=\"og:url\" content=\"https:\/\/cobraanchors.com\/fr\/produit\/ceiling-driller\/\" \/>\n<meta property=\"og:site_name\" content=\"Cobra Anchors\" \/>\n<meta property=\"article:modified_time\" content=\"2025-12-04T20:31:00+00:00\" \/>\n<meta property=\"og:image\" content=\"https:\/\/cobraanchors.com\/wp-content\/uploads\/2025\/11\/CeilingDriller_Brass_1_ENG.jpg\" \/>\n\t<meta property=\"og:image:width\" content=\"2500\" \/>\n\t<meta property=\"og:image:height\" content=\"2500\" \/>\n\t<meta property=\"og:image:type\" content=\"image\/jpeg\" \/>\n<meta name=\"twitter:card\" content=\"summary_large_image\" \/>\n<meta name=\"twitter:label1\" content=\"Dur\u00e9e de lecture estim\u00e9e\" \/>\n\t<meta name=\"twitter:data1\" content=\"1 minute\" \/>\n<script type=\"application\/ld+json\" class=\"yoast-schema-graph\">{\"@context\":\"https:\/\/schema.org\",\"@graph\":[{\"@type\":\"WebPage\",\"@id\":\"https:\/\/cobraanchors.com\/fr\/produit\/ceiling-driller\/\",\"url\":\"https:\/\/cobraanchors.com\/fr\/produit\/ceiling-driller\/\",\"name\":\"Cobra Anchors \u2013 D\u00e9couvrez notre ceiling driller\",\"isPartOf\":{\"@id\":\"https:\/\/cobraanchors.com\/fr\/#website\"},\"primaryImageOfPage\":{\"@id\":\"https:\/\/cobraanchors.com\/fr\/produit\/ceiling-driller\/#primaryimage\"},\"image\":{\"@id\":\"https:\/\/cobraanchors.com\/fr\/produit\/ceiling-driller\/#primaryimage\"},\"thumbnailUrl\":\"https:\/\/cobraanchors.com\/wp-content\/uploads\/2025\/11\/CeilingDriller_Brass_1_ENG.jpg\",\"datePublished\":\"2025-11-25T22:47:03+00:00\",\"dateModified\":\"2025-12-04T20:31:00+00:00\",\"description\":\"D\u00e9couvrez le Ceiling Driller de Cobra Anchors \u2014 outil de per\u00e7age efficace et simple pour installer solidement des ancrages dans plafonds ou cloisons.\",\"breadcrumb\":{\"@id\":\"https:\/\/cobraanchors.com\/fr\/produit\/ceiling-driller\/#breadcrumb\"},\"inLanguage\":\"fr-FR\",\"potentialAction\":[{\"@type\":\"ReadAction\",\"target\":[\"https:\/\/cobraanchors.com\/fr\/produit\/ceiling-driller\/\"]}]},{\"@type\":\"ImageObject\",\"inLanguage\":\"fr-FR\",\"@id\":\"https:\/\/cobraanchors.com\/fr\/produit\/ceiling-driller\/#primaryimage\",\"url\":\"https:\/\/cobraanchors.com\/wp-content\/uploads\/2025\/11\/CeilingDriller_Brass_1_ENG.jpg\",\"contentUrl\":\"https:\/\/cobraanchors.com\/wp-content\/uploads\/2025\/11\/CeilingDriller_Brass_1_ENG.jpg\",\"width\":2500,\"height\":2500},{\"@type\":\"BreadcrumbList\",\"@id\":\"https:\/\/cobraanchors.com\/fr\/produit\/ceiling-driller\/#breadcrumb\",\"itemListElement\":[{\"@type\":\"ListItem\",\"position\":1,\"name\":\"Home\",\"item\":\"https:\/\/cobraanchors.com\/fr\/\"},{\"@type\":\"ListItem\",\"position\":2,\"name\":\"Boutique\",\"item\":\"https:\/\/cobraanchors.com\/fr\/boutique\/\"},{\"@type\":\"ListItem\",\"position\":3,\"name\":\"Ceiling Driller\"}]},{\"@type\":\"WebSite\",\"@id\":\"https:\/\/cobraanchors.com\/fr\/#website\",\"url\":\"https:\/\/cobraanchors.com\/fr\/\",\"name\":\"Cobra Anchors\",\"description\":\"\",\"potentialAction\":[{\"@type\":\"SearchAction\",\"target\":{\"@type\":\"EntryPoint\",\"urlTemplate\":\"https:\/\/cobraanchors.com\/fr\/?s={search_term_string}\"},\"query-input\":{\"@type\":\"PropertyValueSpecification\",\"valueRequired\":true,\"valueName\":\"search_term_string\"}}],\"inLanguage\":\"fr-FR\"}]}<\/script>\n<!-- \/ Yoast SEO plugin. -->","yoast_head_json":{"title":"Cobra Anchors \u2013 D\u00e9couvrez notre ceiling driller","description":"D\u00e9couvrez le Ceiling Driller de Cobra Anchors \u2014 outil de per\u00e7age efficace et simple pour installer solidement des ancrages dans plafonds ou cloisons.","robots":{"index":"index","follow":"follow","max-snippet":"max-snippet:-1","max-image-preview":"max-image-preview:large","max-video-preview":"max-video-preview:-1"},"canonical":"https:\/\/cobraanchors.com\/fr\/produit\/ceiling-driller\/","og_locale":"fr_FR","og_type":"article","og_title":"Cobra Anchors \u2013 D\u00e9couvrez notre ceiling driller","og_description":"D\u00e9couvrez le Ceiling Driller de Cobra Anchors \u2014 outil de per\u00e7age efficace et simple pour installer solidement des ancrages dans plafonds ou cloisons.","og_url":"https:\/\/cobraanchors.com\/fr\/produit\/ceiling-driller\/","og_site_name":"Cobra Anchors","article_modified_time":"2025-12-04T20:31:00+00:00","og_image":[{"width":2500,"height":2500,"url":"https:\/\/cobraanchors.com\/wp-content\/uploads\/2025\/11\/CeilingDriller_Brass_1_ENG.jpg","type":"image\/jpeg"}],"twitter_card":"summary_large_image","twitter_misc":{"Dur\u00e9e de lecture estim\u00e9e":"1 minute"},"schema":{"@context":"https:\/\/schema.org","@graph":[{"@type":"WebPage","@id":"https:\/\/cobraanchors.com\/fr\/produit\/ceiling-driller\/","url":"https:\/\/cobraanchors.com\/fr\/produit\/ceiling-driller\/","name":"Cobra Anchors \u2013 D\u00e9couvrez notre ceiling driller","isPartOf":{"@id":"https:\/\/cobraanchors.com\/fr\/#website"},"primaryImageOfPage":{"@id":"https:\/\/cobraanchors.com\/fr\/produit\/ceiling-driller\/#primaryimage"},"image":{"@id":"https:\/\/cobraanchors.com\/fr\/produit\/ceiling-driller\/#primaryimage"},"thumbnailUrl":"https:\/\/cobraanchors.com\/wp-content\/uploads\/2025\/11\/CeilingDriller_Brass_1_ENG.jpg","datePublished":"2025-11-25T22:47:03+00:00","dateModified":"2025-12-04T20:31:00+00:00","description":"D\u00e9couvrez le Ceiling Driller de Cobra Anchors \u2014 outil de per\u00e7age efficace et simple pour installer solidement des ancrages dans plafonds ou cloisons.","breadcrumb":{"@id":"https:\/\/cobraanchors.com\/fr\/produit\/ceiling-driller\/#breadcrumb"},"inLanguage":"fr-FR","potentialAction":[{"@type":"ReadAction","target":["https:\/\/cobraanchors.com\/fr\/produit\/ceiling-driller\/"]}]},{"@type":"ImageObject","inLanguage":"fr-FR","@id":"https:\/\/cobraanchors.com\/fr\/produit\/ceiling-driller\/#primaryimage","url":"https:\/\/cobraanchors.com\/wp-content\/uploads\/2025\/11\/CeilingDriller_Brass_1_ENG.jpg","contentUrl":"https:\/\/cobraanchors.com\/wp-content\/uploads\/2025\/11\/CeilingDriller_Brass_1_ENG.jpg","width":2500,"height":2500},{"@type":"BreadcrumbList","@id":"https:\/\/cobraanchors.com\/fr\/produit\/ceiling-driller\/#breadcrumb","itemListElement":[{"@type":"ListItem","position":1,"name":"Home","item":"https:\/\/cobraanchors.com\/fr\/"},{"@type":"ListItem","position":2,"name":"Boutique","item":"https:\/\/cobraanchors.com\/fr\/boutique\/"},{"@type":"ListItem","position":3,"name":"Ceiling Driller"}]},{"@type":"WebSite","@id":"https:\/\/cobraanchors.com\/fr\/#website","url":"https:\/\/cobraanchors.com\/fr\/","name":"Cobra Anchors","description":"","potentialAction":[{"@type":"SearchAction","target":{"@type":"EntryPoint","urlTemplate":"https:\/\/cobraanchors.com\/fr\/?s={search_term_string}"},"query-input":{"@type":"PropertyValueSpecification","valueRequired":true,"valueName":"search_term_string"}}],"inLanguage":"fr-FR"}]}},"_links":{"self":[{"href":"https:\/\/cobraanchors.com\/fr\/wp-json\/wp\/v2\/product\/5077","targetHints":{"allow":["GET"]}}],"collection":[{"href":"https:\/\/cobraanchors.com\/fr\/wp-json\/wp\/v2\/product"}],"about":[{"href":"https:\/\/cobraanchors.com\/fr\/wp-json\/wp\/v2\/types\/product"}],"wp:featuredmedia":[{"embeddable":true,"href":"https:\/\/cobraanchors.com\/fr\/wp-json\/wp\/v2\/media\/6321"}],"wp:attachment":[{"href":"https:\/\/cobraanchors.com\/fr\/wp-json\/wp\/v2\/media?parent=5077"}],"wp:term":[{"taxonomy":"diameter","embeddable":true,"href":"https:\/\/cobraanchors.com\/fr\/wp-json\/wp\/v2\/diameter?post=5077"},{"taxonomy":"installation-tool","embeddable":true,"href":"https:\/\/cobraanchors.com\/fr\/wp-json\/wp\/v2\/installation-tool?post=5077"},{"taxonomy":"length","embeddable":true,"href":"https:\/\/cobraanchors.com\/fr\/wp-json\/wp\/v2\/length?post=5077"},{"taxonomy":"mounting-surface","embeddable":true,"href":"https:\/\/cobraanchors.com\/fr\/wp-json\/wp\/v2\/mounting-surface?post=5077"},{"taxonomy":"quantity","embeddable":true,"href":"https:\/\/cobraanchors.com\/fr\/wp-json\/wp\/v2\/quantity?post=5077"},{"taxonomy":"use","embeddable":true,"href":"https:\/\/cobraanchors.com\/fr\/wp-json\/wp\/v2\/use?post=5077"},{"taxonomy":"product_brand","embeddable":true,"href":"https:\/\/cobraanchors.com\/fr\/wp-json\/wp\/v2\/product_brand?post=5077"},{"taxonomy":"product_cat","embeddable":true,"href":"https:\/\/cobraanchors.com\/fr\/wp-json\/wp\/v2\/product_cat?post=5077"},{"taxonomy":"product_tag","embeddable":true,"href":"https:\/\/cobraanchors.com\/fr\/wp-json\/wp\/v2\/product_tag?post=5077"}],"curies":[{"name":"wp","href":"https:\/\/api.w.org\/{rel}","templated":true}]}}