{"id":5078,"date":"2025-11-25T17:47:03","date_gmt":"2025-11-25T22:47:03","guid":{"rendered":"https:\/\/cobra.naracreative.com\/product\/fliptoggle-2\/"},"modified":"2025-12-04T15:32:51","modified_gmt":"2025-12-04T20:32:51","slug":"fliptoggle","status":"publish","type":"product","link":"https:\/\/cobraanchors.com\/fr\/produit\/fliptoggle\/","title":{"rendered":"FlipToggle"},"content":{"rendered":"<p>Le puissant m\u00e9canisme de bascule de l\u2019ancrage FLIPTOGGLE\u00ae fournit une force de retenue suppl\u00e9mentaire dans le gypse ou les blocs creux. Sa principale caract\u00e9ristique est sa capacit\u00e9 d&rsquo;\u00eatre install\u00e9 dans des murs creux, jusqu\u2019\u00e0 trois pouces d\u2019\u00e9paisseur. La simplicit\u00e9 et l\u2019efficacit\u00e9 du m\u00e9canisme de bascule assure une installation sans probl\u00e8me \u00e0 chaque fois et il est deux fois plus fort que le boulon \u00e0 ailettes r\u00e9gulier, pour un m\u00eame diam\u00e8tre de boulon. Le FLIPTOGGLE\u00ae n\u00e9cessite un trou de 1\/2 pouce peu importe le diam\u00e8tre de boulon choisi et peut \u00eatre utilis\u00e9 avec n\u2019importe quelle longueur de boulon. Disponibles en diam\u00e8tres de 1\/4&Prime; et 3\/16&Prime;.<\/p>\n","protected":false},"excerpt":{"rendered":"<p>Le puissant m\u00e9canisme de bascule de l\u2019ancrage FLIPTOGGLE\u00ae fournit une force de retenue suppl\u00e9mentaire dans le gypse ou les blocs creux. Sa principale caract\u00e9ristique est sa capacit\u00e9 d&rsquo;\u00eatre install\u00e9 dans des murs creux, jusqu\u2019\u00e0 trois pouces d\u2019\u00e9paisseur. La simplicit\u00e9 et l\u2019efficacit\u00e9 du m\u00e9canisme de bascule assure une installation sans probl\u00e8me \u00e0 chaque fois et il&hellip; <a class=\"more-link\" href=\"https:\/\/cobraanchors.com\/fr\/produit\/fliptoggle\/\">Continue reading <span class=\"screen-reader-text\">FlipToggle<\/span><\/a><\/p>\n","protected":false},"featured_media":5934,"template":"","meta":{"_acf_changed":false},"diameter":[],"installation-tool":[98,100],"length":[],"mounting-surface":[90,95,87,88,94],"quantity":[],"use":[],"product_brand":[],"product_cat":[83],"product_tag":[],"class_list":{"0":"post-5078","1":"product","2":"type-product","3":"status-publish","4":"has-post-thumbnail","6":"installation-tool-perceuse","7":"installation-tool-tournevis","8":"mounting-surface-bloc-creux","9":"mounting-surface-carrelage","10":"mounting-surface-plaque-de-platre-1-2","11":"mounting-surface-plaque-de-platre-3-8","12":"mounting-surface-platre","13":"product_cat-multi-usages","14":"entry","16":"first","17":"instock","18":"product-type-simple"},"acf":[],"yoast_head":"<!-- This site is optimized with the Yoast SEO plugin v26.5 - https:\/\/yoast.com\/wordpress\/plugins\/seo\/ -->\n<title>Cobra Anchors \u2013 D\u00e9couvrez notre FlipToggle Anchors<\/title>\n<meta name=\"description\" content=\"D\u00e9couvrez les FlipToggle Cobra \u2014 chevilles \u00e0 bascule faciles \u00e0 poser pour murs creux, offrant fixation solide sur plaques, pl\u00e2tre ou blocs.\" \/>\n<meta name=\"robots\" content=\"index, follow, max-snippet:-1, max-image-preview:large, max-video-preview:-1\" \/>\n<link rel=\"canonical\" href=\"https:\/\/cobraanchors.com\/fr\/produit\/fliptoggle\/\" \/>\n<meta property=\"og:locale\" content=\"fr_FR\" \/>\n<meta property=\"og:type\" content=\"article\" \/>\n<meta property=\"og:title\" content=\"Cobra Anchors \u2013 D\u00e9couvrez notre FlipToggle Anchors\" \/>\n<meta property=\"og:description\" content=\"D\u00e9couvrez les FlipToggle Cobra \u2014 chevilles \u00e0 bascule faciles \u00e0 poser pour murs creux, offrant fixation solide sur plaques, pl\u00e2tre ou blocs.\" \/>\n<meta property=\"og:url\" content=\"https:\/\/cobraanchors.com\/fr\/produit\/fliptoggle\/\" \/>\n<meta property=\"og:site_name\" content=\"Cobra Anchors\" \/>\n<meta property=\"article:modified_time\" content=\"2025-12-04T20:32:51+00:00\" \/>\n<meta property=\"og:image\" content=\"https:\/\/cobraanchors.com\/wp-content\/uploads\/2025\/10\/FlipToggle_1_ENG.jpg\" \/>\n\t<meta property=\"og:image:width\" content=\"2500\" \/>\n\t<meta property=\"og:image:height\" content=\"2500\" \/>\n\t<meta property=\"og:image:type\" content=\"image\/jpeg\" \/>\n<meta name=\"twitter:card\" content=\"summary_large_image\" \/>\n<meta name=\"twitter:label1\" content=\"Dur\u00e9e de lecture estim\u00e9e\" \/>\n\t<meta name=\"twitter:data1\" content=\"1 minute\" \/>\n<script type=\"application\/ld+json\" class=\"yoast-schema-graph\">{\"@context\":\"https:\/\/schema.org\",\"@graph\":[{\"@type\":\"WebPage\",\"@id\":\"https:\/\/cobraanchors.com\/fr\/produit\/fliptoggle\/\",\"url\":\"https:\/\/cobraanchors.com\/fr\/produit\/fliptoggle\/\",\"name\":\"Cobra Anchors \u2013 D\u00e9couvrez notre FlipToggle Anchors\",\"isPartOf\":{\"@id\":\"https:\/\/cobraanchors.com\/fr\/#website\"},\"primaryImageOfPage\":{\"@id\":\"https:\/\/cobraanchors.com\/fr\/produit\/fliptoggle\/#primaryimage\"},\"image\":{\"@id\":\"https:\/\/cobraanchors.com\/fr\/produit\/fliptoggle\/#primaryimage\"},\"thumbnailUrl\":\"https:\/\/cobraanchors.com\/wp-content\/uploads\/2025\/10\/FlipToggle_1_ENG.jpg\",\"datePublished\":\"2025-11-25T22:47:03+00:00\",\"dateModified\":\"2025-12-04T20:32:51+00:00\",\"description\":\"D\u00e9couvrez les FlipToggle Cobra \u2014 chevilles \u00e0 bascule faciles \u00e0 poser pour murs creux, offrant fixation solide sur plaques, pl\u00e2tre ou blocs.\",\"breadcrumb\":{\"@id\":\"https:\/\/cobraanchors.com\/fr\/produit\/fliptoggle\/#breadcrumb\"},\"inLanguage\":\"fr-FR\",\"potentialAction\":[{\"@type\":\"ReadAction\",\"target\":[\"https:\/\/cobraanchors.com\/fr\/produit\/fliptoggle\/\"]}]},{\"@type\":\"ImageObject\",\"inLanguage\":\"fr-FR\",\"@id\":\"https:\/\/cobraanchors.com\/fr\/produit\/fliptoggle\/#primaryimage\",\"url\":\"https:\/\/cobraanchors.com\/wp-content\/uploads\/2025\/10\/FlipToggle_1_ENG.jpg\",\"contentUrl\":\"https:\/\/cobraanchors.com\/wp-content\/uploads\/2025\/10\/FlipToggle_1_ENG.jpg\",\"width\":2500,\"height\":2500},{\"@type\":\"BreadcrumbList\",\"@id\":\"https:\/\/cobraanchors.com\/fr\/produit\/fliptoggle\/#breadcrumb\",\"itemListElement\":[{\"@type\":\"ListItem\",\"position\":1,\"name\":\"Home\",\"item\":\"https:\/\/cobraanchors.com\/fr\/\"},{\"@type\":\"ListItem\",\"position\":2,\"name\":\"Boutique\",\"item\":\"https:\/\/cobraanchors.com\/fr\/boutique\/\"},{\"@type\":\"ListItem\",\"position\":3,\"name\":\"FlipToggle\"}]},{\"@type\":\"WebSite\",\"@id\":\"https:\/\/cobraanchors.com\/fr\/#website\",\"url\":\"https:\/\/cobraanchors.com\/fr\/\",\"name\":\"Cobra Anchors\",\"description\":\"\",\"potentialAction\":[{\"@type\":\"SearchAction\",\"target\":{\"@type\":\"EntryPoint\",\"urlTemplate\":\"https:\/\/cobraanchors.com\/fr\/?s={search_term_string}\"},\"query-input\":{\"@type\":\"PropertyValueSpecification\",\"valueRequired\":true,\"valueName\":\"search_term_string\"}}],\"inLanguage\":\"fr-FR\"}]}<\/script>\n<!-- \/ Yoast SEO plugin. -->","yoast_head_json":{"title":"Cobra Anchors \u2013 D\u00e9couvrez notre FlipToggle Anchors","description":"D\u00e9couvrez les FlipToggle Cobra \u2014 chevilles \u00e0 bascule faciles \u00e0 poser pour murs creux, offrant fixation solide sur plaques, pl\u00e2tre ou blocs.","robots":{"index":"index","follow":"follow","max-snippet":"max-snippet:-1","max-image-preview":"max-image-preview:large","max-video-preview":"max-video-preview:-1"},"canonical":"https:\/\/cobraanchors.com\/fr\/produit\/fliptoggle\/","og_locale":"fr_FR","og_type":"article","og_title":"Cobra Anchors \u2013 D\u00e9couvrez notre FlipToggle Anchors","og_description":"D\u00e9couvrez les FlipToggle Cobra \u2014 chevilles \u00e0 bascule faciles \u00e0 poser pour murs creux, offrant fixation solide sur plaques, pl\u00e2tre ou blocs.","og_url":"https:\/\/cobraanchors.com\/fr\/produit\/fliptoggle\/","og_site_name":"Cobra Anchors","article_modified_time":"2025-12-04T20:32:51+00:00","og_image":[{"width":2500,"height":2500,"url":"https:\/\/cobraanchors.com\/wp-content\/uploads\/2025\/10\/FlipToggle_1_ENG.jpg","type":"image\/jpeg"}],"twitter_card":"summary_large_image","twitter_misc":{"Dur\u00e9e de lecture estim\u00e9e":"1 minute"},"schema":{"@context":"https:\/\/schema.org","@graph":[{"@type":"WebPage","@id":"https:\/\/cobraanchors.com\/fr\/produit\/fliptoggle\/","url":"https:\/\/cobraanchors.com\/fr\/produit\/fliptoggle\/","name":"Cobra Anchors \u2013 D\u00e9couvrez notre FlipToggle Anchors","isPartOf":{"@id":"https:\/\/cobraanchors.com\/fr\/#website"},"primaryImageOfPage":{"@id":"https:\/\/cobraanchors.com\/fr\/produit\/fliptoggle\/#primaryimage"},"image":{"@id":"https:\/\/cobraanchors.com\/fr\/produit\/fliptoggle\/#primaryimage"},"thumbnailUrl":"https:\/\/cobraanchors.com\/wp-content\/uploads\/2025\/10\/FlipToggle_1_ENG.jpg","datePublished":"2025-11-25T22:47:03+00:00","dateModified":"2025-12-04T20:32:51+00:00","description":"D\u00e9couvrez les FlipToggle Cobra \u2014 chevilles \u00e0 bascule faciles \u00e0 poser pour murs creux, offrant fixation solide sur plaques, pl\u00e2tre ou blocs.","breadcrumb":{"@id":"https:\/\/cobraanchors.com\/fr\/produit\/fliptoggle\/#breadcrumb"},"inLanguage":"fr-FR","potentialAction":[{"@type":"ReadAction","target":["https:\/\/cobraanchors.com\/fr\/produit\/fliptoggle\/"]}]},{"@type":"ImageObject","inLanguage":"fr-FR","@id":"https:\/\/cobraanchors.com\/fr\/produit\/fliptoggle\/#primaryimage","url":"https:\/\/cobraanchors.com\/wp-content\/uploads\/2025\/10\/FlipToggle_1_ENG.jpg","contentUrl":"https:\/\/cobraanchors.com\/wp-content\/uploads\/2025\/10\/FlipToggle_1_ENG.jpg","width":2500,"height":2500},{"@type":"BreadcrumbList","@id":"https:\/\/cobraanchors.com\/fr\/produit\/fliptoggle\/#breadcrumb","itemListElement":[{"@type":"ListItem","position":1,"name":"Home","item":"https:\/\/cobraanchors.com\/fr\/"},{"@type":"ListItem","position":2,"name":"Boutique","item":"https:\/\/cobraanchors.com\/fr\/boutique\/"},{"@type":"ListItem","position":3,"name":"FlipToggle"}]},{"@type":"WebSite","@id":"https:\/\/cobraanchors.com\/fr\/#website","url":"https:\/\/cobraanchors.com\/fr\/","name":"Cobra Anchors","description":"","potentialAction":[{"@type":"SearchAction","target":{"@type":"EntryPoint","urlTemplate":"https:\/\/cobraanchors.com\/fr\/?s={search_term_string}"},"query-input":{"@type":"PropertyValueSpecification","valueRequired":true,"valueName":"search_term_string"}}],"inLanguage":"fr-FR"}]}},"_links":{"self":[{"href":"https:\/\/cobraanchors.com\/fr\/wp-json\/wp\/v2\/product\/5078","targetHints":{"allow":["GET"]}}],"collection":[{"href":"https:\/\/cobraanchors.com\/fr\/wp-json\/wp\/v2\/product"}],"about":[{"href":"https:\/\/cobraanchors.com\/fr\/wp-json\/wp\/v2\/types\/product"}],"wp:featuredmedia":[{"embeddable":true,"href":"https:\/\/cobraanchors.com\/fr\/wp-json\/wp\/v2\/media\/5934"}],"wp:attachment":[{"href":"https:\/\/cobraanchors.com\/fr\/wp-json\/wp\/v2\/media?parent=5078"}],"wp:term":[{"taxonomy":"diameter","embeddable":true,"href":"https:\/\/cobraanchors.com\/fr\/wp-json\/wp\/v2\/diameter?post=5078"},{"taxonomy":"installation-tool","embeddable":true,"href":"https:\/\/cobraanchors.com\/fr\/wp-json\/wp\/v2\/installation-tool?post=5078"},{"taxonomy":"length","embeddable":true,"href":"https:\/\/cobraanchors.com\/fr\/wp-json\/wp\/v2\/length?post=5078"},{"taxonomy":"mounting-surface","embeddable":true,"href":"https:\/\/cobraanchors.com\/fr\/wp-json\/wp\/v2\/mounting-surface?post=5078"},{"taxonomy":"quantity","embeddable":true,"href":"https:\/\/cobraanchors.com\/fr\/wp-json\/wp\/v2\/quantity?post=5078"},{"taxonomy":"use","embeddable":true,"href":"https:\/\/cobraanchors.com\/fr\/wp-json\/wp\/v2\/use?post=5078"},{"taxonomy":"product_brand","embeddable":true,"href":"https:\/\/cobraanchors.com\/fr\/wp-json\/wp\/v2\/product_brand?post=5078"},{"taxonomy":"product_cat","embeddable":true,"href":"https:\/\/cobraanchors.com\/fr\/wp-json\/wp\/v2\/product_cat?post=5078"},{"taxonomy":"product_tag","embeddable":true,"href":"https:\/\/cobraanchors.com\/fr\/wp-json\/wp\/v2\/product_tag?post=5078"}],"curies":[{"name":"wp","href":"https:\/\/api.w.org\/{rel}","templated":true}]}}