{"id":5079,"date":"2025-11-25T17:47:03","date_gmt":"2025-11-25T22:47:03","guid":{"rendered":"https:\/\/cobra.naracreative.com\/product\/keyhole-driller-2\/"},"modified":"2025-12-04T15:43:29","modified_gmt":"2025-12-04T20:43:29","slug":"keyhole-driller","status":"publish","type":"product","link":"https:\/\/cobraanchors.com\/fr\/produit\/keyhole-driller\/","title":{"rendered":"Keyhole Driller"},"content":{"rendered":"<p>Le KeyHole Driller est le crochet parfait pour l\u2019installation de tableaux qui poss\u00e8dent un trou rond, en forme trou de serrure ou avec une attache en dents de scie \u00e0 l\u2019arri\u00e8re. \u00c9tant un crochet autoforeur aucun pr\u00e9per\u00e7age n\u2019est n\u00e9cessaire, seul un tournevis est requis. Il peut \u00eatre retir\u00e9 et install\u00e9 au besoin. Pour les murs de gypse d\u2019un demi-pouce seulement. Disponible en fini laiton.<\/p>\n","protected":false},"excerpt":{"rendered":"<p>Le KeyHole Driller est le crochet parfait pour l\u2019installation de tableaux qui poss\u00e8dent un trou rond, en forme trou de serrure ou avec une attache en dents de scie \u00e0 l\u2019arri\u00e8re. \u00c9tant un crochet autoforeur aucun pr\u00e9per\u00e7age n\u2019est n\u00e9cessaire, seul un tournevis est requis. Il peut \u00eatre retir\u00e9 et install\u00e9 au besoin. Pour les murs&hellip; <a class=\"more-link\" href=\"https:\/\/cobraanchors.com\/fr\/produit\/keyhole-driller\/\">Continue reading <span class=\"screen-reader-text\">Keyhole Driller<\/span><\/a><\/p>\n","protected":false},"featured_media":5936,"template":"","meta":{"_acf_changed":false},"diameter":[],"installation-tool":[100],"length":[],"mounting-surface":[87],"quantity":[],"use":[],"product_brand":[],"product_cat":[48],"product_tag":[],"class_list":{"0":"post-5079","1":"product","2":"type-product","3":"status-publish","4":"has-post-thumbnail","6":"installation-tool-tournevis","7":"mounting-surface-plaque-de-platre-1-2","8":"product_cat-crochets-a-tableaux","9":"entry","11":"first","12":"instock","13":"product-type-simple"},"acf":[],"yoast_head":"<!-- This site is optimized with the Yoast SEO plugin v26.5 - https:\/\/yoast.com\/wordpress\/plugins\/seo\/ -->\n<title>Cobra Anchors \u2013 D\u00e9couvrez notre Keyhole Driller<\/title>\n<meta name=\"description\" content=\"D\u00e9couvrez le Keyhole Driller Cobra \u2014 perceuse facile pour trous pr\u00e9cis dans les murs, id\u00e9ale pour ancrages mur creux ou crochets l\u00e9gers.\" \/>\n<meta name=\"robots\" content=\"index, follow, max-snippet:-1, max-image-preview:large, max-video-preview:-1\" \/>\n<link rel=\"canonical\" href=\"https:\/\/cobraanchors.com\/fr\/produit\/keyhole-driller\/\" \/>\n<meta property=\"og:locale\" content=\"fr_FR\" \/>\n<meta property=\"og:type\" content=\"article\" \/>\n<meta property=\"og:title\" content=\"Cobra Anchors \u2013 D\u00e9couvrez notre Keyhole Driller\" \/>\n<meta property=\"og:description\" content=\"D\u00e9couvrez le Keyhole Driller Cobra \u2014 perceuse facile pour trous pr\u00e9cis dans les murs, id\u00e9ale pour ancrages mur creux ou crochets l\u00e9gers.\" \/>\n<meta property=\"og:url\" content=\"https:\/\/cobraanchors.com\/fr\/produit\/keyhole-driller\/\" \/>\n<meta property=\"og:site_name\" content=\"Cobra Anchors\" \/>\n<meta property=\"article:modified_time\" content=\"2025-12-04T20:43:29+00:00\" \/>\n<meta property=\"og:image\" content=\"https:\/\/cobraanchors.com\/wp-content\/uploads\/2025\/10\/KeyHoleDriller_1_ENG.jpg\" \/>\n\t<meta property=\"og:image:width\" content=\"2500\" \/>\n\t<meta property=\"og:image:height\" content=\"2500\" \/>\n\t<meta property=\"og:image:type\" content=\"image\/jpeg\" \/>\n<meta name=\"twitter:card\" content=\"summary_large_image\" \/>\n<meta name=\"twitter:label1\" content=\"Dur\u00e9e de lecture estim\u00e9e\" \/>\n\t<meta name=\"twitter:data1\" content=\"1 minute\" \/>\n<script type=\"application\/ld+json\" class=\"yoast-schema-graph\">{\"@context\":\"https:\/\/schema.org\",\"@graph\":[{\"@type\":\"WebPage\",\"@id\":\"https:\/\/cobraanchors.com\/fr\/produit\/keyhole-driller\/\",\"url\":\"https:\/\/cobraanchors.com\/fr\/produit\/keyhole-driller\/\",\"name\":\"Cobra Anchors \u2013 D\u00e9couvrez notre Keyhole Driller\",\"isPartOf\":{\"@id\":\"https:\/\/cobraanchors.com\/fr\/#website\"},\"primaryImageOfPage\":{\"@id\":\"https:\/\/cobraanchors.com\/fr\/produit\/keyhole-driller\/#primaryimage\"},\"image\":{\"@id\":\"https:\/\/cobraanchors.com\/fr\/produit\/keyhole-driller\/#primaryimage\"},\"thumbnailUrl\":\"https:\/\/cobraanchors.com\/wp-content\/uploads\/2025\/10\/KeyHoleDriller_1_ENG.jpg\",\"datePublished\":\"2025-11-25T22:47:03+00:00\",\"dateModified\":\"2025-12-04T20:43:29+00:00\",\"description\":\"D\u00e9couvrez le Keyhole Driller Cobra \u2014 perceuse facile pour trous pr\u00e9cis dans les murs, id\u00e9ale pour ancrages mur creux ou crochets l\u00e9gers.\",\"breadcrumb\":{\"@id\":\"https:\/\/cobraanchors.com\/fr\/produit\/keyhole-driller\/#breadcrumb\"},\"inLanguage\":\"fr-FR\",\"potentialAction\":[{\"@type\":\"ReadAction\",\"target\":[\"https:\/\/cobraanchors.com\/fr\/produit\/keyhole-driller\/\"]}]},{\"@type\":\"ImageObject\",\"inLanguage\":\"fr-FR\",\"@id\":\"https:\/\/cobraanchors.com\/fr\/produit\/keyhole-driller\/#primaryimage\",\"url\":\"https:\/\/cobraanchors.com\/wp-content\/uploads\/2025\/10\/KeyHoleDriller_1_ENG.jpg\",\"contentUrl\":\"https:\/\/cobraanchors.com\/wp-content\/uploads\/2025\/10\/KeyHoleDriller_1_ENG.jpg\",\"width\":2500,\"height\":2500},{\"@type\":\"BreadcrumbList\",\"@id\":\"https:\/\/cobraanchors.com\/fr\/produit\/keyhole-driller\/#breadcrumb\",\"itemListElement\":[{\"@type\":\"ListItem\",\"position\":1,\"name\":\"Home\",\"item\":\"https:\/\/cobraanchors.com\/fr\/\"},{\"@type\":\"ListItem\",\"position\":2,\"name\":\"Boutique\",\"item\":\"https:\/\/cobraanchors.com\/fr\/boutique\/\"},{\"@type\":\"ListItem\",\"position\":3,\"name\":\"Keyhole Driller\"}]},{\"@type\":\"WebSite\",\"@id\":\"https:\/\/cobraanchors.com\/fr\/#website\",\"url\":\"https:\/\/cobraanchors.com\/fr\/\",\"name\":\"Cobra Anchors\",\"description\":\"\",\"potentialAction\":[{\"@type\":\"SearchAction\",\"target\":{\"@type\":\"EntryPoint\",\"urlTemplate\":\"https:\/\/cobraanchors.com\/fr\/?s={search_term_string}\"},\"query-input\":{\"@type\":\"PropertyValueSpecification\",\"valueRequired\":true,\"valueName\":\"search_term_string\"}}],\"inLanguage\":\"fr-FR\"}]}<\/script>\n<!-- \/ Yoast SEO plugin. -->","yoast_head_json":{"title":"Cobra Anchors \u2013 D\u00e9couvrez notre Keyhole Driller","description":"D\u00e9couvrez le Keyhole Driller Cobra \u2014 perceuse facile pour trous pr\u00e9cis dans les murs, id\u00e9ale pour ancrages mur creux ou crochets l\u00e9gers.","robots":{"index":"index","follow":"follow","max-snippet":"max-snippet:-1","max-image-preview":"max-image-preview:large","max-video-preview":"max-video-preview:-1"},"canonical":"https:\/\/cobraanchors.com\/fr\/produit\/keyhole-driller\/","og_locale":"fr_FR","og_type":"article","og_title":"Cobra Anchors \u2013 D\u00e9couvrez notre Keyhole Driller","og_description":"D\u00e9couvrez le Keyhole Driller Cobra \u2014 perceuse facile pour trous pr\u00e9cis dans les murs, id\u00e9ale pour ancrages mur creux ou crochets l\u00e9gers.","og_url":"https:\/\/cobraanchors.com\/fr\/produit\/keyhole-driller\/","og_site_name":"Cobra Anchors","article_modified_time":"2025-12-04T20:43:29+00:00","og_image":[{"width":2500,"height":2500,"url":"https:\/\/cobraanchors.com\/wp-content\/uploads\/2025\/10\/KeyHoleDriller_1_ENG.jpg","type":"image\/jpeg"}],"twitter_card":"summary_large_image","twitter_misc":{"Dur\u00e9e de lecture estim\u00e9e":"1 minute"},"schema":{"@context":"https:\/\/schema.org","@graph":[{"@type":"WebPage","@id":"https:\/\/cobraanchors.com\/fr\/produit\/keyhole-driller\/","url":"https:\/\/cobraanchors.com\/fr\/produit\/keyhole-driller\/","name":"Cobra Anchors \u2013 D\u00e9couvrez notre Keyhole Driller","isPartOf":{"@id":"https:\/\/cobraanchors.com\/fr\/#website"},"primaryImageOfPage":{"@id":"https:\/\/cobraanchors.com\/fr\/produit\/keyhole-driller\/#primaryimage"},"image":{"@id":"https:\/\/cobraanchors.com\/fr\/produit\/keyhole-driller\/#primaryimage"},"thumbnailUrl":"https:\/\/cobraanchors.com\/wp-content\/uploads\/2025\/10\/KeyHoleDriller_1_ENG.jpg","datePublished":"2025-11-25T22:47:03+00:00","dateModified":"2025-12-04T20:43:29+00:00","description":"D\u00e9couvrez le Keyhole Driller Cobra \u2014 perceuse facile pour trous pr\u00e9cis dans les murs, id\u00e9ale pour ancrages mur creux ou crochets l\u00e9gers.","breadcrumb":{"@id":"https:\/\/cobraanchors.com\/fr\/produit\/keyhole-driller\/#breadcrumb"},"inLanguage":"fr-FR","potentialAction":[{"@type":"ReadAction","target":["https:\/\/cobraanchors.com\/fr\/produit\/keyhole-driller\/"]}]},{"@type":"ImageObject","inLanguage":"fr-FR","@id":"https:\/\/cobraanchors.com\/fr\/produit\/keyhole-driller\/#primaryimage","url":"https:\/\/cobraanchors.com\/wp-content\/uploads\/2025\/10\/KeyHoleDriller_1_ENG.jpg","contentUrl":"https:\/\/cobraanchors.com\/wp-content\/uploads\/2025\/10\/KeyHoleDriller_1_ENG.jpg","width":2500,"height":2500},{"@type":"BreadcrumbList","@id":"https:\/\/cobraanchors.com\/fr\/produit\/keyhole-driller\/#breadcrumb","itemListElement":[{"@type":"ListItem","position":1,"name":"Home","item":"https:\/\/cobraanchors.com\/fr\/"},{"@type":"ListItem","position":2,"name":"Boutique","item":"https:\/\/cobraanchors.com\/fr\/boutique\/"},{"@type":"ListItem","position":3,"name":"Keyhole Driller"}]},{"@type":"WebSite","@id":"https:\/\/cobraanchors.com\/fr\/#website","url":"https:\/\/cobraanchors.com\/fr\/","name":"Cobra Anchors","description":"","potentialAction":[{"@type":"SearchAction","target":{"@type":"EntryPoint","urlTemplate":"https:\/\/cobraanchors.com\/fr\/?s={search_term_string}"},"query-input":{"@type":"PropertyValueSpecification","valueRequired":true,"valueName":"search_term_string"}}],"inLanguage":"fr-FR"}]}},"_links":{"self":[{"href":"https:\/\/cobraanchors.com\/fr\/wp-json\/wp\/v2\/product\/5079","targetHints":{"allow":["GET"]}}],"collection":[{"href":"https:\/\/cobraanchors.com\/fr\/wp-json\/wp\/v2\/product"}],"about":[{"href":"https:\/\/cobraanchors.com\/fr\/wp-json\/wp\/v2\/types\/product"}],"wp:featuredmedia":[{"embeddable":true,"href":"https:\/\/cobraanchors.com\/fr\/wp-json\/wp\/v2\/media\/5936"}],"wp:attachment":[{"href":"https:\/\/cobraanchors.com\/fr\/wp-json\/wp\/v2\/media?parent=5079"}],"wp:term":[{"taxonomy":"diameter","embeddable":true,"href":"https:\/\/cobraanchors.com\/fr\/wp-json\/wp\/v2\/diameter?post=5079"},{"taxonomy":"installation-tool","embeddable":true,"href":"https:\/\/cobraanchors.com\/fr\/wp-json\/wp\/v2\/installation-tool?post=5079"},{"taxonomy":"length","embeddable":true,"href":"https:\/\/cobraanchors.com\/fr\/wp-json\/wp\/v2\/length?post=5079"},{"taxonomy":"mounting-surface","embeddable":true,"href":"https:\/\/cobraanchors.com\/fr\/wp-json\/wp\/v2\/mounting-surface?post=5079"},{"taxonomy":"quantity","embeddable":true,"href":"https:\/\/cobraanchors.com\/fr\/wp-json\/wp\/v2\/quantity?post=5079"},{"taxonomy":"use","embeddable":true,"href":"https:\/\/cobraanchors.com\/fr\/wp-json\/wp\/v2\/use?post=5079"},{"taxonomy":"product_brand","embeddable":true,"href":"https:\/\/cobraanchors.com\/fr\/wp-json\/wp\/v2\/product_brand?post=5079"},{"taxonomy":"product_cat","embeddable":true,"href":"https:\/\/cobraanchors.com\/fr\/wp-json\/wp\/v2\/product_cat?post=5079"},{"taxonomy":"product_tag","embeddable":true,"href":"https:\/\/cobraanchors.com\/fr\/wp-json\/wp\/v2\/product_tag?post=5079"}],"curies":[{"name":"wp","href":"https:\/\/api.w.org\/{rel}","templated":true}]}}