{"id":5080,"date":"2025-11-25T17:47:03","date_gmt":"2025-11-25T22:47:03","guid":{"rendered":"https:\/\/cobra.naracreative.com\/product\/mega-hook-2\/"},"modified":"2025-12-04T15:45:23","modified_gmt":"2025-12-04T20:45:23","slug":"mega-hook","status":"publish","type":"product","link":"https:\/\/cobraanchors.com\/fr\/produit\/mega-hook\/","title":{"rendered":"Mega Hook"},"content":{"rendered":"<p>Le Megahook\u00ae est con\u00e7u pour les tableaux et miroirs lourds et de valeur. C\u2019est un des plus robustes crochets \u00e0 tableaux sur le march\u00e9. Avec son puissant m\u00e9canisme de bascule, il fournit une capacit\u00e9 suppl\u00e9mentaire de retenue dans le gypse. Ses caract\u00e9ristiques uniques sont\u2009: une fine pointe de centrage qui guide l\u2019ancrage dans le mur avec une parfaite pr\u00e9cision; une bordure ac\u00e9r\u00e9e qui r\u00e9duit la force requise pour couper le mat\u00e9riau. Le Megahook\u00ae utilise le m\u00e9canisme de bascule du DrillerToggle\u00ae qui retient l\u2019ancrage fermement derri\u00e8re le gypse. Il peut \u00eatre install\u00e9 dans le gypse, le bois ou le b\u00e9ton. Disponible en finis laiton et antique.<\/p>\n","protected":false},"excerpt":{"rendered":"<p>Le Megahook\u00ae est con\u00e7u pour les tableaux et miroirs lourds et de valeur. C\u2019est un des plus robustes crochets \u00e0 tableaux sur le march\u00e9. Avec son puissant m\u00e9canisme de bascule, il fournit une capacit\u00e9 suppl\u00e9mentaire de retenue dans le gypse. Ses caract\u00e9ristiques uniques sont\u2009: une fine pointe de centrage qui guide l\u2019ancrage dans le mur&hellip; <a class=\"more-link\" href=\"https:\/\/cobraanchors.com\/fr\/produit\/mega-hook\/\">Continue reading <span class=\"screen-reader-text\">Mega Hook<\/span><\/a><\/p>\n","protected":false},"featured_media":5939,"template":"","meta":{"_acf_changed":false},"diameter":[],"installation-tool":[100],"length":[],"mounting-surface":[86,90,96,87,88,89],"quantity":[],"use":[],"product_brand":[],"product_cat":[48],"product_tag":[],"class_list":{"0":"post-5080","1":"product","2":"type-product","3":"status-publish","4":"has-post-thumbnail","6":"installation-tool-tournevis","7":"mounting-surface-beton","8":"mounting-surface-bloc-creux","9":"mounting-surface-bois","10":"mounting-surface-plaque-de-platre-1-2","11":"mounting-surface-plaque-de-platre-3-8","12":"mounting-surface-plaque-de-platre-5-8","13":"product_cat-crochets-a-tableaux","14":"entry","16":"first","17":"instock","18":"product-type-simple"},"acf":[],"yoast_head":"<!-- This site is optimized with the Yoast SEO plugin v26.5 - https:\/\/yoast.com\/wordpress\/plugins\/seo\/ -->\n<title>Cobra Anchors \u2013 D\u00e9couvrez le Mega Hook robuste<\/title>\n<meta name=\"description\" content=\"D\u00e9couvrez le Mega Hook Cobra \u2014 crochet robuste pour suspendre vos objets en toute s\u00e9curit\u00e9, id\u00e9al pour murs, plafonds ou surfaces creuses.\" \/>\n<meta name=\"robots\" content=\"index, follow, max-snippet:-1, max-image-preview:large, max-video-preview:-1\" \/>\n<link rel=\"canonical\" href=\"https:\/\/cobraanchors.com\/fr\/produit\/mega-hook\/\" \/>\n<meta property=\"og:locale\" content=\"fr_FR\" \/>\n<meta property=\"og:type\" content=\"article\" \/>\n<meta property=\"og:title\" content=\"Cobra Anchors \u2013 D\u00e9couvrez le Mega Hook robuste\" \/>\n<meta property=\"og:description\" content=\"D\u00e9couvrez le Mega Hook Cobra \u2014 crochet robuste pour suspendre vos objets en toute s\u00e9curit\u00e9, id\u00e9al pour murs, plafonds ou surfaces creuses.\" \/>\n<meta property=\"og:url\" content=\"https:\/\/cobraanchors.com\/fr\/produit\/mega-hook\/\" \/>\n<meta property=\"og:site_name\" content=\"Cobra Anchors\" \/>\n<meta property=\"article:modified_time\" content=\"2025-12-04T20:45:23+00:00\" \/>\n<meta property=\"og:image\" content=\"https:\/\/cobraanchors.com\/wp-content\/uploads\/2025\/10\/MegaHook_1_ENG.jpg\" \/>\n\t<meta property=\"og:image:width\" content=\"2500\" \/>\n\t<meta property=\"og:image:height\" content=\"2500\" \/>\n\t<meta property=\"og:image:type\" content=\"image\/jpeg\" \/>\n<meta name=\"twitter:card\" content=\"summary_large_image\" \/>\n<meta name=\"twitter:label1\" content=\"Dur\u00e9e de lecture estim\u00e9e\" \/>\n\t<meta name=\"twitter:data1\" content=\"1 minute\" \/>\n<script type=\"application\/ld+json\" class=\"yoast-schema-graph\">{\"@context\":\"https:\/\/schema.org\",\"@graph\":[{\"@type\":\"WebPage\",\"@id\":\"https:\/\/cobraanchors.com\/fr\/produit\/mega-hook\/\",\"url\":\"https:\/\/cobraanchors.com\/fr\/produit\/mega-hook\/\",\"name\":\"Cobra Anchors \u2013 D\u00e9couvrez le Mega Hook robuste\",\"isPartOf\":{\"@id\":\"https:\/\/cobraanchors.com\/fr\/#website\"},\"primaryImageOfPage\":{\"@id\":\"https:\/\/cobraanchors.com\/fr\/produit\/mega-hook\/#primaryimage\"},\"image\":{\"@id\":\"https:\/\/cobraanchors.com\/fr\/produit\/mega-hook\/#primaryimage\"},\"thumbnailUrl\":\"https:\/\/cobraanchors.com\/wp-content\/uploads\/2025\/10\/MegaHook_1_ENG.jpg\",\"datePublished\":\"2025-11-25T22:47:03+00:00\",\"dateModified\":\"2025-12-04T20:45:23+00:00\",\"description\":\"D\u00e9couvrez le Mega Hook Cobra \u2014 crochet robuste pour suspendre vos objets en toute s\u00e9curit\u00e9, id\u00e9al pour murs, plafonds ou surfaces creuses.\",\"breadcrumb\":{\"@id\":\"https:\/\/cobraanchors.com\/fr\/produit\/mega-hook\/#breadcrumb\"},\"inLanguage\":\"fr-FR\",\"potentialAction\":[{\"@type\":\"ReadAction\",\"target\":[\"https:\/\/cobraanchors.com\/fr\/produit\/mega-hook\/\"]}]},{\"@type\":\"ImageObject\",\"inLanguage\":\"fr-FR\",\"@id\":\"https:\/\/cobraanchors.com\/fr\/produit\/mega-hook\/#primaryimage\",\"url\":\"https:\/\/cobraanchors.com\/wp-content\/uploads\/2025\/10\/MegaHook_1_ENG.jpg\",\"contentUrl\":\"https:\/\/cobraanchors.com\/wp-content\/uploads\/2025\/10\/MegaHook_1_ENG.jpg\",\"width\":2500,\"height\":2500},{\"@type\":\"BreadcrumbList\",\"@id\":\"https:\/\/cobraanchors.com\/fr\/produit\/mega-hook\/#breadcrumb\",\"itemListElement\":[{\"@type\":\"ListItem\",\"position\":1,\"name\":\"Home\",\"item\":\"https:\/\/cobraanchors.com\/fr\/\"},{\"@type\":\"ListItem\",\"position\":2,\"name\":\"Boutique\",\"item\":\"https:\/\/cobraanchors.com\/fr\/boutique\/\"},{\"@type\":\"ListItem\",\"position\":3,\"name\":\"Mega Hook\"}]},{\"@type\":\"WebSite\",\"@id\":\"https:\/\/cobraanchors.com\/fr\/#website\",\"url\":\"https:\/\/cobraanchors.com\/fr\/\",\"name\":\"Cobra Anchors\",\"description\":\"\",\"potentialAction\":[{\"@type\":\"SearchAction\",\"target\":{\"@type\":\"EntryPoint\",\"urlTemplate\":\"https:\/\/cobraanchors.com\/fr\/?s={search_term_string}\"},\"query-input\":{\"@type\":\"PropertyValueSpecification\",\"valueRequired\":true,\"valueName\":\"search_term_string\"}}],\"inLanguage\":\"fr-FR\"}]}<\/script>\n<!-- \/ Yoast SEO plugin. -->","yoast_head_json":{"title":"Cobra Anchors \u2013 D\u00e9couvrez le Mega Hook robuste","description":"D\u00e9couvrez le Mega Hook Cobra \u2014 crochet robuste pour suspendre vos objets en toute s\u00e9curit\u00e9, id\u00e9al pour murs, plafonds ou surfaces creuses.","robots":{"index":"index","follow":"follow","max-snippet":"max-snippet:-1","max-image-preview":"max-image-preview:large","max-video-preview":"max-video-preview:-1"},"canonical":"https:\/\/cobraanchors.com\/fr\/produit\/mega-hook\/","og_locale":"fr_FR","og_type":"article","og_title":"Cobra Anchors \u2013 D\u00e9couvrez le Mega Hook robuste","og_description":"D\u00e9couvrez le Mega Hook Cobra \u2014 crochet robuste pour suspendre vos objets en toute s\u00e9curit\u00e9, id\u00e9al pour murs, plafonds ou surfaces creuses.","og_url":"https:\/\/cobraanchors.com\/fr\/produit\/mega-hook\/","og_site_name":"Cobra Anchors","article_modified_time":"2025-12-04T20:45:23+00:00","og_image":[{"width":2500,"height":2500,"url":"https:\/\/cobraanchors.com\/wp-content\/uploads\/2025\/10\/MegaHook_1_ENG.jpg","type":"image\/jpeg"}],"twitter_card":"summary_large_image","twitter_misc":{"Dur\u00e9e de lecture estim\u00e9e":"1 minute"},"schema":{"@context":"https:\/\/schema.org","@graph":[{"@type":"WebPage","@id":"https:\/\/cobraanchors.com\/fr\/produit\/mega-hook\/","url":"https:\/\/cobraanchors.com\/fr\/produit\/mega-hook\/","name":"Cobra Anchors \u2013 D\u00e9couvrez le Mega Hook robuste","isPartOf":{"@id":"https:\/\/cobraanchors.com\/fr\/#website"},"primaryImageOfPage":{"@id":"https:\/\/cobraanchors.com\/fr\/produit\/mega-hook\/#primaryimage"},"image":{"@id":"https:\/\/cobraanchors.com\/fr\/produit\/mega-hook\/#primaryimage"},"thumbnailUrl":"https:\/\/cobraanchors.com\/wp-content\/uploads\/2025\/10\/MegaHook_1_ENG.jpg","datePublished":"2025-11-25T22:47:03+00:00","dateModified":"2025-12-04T20:45:23+00:00","description":"D\u00e9couvrez le Mega Hook Cobra \u2014 crochet robuste pour suspendre vos objets en toute s\u00e9curit\u00e9, id\u00e9al pour murs, plafonds ou surfaces creuses.","breadcrumb":{"@id":"https:\/\/cobraanchors.com\/fr\/produit\/mega-hook\/#breadcrumb"},"inLanguage":"fr-FR","potentialAction":[{"@type":"ReadAction","target":["https:\/\/cobraanchors.com\/fr\/produit\/mega-hook\/"]}]},{"@type":"ImageObject","inLanguage":"fr-FR","@id":"https:\/\/cobraanchors.com\/fr\/produit\/mega-hook\/#primaryimage","url":"https:\/\/cobraanchors.com\/wp-content\/uploads\/2025\/10\/MegaHook_1_ENG.jpg","contentUrl":"https:\/\/cobraanchors.com\/wp-content\/uploads\/2025\/10\/MegaHook_1_ENG.jpg","width":2500,"height":2500},{"@type":"BreadcrumbList","@id":"https:\/\/cobraanchors.com\/fr\/produit\/mega-hook\/#breadcrumb","itemListElement":[{"@type":"ListItem","position":1,"name":"Home","item":"https:\/\/cobraanchors.com\/fr\/"},{"@type":"ListItem","position":2,"name":"Boutique","item":"https:\/\/cobraanchors.com\/fr\/boutique\/"},{"@type":"ListItem","position":3,"name":"Mega Hook"}]},{"@type":"WebSite","@id":"https:\/\/cobraanchors.com\/fr\/#website","url":"https:\/\/cobraanchors.com\/fr\/","name":"Cobra Anchors","description":"","potentialAction":[{"@type":"SearchAction","target":{"@type":"EntryPoint","urlTemplate":"https:\/\/cobraanchors.com\/fr\/?s={search_term_string}"},"query-input":{"@type":"PropertyValueSpecification","valueRequired":true,"valueName":"search_term_string"}}],"inLanguage":"fr-FR"}]}},"_links":{"self":[{"href":"https:\/\/cobraanchors.com\/fr\/wp-json\/wp\/v2\/product\/5080","targetHints":{"allow":["GET"]}}],"collection":[{"href":"https:\/\/cobraanchors.com\/fr\/wp-json\/wp\/v2\/product"}],"about":[{"href":"https:\/\/cobraanchors.com\/fr\/wp-json\/wp\/v2\/types\/product"}],"wp:featuredmedia":[{"embeddable":true,"href":"https:\/\/cobraanchors.com\/fr\/wp-json\/wp\/v2\/media\/5939"}],"wp:attachment":[{"href":"https:\/\/cobraanchors.com\/fr\/wp-json\/wp\/v2\/media?parent=5080"}],"wp:term":[{"taxonomy":"diameter","embeddable":true,"href":"https:\/\/cobraanchors.com\/fr\/wp-json\/wp\/v2\/diameter?post=5080"},{"taxonomy":"installation-tool","embeddable":true,"href":"https:\/\/cobraanchors.com\/fr\/wp-json\/wp\/v2\/installation-tool?post=5080"},{"taxonomy":"length","embeddable":true,"href":"https:\/\/cobraanchors.com\/fr\/wp-json\/wp\/v2\/length?post=5080"},{"taxonomy":"mounting-surface","embeddable":true,"href":"https:\/\/cobraanchors.com\/fr\/wp-json\/wp\/v2\/mounting-surface?post=5080"},{"taxonomy":"quantity","embeddable":true,"href":"https:\/\/cobraanchors.com\/fr\/wp-json\/wp\/v2\/quantity?post=5080"},{"taxonomy":"use","embeddable":true,"href":"https:\/\/cobraanchors.com\/fr\/wp-json\/wp\/v2\/use?post=5080"},{"taxonomy":"product_brand","embeddable":true,"href":"https:\/\/cobraanchors.com\/fr\/wp-json\/wp\/v2\/product_brand?post=5080"},{"taxonomy":"product_cat","embeddable":true,"href":"https:\/\/cobraanchors.com\/fr\/wp-json\/wp\/v2\/product_cat?post=5080"},{"taxonomy":"product_tag","embeddable":true,"href":"https:\/\/cobraanchors.com\/fr\/wp-json\/wp\/v2\/product_tag?post=5080"}],"curies":[{"name":"wp","href":"https:\/\/api.w.org\/{rel}","templated":true}]}}