{"id":5081,"date":"2025-11-25T17:47:03","date_gmt":"2025-11-25T22:47:03","guid":{"rendered":"https:\/\/cobra.naracreative.com\/product\/supersleeve-2\/"},"modified":"2025-12-04T15:48:14","modified_gmt":"2025-12-04T20:48:14","slug":"supersleeve","status":"publish","type":"product","link":"https:\/\/cobraanchors.com\/fr\/produit\/supersleeve\/","title":{"rendered":"SuperSleeve"},"content":{"rendered":"<p>Le SuperSleeve\u2122 est un excellent ancrage robuste. Il est unique et tr\u00e8s pratique, parce que le boulon peut \u00eatre facilement enlev\u00e9 et r\u00e9install\u00e9 et qu\u2019il poss\u00e8de une t\u00eate \u00e0 profil bas. L\u2019expansion contr\u00f4l\u00e9e par le couple de serrage commence au bas de l\u2019ancrage et permet une installation rapide. Disponibles en grandeurs vari\u00e9es de 3\/8&Prime; x 2\u201d \u00e0 1\/2&Prime; x 3-3\/4&Prime;.<\/p>\n","protected":false},"excerpt":{"rendered":"<p>Le SuperSleeve\u2122 est un excellent ancrage robuste. Il est unique et tr\u00e8s pratique, parce que le boulon peut \u00eatre facilement enlev\u00e9 et r\u00e9install\u00e9 et qu\u2019il poss\u00e8de une t\u00eate \u00e0 profil bas. L\u2019expansion contr\u00f4l\u00e9e par le couple de serrage commence au bas de l\u2019ancrage et permet une installation rapide. Disponibles en grandeurs vari\u00e9es de 3\/8&Prime; x&hellip; <a class=\"more-link\" href=\"https:\/\/cobraanchors.com\/fr\/produit\/supersleeve\/\">Continue reading <span class=\"screen-reader-text\">SuperSleeve<\/span><\/a><\/p>\n","protected":false},"featured_media":5943,"template":"","meta":{"_acf_changed":false},"diameter":[],"installation-tool":[99,98],"length":[],"mounting-surface":[86,90,85],"quantity":[],"use":[],"product_brand":[],"product_cat":[47],"product_tag":[],"class_list":{"0":"post-5081","1":"product","2":"type-product","3":"status-publish","4":"has-post-thumbnail","6":"installation-tool-cle-a-molette","7":"installation-tool-perceuse","8":"mounting-surface-beton","9":"mounting-surface-bloc-creux","10":"mounting-surface-brique","11":"product_cat-maconnerie","12":"entry","14":"first","15":"instock","16":"product-type-simple"},"acf":[],"yoast_head":"<!-- This site is optimized with the Yoast SEO plugin v26.5 - https:\/\/yoast.com\/wordpress\/plugins\/seo\/ -->\n<title>Cobra Anchors \u2013 D\u00e9couvrez le robuste SuperSleeve<\/title>\n<meta name=\"description\" content=\"D\u00e9couvrez le SuperSleeve Cobra \u2014 cheville robuste pour ma\u00e7onnerie, bois ou murs creux, pour une installation s\u00e9curis\u00e9e et fiable.\" \/>\n<meta name=\"robots\" content=\"index, follow, max-snippet:-1, max-image-preview:large, max-video-preview:-1\" \/>\n<link rel=\"canonical\" href=\"https:\/\/cobraanchors.com\/fr\/produit\/supersleeve\/\" \/>\n<meta property=\"og:locale\" content=\"fr_FR\" \/>\n<meta property=\"og:type\" content=\"article\" \/>\n<meta property=\"og:title\" content=\"Cobra Anchors \u2013 D\u00e9couvrez le robuste SuperSleeve\" \/>\n<meta property=\"og:description\" content=\"D\u00e9couvrez le SuperSleeve Cobra \u2014 cheville robuste pour ma\u00e7onnerie, bois ou murs creux, pour une installation s\u00e9curis\u00e9e et fiable.\" \/>\n<meta property=\"og:url\" content=\"https:\/\/cobraanchors.com\/fr\/produit\/supersleeve\/\" \/>\n<meta property=\"og:site_name\" content=\"Cobra Anchors\" \/>\n<meta property=\"article:modified_time\" content=\"2025-12-04T20:48:14+00:00\" \/>\n<meta property=\"og:image\" content=\"https:\/\/cobraanchors.com\/wp-content\/uploads\/2025\/10\/SuperSleeve_1_ENG.jpg\" \/>\n\t<meta property=\"og:image:width\" content=\"2500\" \/>\n\t<meta property=\"og:image:height\" content=\"2500\" \/>\n\t<meta property=\"og:image:type\" content=\"image\/jpeg\" \/>\n<meta name=\"twitter:card\" content=\"summary_large_image\" \/>\n<meta name=\"twitter:label1\" content=\"Dur\u00e9e de lecture estim\u00e9e\" \/>\n\t<meta name=\"twitter:data1\" content=\"1 minute\" \/>\n<script type=\"application\/ld+json\" class=\"yoast-schema-graph\">{\"@context\":\"https:\/\/schema.org\",\"@graph\":[{\"@type\":\"WebPage\",\"@id\":\"https:\/\/cobraanchors.com\/fr\/produit\/supersleeve\/\",\"url\":\"https:\/\/cobraanchors.com\/fr\/produit\/supersleeve\/\",\"name\":\"Cobra Anchors \u2013 D\u00e9couvrez le robuste SuperSleeve\",\"isPartOf\":{\"@id\":\"https:\/\/cobraanchors.com\/fr\/#website\"},\"primaryImageOfPage\":{\"@id\":\"https:\/\/cobraanchors.com\/fr\/produit\/supersleeve\/#primaryimage\"},\"image\":{\"@id\":\"https:\/\/cobraanchors.com\/fr\/produit\/supersleeve\/#primaryimage\"},\"thumbnailUrl\":\"https:\/\/cobraanchors.com\/wp-content\/uploads\/2025\/10\/SuperSleeve_1_ENG.jpg\",\"datePublished\":\"2025-11-25T22:47:03+00:00\",\"dateModified\":\"2025-12-04T20:48:14+00:00\",\"description\":\"D\u00e9couvrez le SuperSleeve Cobra \u2014 cheville robuste pour ma\u00e7onnerie, bois ou murs creux, pour une installation s\u00e9curis\u00e9e et fiable.\",\"breadcrumb\":{\"@id\":\"https:\/\/cobraanchors.com\/fr\/produit\/supersleeve\/#breadcrumb\"},\"inLanguage\":\"fr-FR\",\"potentialAction\":[{\"@type\":\"ReadAction\",\"target\":[\"https:\/\/cobraanchors.com\/fr\/produit\/supersleeve\/\"]}]},{\"@type\":\"ImageObject\",\"inLanguage\":\"fr-FR\",\"@id\":\"https:\/\/cobraanchors.com\/fr\/produit\/supersleeve\/#primaryimage\",\"url\":\"https:\/\/cobraanchors.com\/wp-content\/uploads\/2025\/10\/SuperSleeve_1_ENG.jpg\",\"contentUrl\":\"https:\/\/cobraanchors.com\/wp-content\/uploads\/2025\/10\/SuperSleeve_1_ENG.jpg\",\"width\":2500,\"height\":2500},{\"@type\":\"BreadcrumbList\",\"@id\":\"https:\/\/cobraanchors.com\/fr\/produit\/supersleeve\/#breadcrumb\",\"itemListElement\":[{\"@type\":\"ListItem\",\"position\":1,\"name\":\"Home\",\"item\":\"https:\/\/cobraanchors.com\/fr\/\"},{\"@type\":\"ListItem\",\"position\":2,\"name\":\"Boutique\",\"item\":\"https:\/\/cobraanchors.com\/fr\/boutique\/\"},{\"@type\":\"ListItem\",\"position\":3,\"name\":\"SuperSleeve\"}]},{\"@type\":\"WebSite\",\"@id\":\"https:\/\/cobraanchors.com\/fr\/#website\",\"url\":\"https:\/\/cobraanchors.com\/fr\/\",\"name\":\"Cobra Anchors\",\"description\":\"\",\"potentialAction\":[{\"@type\":\"SearchAction\",\"target\":{\"@type\":\"EntryPoint\",\"urlTemplate\":\"https:\/\/cobraanchors.com\/fr\/?s={search_term_string}\"},\"query-input\":{\"@type\":\"PropertyValueSpecification\",\"valueRequired\":true,\"valueName\":\"search_term_string\"}}],\"inLanguage\":\"fr-FR\"}]}<\/script>\n<!-- \/ Yoast SEO plugin. -->","yoast_head_json":{"title":"Cobra Anchors \u2013 D\u00e9couvrez le robuste SuperSleeve","description":"D\u00e9couvrez le SuperSleeve Cobra \u2014 cheville robuste pour ma\u00e7onnerie, bois ou murs creux, pour une installation s\u00e9curis\u00e9e et fiable.","robots":{"index":"index","follow":"follow","max-snippet":"max-snippet:-1","max-image-preview":"max-image-preview:large","max-video-preview":"max-video-preview:-1"},"canonical":"https:\/\/cobraanchors.com\/fr\/produit\/supersleeve\/","og_locale":"fr_FR","og_type":"article","og_title":"Cobra Anchors \u2013 D\u00e9couvrez le robuste SuperSleeve","og_description":"D\u00e9couvrez le SuperSleeve Cobra \u2014 cheville robuste pour ma\u00e7onnerie, bois ou murs creux, pour une installation s\u00e9curis\u00e9e et fiable.","og_url":"https:\/\/cobraanchors.com\/fr\/produit\/supersleeve\/","og_site_name":"Cobra Anchors","article_modified_time":"2025-12-04T20:48:14+00:00","og_image":[{"width":2500,"height":2500,"url":"https:\/\/cobraanchors.com\/wp-content\/uploads\/2025\/10\/SuperSleeve_1_ENG.jpg","type":"image\/jpeg"}],"twitter_card":"summary_large_image","twitter_misc":{"Dur\u00e9e de lecture estim\u00e9e":"1 minute"},"schema":{"@context":"https:\/\/schema.org","@graph":[{"@type":"WebPage","@id":"https:\/\/cobraanchors.com\/fr\/produit\/supersleeve\/","url":"https:\/\/cobraanchors.com\/fr\/produit\/supersleeve\/","name":"Cobra Anchors \u2013 D\u00e9couvrez le robuste SuperSleeve","isPartOf":{"@id":"https:\/\/cobraanchors.com\/fr\/#website"},"primaryImageOfPage":{"@id":"https:\/\/cobraanchors.com\/fr\/produit\/supersleeve\/#primaryimage"},"image":{"@id":"https:\/\/cobraanchors.com\/fr\/produit\/supersleeve\/#primaryimage"},"thumbnailUrl":"https:\/\/cobraanchors.com\/wp-content\/uploads\/2025\/10\/SuperSleeve_1_ENG.jpg","datePublished":"2025-11-25T22:47:03+00:00","dateModified":"2025-12-04T20:48:14+00:00","description":"D\u00e9couvrez le SuperSleeve Cobra \u2014 cheville robuste pour ma\u00e7onnerie, bois ou murs creux, pour une installation s\u00e9curis\u00e9e et fiable.","breadcrumb":{"@id":"https:\/\/cobraanchors.com\/fr\/produit\/supersleeve\/#breadcrumb"},"inLanguage":"fr-FR","potentialAction":[{"@type":"ReadAction","target":["https:\/\/cobraanchors.com\/fr\/produit\/supersleeve\/"]}]},{"@type":"ImageObject","inLanguage":"fr-FR","@id":"https:\/\/cobraanchors.com\/fr\/produit\/supersleeve\/#primaryimage","url":"https:\/\/cobraanchors.com\/wp-content\/uploads\/2025\/10\/SuperSleeve_1_ENG.jpg","contentUrl":"https:\/\/cobraanchors.com\/wp-content\/uploads\/2025\/10\/SuperSleeve_1_ENG.jpg","width":2500,"height":2500},{"@type":"BreadcrumbList","@id":"https:\/\/cobraanchors.com\/fr\/produit\/supersleeve\/#breadcrumb","itemListElement":[{"@type":"ListItem","position":1,"name":"Home","item":"https:\/\/cobraanchors.com\/fr\/"},{"@type":"ListItem","position":2,"name":"Boutique","item":"https:\/\/cobraanchors.com\/fr\/boutique\/"},{"@type":"ListItem","position":3,"name":"SuperSleeve"}]},{"@type":"WebSite","@id":"https:\/\/cobraanchors.com\/fr\/#website","url":"https:\/\/cobraanchors.com\/fr\/","name":"Cobra Anchors","description":"","potentialAction":[{"@type":"SearchAction","target":{"@type":"EntryPoint","urlTemplate":"https:\/\/cobraanchors.com\/fr\/?s={search_term_string}"},"query-input":{"@type":"PropertyValueSpecification","valueRequired":true,"valueName":"search_term_string"}}],"inLanguage":"fr-FR"}]}},"_links":{"self":[{"href":"https:\/\/cobraanchors.com\/fr\/wp-json\/wp\/v2\/product\/5081","targetHints":{"allow":["GET"]}}],"collection":[{"href":"https:\/\/cobraanchors.com\/fr\/wp-json\/wp\/v2\/product"}],"about":[{"href":"https:\/\/cobraanchors.com\/fr\/wp-json\/wp\/v2\/types\/product"}],"wp:featuredmedia":[{"embeddable":true,"href":"https:\/\/cobraanchors.com\/fr\/wp-json\/wp\/v2\/media\/5943"}],"wp:attachment":[{"href":"https:\/\/cobraanchors.com\/fr\/wp-json\/wp\/v2\/media?parent=5081"}],"wp:term":[{"taxonomy":"diameter","embeddable":true,"href":"https:\/\/cobraanchors.com\/fr\/wp-json\/wp\/v2\/diameter?post=5081"},{"taxonomy":"installation-tool","embeddable":true,"href":"https:\/\/cobraanchors.com\/fr\/wp-json\/wp\/v2\/installation-tool?post=5081"},{"taxonomy":"length","embeddable":true,"href":"https:\/\/cobraanchors.com\/fr\/wp-json\/wp\/v2\/length?post=5081"},{"taxonomy":"mounting-surface","embeddable":true,"href":"https:\/\/cobraanchors.com\/fr\/wp-json\/wp\/v2\/mounting-surface?post=5081"},{"taxonomy":"quantity","embeddable":true,"href":"https:\/\/cobraanchors.com\/fr\/wp-json\/wp\/v2\/quantity?post=5081"},{"taxonomy":"use","embeddable":true,"href":"https:\/\/cobraanchors.com\/fr\/wp-json\/wp\/v2\/use?post=5081"},{"taxonomy":"product_brand","embeddable":true,"href":"https:\/\/cobraanchors.com\/fr\/wp-json\/wp\/v2\/product_brand?post=5081"},{"taxonomy":"product_cat","embeddable":true,"href":"https:\/\/cobraanchors.com\/fr\/wp-json\/wp\/v2\/product_cat?post=5081"},{"taxonomy":"product_tag","embeddable":true,"href":"https:\/\/cobraanchors.com\/fr\/wp-json\/wp\/v2\/product_tag?post=5081"}],"curies":[{"name":"wp","href":"https:\/\/api.w.org\/{rel}","templated":true}]}}