{"id":5082,"date":"2025-11-25T17:47:29","date_gmt":"2025-11-25T22:47:29","guid":{"rendered":"https:\/\/cobra.naracreative.com\/product\/versahook-2\/"},"modified":"2025-12-04T15:48:40","modified_gmt":"2025-12-04T20:48:40","slug":"versahook","status":"publish","type":"product","link":"https:\/\/cobraanchors.com\/fr\/produit\/versahook\/","title":{"rendered":"VersaHook"},"content":{"rendered":"<p>Le VersaHook\u00ae\ufe0f est un crochet polyvalent tout usage pour une utilisation dans presque tous les types de mat\u00e9riaux de base. Il peut \u00eatre install\u00e9 au mur pour des embrasses \u00e0 rideaux ou dans au plafond pour suspendre une plante ou des objets d\u00e9coratifs l\u00e9gers. Il utilise l\u2019ancrage TripleGrip\u00ae pour une installation s\u00e9curitaire. Il est disponible en petit ou grand, en finis blanc, laiton, antique ou nickel bross\u00e9.<\/p>\n","protected":false},"excerpt":{"rendered":"<p>Le VersaHook\u00ae\ufe0f est un crochet polyvalent tout usage pour une utilisation dans presque tous les types de mat\u00e9riaux de base. Il peut \u00eatre install\u00e9 au mur pour des embrasses \u00e0 rideaux ou dans au plafond pour suspendre une plante ou des objets d\u00e9coratifs l\u00e9gers. Il utilise l\u2019ancrage TripleGrip\u00ae pour une installation s\u00e9curitaire. Il est disponible&hellip; <a class=\"more-link\" href=\"https:\/\/cobraanchors.com\/fr\/produit\/versahook\/\">Continue reading <span class=\"screen-reader-text\">VersaHook<\/span><\/a><\/p>\n","protected":false},"featured_media":6087,"template":"","meta":{"_acf_changed":false},"diameter":[],"installation-tool":[98],"length":[],"mounting-surface":[86,90,85,92,87,88,89,94],"quantity":[],"use":[],"product_brand":[],"product_cat":[84],"product_tag":[],"class_list":{"0":"post-5082","1":"product","2":"type-product","3":"status-publish","4":"has-post-thumbnail","6":"installation-tool-perceuse","7":"mounting-surface-beton","8":"mounting-surface-bloc-creux","9":"mounting-surface-brique","10":"mounting-surface-parpaing","11":"mounting-surface-plaque-de-platre-1-2","12":"mounting-surface-plaque-de-platre-3-8","13":"mounting-surface-plaque-de-platre-5-8","14":"mounting-surface-platre","15":"product_cat-crochets-a-plantes","16":"entry","18":"first","19":"instock","20":"product-type-simple"},"acf":[],"yoast_head":"<!-- This site is optimized with the Yoast SEO plugin v26.5 - https:\/\/yoast.com\/wordpress\/plugins\/seo\/ -->\n<title>Cobra Anchors \u2013 D\u00e9couvrez notre VersaHook robuste<\/title>\n<meta name=\"description\" content=\"D\u00e9couvrez le VersaHook Cobra \u2014 crochet robuste pour murs, plafonds ou bois, garantissant une installation s\u00e9curis\u00e9e pour charges moyennes \u00e0 lourdes.\" \/>\n<meta name=\"robots\" content=\"index, follow, max-snippet:-1, max-image-preview:large, max-video-preview:-1\" \/>\n<link rel=\"canonical\" href=\"https:\/\/cobraanchors.com\/fr\/produit\/versahook\/\" \/>\n<meta property=\"og:locale\" content=\"fr_FR\" \/>\n<meta property=\"og:type\" content=\"article\" \/>\n<meta property=\"og:title\" content=\"Cobra Anchors \u2013 D\u00e9couvrez notre VersaHook robuste\" \/>\n<meta property=\"og:description\" content=\"D\u00e9couvrez le VersaHook Cobra \u2014 crochet robuste pour murs, plafonds ou bois, garantissant une installation s\u00e9curis\u00e9e pour charges moyennes \u00e0 lourdes.\" \/>\n<meta property=\"og:url\" content=\"https:\/\/cobraanchors.com\/fr\/produit\/versahook\/\" \/>\n<meta property=\"og:site_name\" content=\"Cobra Anchors\" \/>\n<meta property=\"article:modified_time\" content=\"2025-12-04T20:48:40+00:00\" \/>\n<meta property=\"og:image\" content=\"https:\/\/cobraanchors.com\/wp-content\/uploads\/2025\/11\/VersaHook_Brass_1_ENG.jpg\" \/>\n\t<meta property=\"og:image:width\" content=\"2500\" \/>\n\t<meta property=\"og:image:height\" content=\"2500\" \/>\n\t<meta property=\"og:image:type\" content=\"image\/jpeg\" \/>\n<meta name=\"twitter:card\" content=\"summary_large_image\" \/>\n<meta name=\"twitter:label1\" content=\"Dur\u00e9e de lecture estim\u00e9e\" \/>\n\t<meta name=\"twitter:data1\" content=\"1 minute\" \/>\n<script type=\"application\/ld+json\" class=\"yoast-schema-graph\">{\"@context\":\"https:\/\/schema.org\",\"@graph\":[{\"@type\":\"WebPage\",\"@id\":\"https:\/\/cobraanchors.com\/fr\/produit\/versahook\/\",\"url\":\"https:\/\/cobraanchors.com\/fr\/produit\/versahook\/\",\"name\":\"Cobra Anchors \u2013 D\u00e9couvrez notre VersaHook robuste\",\"isPartOf\":{\"@id\":\"https:\/\/cobraanchors.com\/fr\/#website\"},\"primaryImageOfPage\":{\"@id\":\"https:\/\/cobraanchors.com\/fr\/produit\/versahook\/#primaryimage\"},\"image\":{\"@id\":\"https:\/\/cobraanchors.com\/fr\/produit\/versahook\/#primaryimage\"},\"thumbnailUrl\":\"https:\/\/cobraanchors.com\/wp-content\/uploads\/2025\/11\/VersaHook_Brass_1_ENG.jpg\",\"datePublished\":\"2025-11-25T22:47:29+00:00\",\"dateModified\":\"2025-12-04T20:48:40+00:00\",\"description\":\"D\u00e9couvrez le VersaHook Cobra \u2014 crochet robuste pour murs, plafonds ou bois, garantissant une installation s\u00e9curis\u00e9e pour charges moyennes \u00e0 lourdes.\",\"breadcrumb\":{\"@id\":\"https:\/\/cobraanchors.com\/fr\/produit\/versahook\/#breadcrumb\"},\"inLanguage\":\"fr-FR\",\"potentialAction\":[{\"@type\":\"ReadAction\",\"target\":[\"https:\/\/cobraanchors.com\/fr\/produit\/versahook\/\"]}]},{\"@type\":\"ImageObject\",\"inLanguage\":\"fr-FR\",\"@id\":\"https:\/\/cobraanchors.com\/fr\/produit\/versahook\/#primaryimage\",\"url\":\"https:\/\/cobraanchors.com\/wp-content\/uploads\/2025\/11\/VersaHook_Brass_1_ENG.jpg\",\"contentUrl\":\"https:\/\/cobraanchors.com\/wp-content\/uploads\/2025\/11\/VersaHook_Brass_1_ENG.jpg\",\"width\":2500,\"height\":2500},{\"@type\":\"BreadcrumbList\",\"@id\":\"https:\/\/cobraanchors.com\/fr\/produit\/versahook\/#breadcrumb\",\"itemListElement\":[{\"@type\":\"ListItem\",\"position\":1,\"name\":\"Home\",\"item\":\"https:\/\/cobraanchors.com\/fr\/\"},{\"@type\":\"ListItem\",\"position\":2,\"name\":\"Boutique\",\"item\":\"https:\/\/cobraanchors.com\/fr\/boutique\/\"},{\"@type\":\"ListItem\",\"position\":3,\"name\":\"VersaHook\"}]},{\"@type\":\"WebSite\",\"@id\":\"https:\/\/cobraanchors.com\/fr\/#website\",\"url\":\"https:\/\/cobraanchors.com\/fr\/\",\"name\":\"Cobra Anchors\",\"description\":\"\",\"potentialAction\":[{\"@type\":\"SearchAction\",\"target\":{\"@type\":\"EntryPoint\",\"urlTemplate\":\"https:\/\/cobraanchors.com\/fr\/?s={search_term_string}\"},\"query-input\":{\"@type\":\"PropertyValueSpecification\",\"valueRequired\":true,\"valueName\":\"search_term_string\"}}],\"inLanguage\":\"fr-FR\"}]}<\/script>\n<!-- \/ Yoast SEO plugin. -->","yoast_head_json":{"title":"Cobra Anchors \u2013 D\u00e9couvrez notre VersaHook robuste","description":"D\u00e9couvrez le VersaHook Cobra \u2014 crochet robuste pour murs, plafonds ou bois, garantissant une installation s\u00e9curis\u00e9e pour charges moyennes \u00e0 lourdes.","robots":{"index":"index","follow":"follow","max-snippet":"max-snippet:-1","max-image-preview":"max-image-preview:large","max-video-preview":"max-video-preview:-1"},"canonical":"https:\/\/cobraanchors.com\/fr\/produit\/versahook\/","og_locale":"fr_FR","og_type":"article","og_title":"Cobra Anchors \u2013 D\u00e9couvrez notre VersaHook robuste","og_description":"D\u00e9couvrez le VersaHook Cobra \u2014 crochet robuste pour murs, plafonds ou bois, garantissant une installation s\u00e9curis\u00e9e pour charges moyennes \u00e0 lourdes.","og_url":"https:\/\/cobraanchors.com\/fr\/produit\/versahook\/","og_site_name":"Cobra Anchors","article_modified_time":"2025-12-04T20:48:40+00:00","og_image":[{"width":2500,"height":2500,"url":"https:\/\/cobraanchors.com\/wp-content\/uploads\/2025\/11\/VersaHook_Brass_1_ENG.jpg","type":"image\/jpeg"}],"twitter_card":"summary_large_image","twitter_misc":{"Dur\u00e9e de lecture estim\u00e9e":"1 minute"},"schema":{"@context":"https:\/\/schema.org","@graph":[{"@type":"WebPage","@id":"https:\/\/cobraanchors.com\/fr\/produit\/versahook\/","url":"https:\/\/cobraanchors.com\/fr\/produit\/versahook\/","name":"Cobra Anchors \u2013 D\u00e9couvrez notre VersaHook robuste","isPartOf":{"@id":"https:\/\/cobraanchors.com\/fr\/#website"},"primaryImageOfPage":{"@id":"https:\/\/cobraanchors.com\/fr\/produit\/versahook\/#primaryimage"},"image":{"@id":"https:\/\/cobraanchors.com\/fr\/produit\/versahook\/#primaryimage"},"thumbnailUrl":"https:\/\/cobraanchors.com\/wp-content\/uploads\/2025\/11\/VersaHook_Brass_1_ENG.jpg","datePublished":"2025-11-25T22:47:29+00:00","dateModified":"2025-12-04T20:48:40+00:00","description":"D\u00e9couvrez le VersaHook Cobra \u2014 crochet robuste pour murs, plafonds ou bois, garantissant une installation s\u00e9curis\u00e9e pour charges moyennes \u00e0 lourdes.","breadcrumb":{"@id":"https:\/\/cobraanchors.com\/fr\/produit\/versahook\/#breadcrumb"},"inLanguage":"fr-FR","potentialAction":[{"@type":"ReadAction","target":["https:\/\/cobraanchors.com\/fr\/produit\/versahook\/"]}]},{"@type":"ImageObject","inLanguage":"fr-FR","@id":"https:\/\/cobraanchors.com\/fr\/produit\/versahook\/#primaryimage","url":"https:\/\/cobraanchors.com\/wp-content\/uploads\/2025\/11\/VersaHook_Brass_1_ENG.jpg","contentUrl":"https:\/\/cobraanchors.com\/wp-content\/uploads\/2025\/11\/VersaHook_Brass_1_ENG.jpg","width":2500,"height":2500},{"@type":"BreadcrumbList","@id":"https:\/\/cobraanchors.com\/fr\/produit\/versahook\/#breadcrumb","itemListElement":[{"@type":"ListItem","position":1,"name":"Home","item":"https:\/\/cobraanchors.com\/fr\/"},{"@type":"ListItem","position":2,"name":"Boutique","item":"https:\/\/cobraanchors.com\/fr\/boutique\/"},{"@type":"ListItem","position":3,"name":"VersaHook"}]},{"@type":"WebSite","@id":"https:\/\/cobraanchors.com\/fr\/#website","url":"https:\/\/cobraanchors.com\/fr\/","name":"Cobra Anchors","description":"","potentialAction":[{"@type":"SearchAction","target":{"@type":"EntryPoint","urlTemplate":"https:\/\/cobraanchors.com\/fr\/?s={search_term_string}"},"query-input":{"@type":"PropertyValueSpecification","valueRequired":true,"valueName":"search_term_string"}}],"inLanguage":"fr-FR"}]}},"_links":{"self":[{"href":"https:\/\/cobraanchors.com\/fr\/wp-json\/wp\/v2\/product\/5082","targetHints":{"allow":["GET"]}}],"collection":[{"href":"https:\/\/cobraanchors.com\/fr\/wp-json\/wp\/v2\/product"}],"about":[{"href":"https:\/\/cobraanchors.com\/fr\/wp-json\/wp\/v2\/types\/product"}],"wp:featuredmedia":[{"embeddable":true,"href":"https:\/\/cobraanchors.com\/fr\/wp-json\/wp\/v2\/media\/6087"}],"wp:attachment":[{"href":"https:\/\/cobraanchors.com\/fr\/wp-json\/wp\/v2\/media?parent=5082"}],"wp:term":[{"taxonomy":"diameter","embeddable":true,"href":"https:\/\/cobraanchors.com\/fr\/wp-json\/wp\/v2\/diameter?post=5082"},{"taxonomy":"installation-tool","embeddable":true,"href":"https:\/\/cobraanchors.com\/fr\/wp-json\/wp\/v2\/installation-tool?post=5082"},{"taxonomy":"length","embeddable":true,"href":"https:\/\/cobraanchors.com\/fr\/wp-json\/wp\/v2\/length?post=5082"},{"taxonomy":"mounting-surface","embeddable":true,"href":"https:\/\/cobraanchors.com\/fr\/wp-json\/wp\/v2\/mounting-surface?post=5082"},{"taxonomy":"quantity","embeddable":true,"href":"https:\/\/cobraanchors.com\/fr\/wp-json\/wp\/v2\/quantity?post=5082"},{"taxonomy":"use","embeddable":true,"href":"https:\/\/cobraanchors.com\/fr\/wp-json\/wp\/v2\/use?post=5082"},{"taxonomy":"product_brand","embeddable":true,"href":"https:\/\/cobraanchors.com\/fr\/wp-json\/wp\/v2\/product_brand?post=5082"},{"taxonomy":"product_cat","embeddable":true,"href":"https:\/\/cobraanchors.com\/fr\/wp-json\/wp\/v2\/product_cat?post=5082"},{"taxonomy":"product_tag","embeddable":true,"href":"https:\/\/cobraanchors.com\/fr\/wp-json\/wp\/v2\/product_tag?post=5082"}],"curies":[{"name":"wp","href":"https:\/\/api.w.org\/{rel}","templated":true}]}}