{"id":5083,"date":"2025-11-25T17:47:29","date_gmt":"2025-11-25T22:47:29","guid":{"rendered":"https:\/\/cobra.naracreative.com\/product\/wallbiter-2\/"},"modified":"2025-12-04T15:49:18","modified_gmt":"2025-12-04T20:49:18","slug":"wallbiter","status":"publish","type":"product","link":"https:\/\/cobraanchors.com\/fr\/produit\/wallbiter\/","title":{"rendered":"Wallbiter"},"content":{"rendered":"<p>Le WallBiter\u00ae est l\u2019un des meilleurs concepts de crochets \u00e0 tableaux sur le march\u00e9. Deux dents sp\u00e9cialement con\u00e7ues s\u2019agrippent fermement dans le gypse pour une adh\u00e9sion solide et plus s\u00e9curitaire. Ce qui fait qu\u2019il est plus fort que les crochets \u00e0 tableaux conventionnels. De plus, il est facile \u00e0 installer et peut \u00eatre enlev\u00e9 et r\u00e9utilis\u00e9 au besoin. Il est offert en quatre finis : blanc, laiton, bronze et nickel et en trois grandeurs : petit, moyen et grand.<\/p>\n","protected":false},"excerpt":{"rendered":"<p>Le WallBiter\u00ae est l\u2019un des meilleurs concepts de crochets \u00e0 tableaux sur le march\u00e9. Deux dents sp\u00e9cialement con\u00e7ues s\u2019agrippent fermement dans le gypse pour une adh\u00e9sion solide et plus s\u00e9curitaire. Ce qui fait qu\u2019il est plus fort que les crochets \u00e0 tableaux conventionnels. De plus, il est facile \u00e0 installer et peut \u00eatre enlev\u00e9 et&hellip; <a class=\"more-link\" href=\"https:\/\/cobraanchors.com\/fr\/produit\/wallbiter\/\">Continue reading <span class=\"screen-reader-text\">Wallbiter<\/span><\/a><\/p>\n","protected":false},"featured_media":6084,"template":"","meta":{"_acf_changed":false},"diameter":[],"installation-tool":[97],"length":[],"mounting-surface":[96,87,88,89],"quantity":[],"use":[],"product_brand":[],"product_cat":[48],"product_tag":[],"class_list":{"0":"post-5083","1":"product","2":"type-product","3":"status-publish","4":"has-post-thumbnail","6":"installation-tool-masse","7":"mounting-surface-bois","8":"mounting-surface-plaque-de-platre-1-2","9":"mounting-surface-plaque-de-platre-3-8","10":"mounting-surface-plaque-de-platre-5-8","11":"product_cat-crochets-a-tableaux","12":"entry","14":"first","15":"instock","16":"product-type-simple"},"acf":[],"yoast_head":"<!-- This site is optimized with the Yoast SEO plugin v26.5 - https:\/\/yoast.com\/wordpress\/plugins\/seo\/ -->\n<title>Cobra Anchors \u2013 D\u00e9couvrez le WallBiter robuste<\/title>\n<meta name=\"description\" content=\"D\u00e9couvrez le WallBiter Cobra \u2014 ancrage innovant pour ma\u00e7onnerie, bois ou murs creux, garantissant installation fiable pour charges moyennes \u00e0 lourdes.\" \/>\n<meta name=\"robots\" content=\"index, follow, max-snippet:-1, max-image-preview:large, max-video-preview:-1\" \/>\n<link rel=\"canonical\" href=\"https:\/\/cobraanchors.com\/fr\/produit\/wallbiter\/\" \/>\n<meta property=\"og:locale\" content=\"fr_FR\" \/>\n<meta property=\"og:type\" content=\"article\" \/>\n<meta property=\"og:title\" content=\"Cobra Anchors \u2013 D\u00e9couvrez le WallBiter robuste\" \/>\n<meta property=\"og:description\" content=\"D\u00e9couvrez le WallBiter Cobra \u2014 ancrage innovant pour ma\u00e7onnerie, bois ou murs creux, garantissant installation fiable pour charges moyennes \u00e0 lourdes.\" \/>\n<meta property=\"og:url\" content=\"https:\/\/cobraanchors.com\/fr\/produit\/wallbiter\/\" \/>\n<meta property=\"og:site_name\" content=\"Cobra Anchors\" \/>\n<meta property=\"article:modified_time\" content=\"2025-12-04T20:49:18+00:00\" \/>\n<meta property=\"og:image\" content=\"https:\/\/cobraanchors.com\/wp-content\/uploads\/2025\/11\/WallBiter_Brass_1_ENG.jpg\" \/>\n\t<meta property=\"og:image:width\" content=\"2500\" \/>\n\t<meta property=\"og:image:height\" content=\"2500\" \/>\n\t<meta property=\"og:image:type\" content=\"image\/jpeg\" \/>\n<meta name=\"twitter:card\" content=\"summary_large_image\" \/>\n<meta name=\"twitter:label1\" content=\"Dur\u00e9e de lecture estim\u00e9e\" \/>\n\t<meta name=\"twitter:data1\" content=\"1 minute\" \/>\n<script type=\"application\/ld+json\" class=\"yoast-schema-graph\">{\"@context\":\"https:\/\/schema.org\",\"@graph\":[{\"@type\":\"WebPage\",\"@id\":\"https:\/\/cobraanchors.com\/fr\/produit\/wallbiter\/\",\"url\":\"https:\/\/cobraanchors.com\/fr\/produit\/wallbiter\/\",\"name\":\"Cobra Anchors \u2013 D\u00e9couvrez le WallBiter robuste\",\"isPartOf\":{\"@id\":\"https:\/\/cobraanchors.com\/fr\/#website\"},\"primaryImageOfPage\":{\"@id\":\"https:\/\/cobraanchors.com\/fr\/produit\/wallbiter\/#primaryimage\"},\"image\":{\"@id\":\"https:\/\/cobraanchors.com\/fr\/produit\/wallbiter\/#primaryimage\"},\"thumbnailUrl\":\"https:\/\/cobraanchors.com\/wp-content\/uploads\/2025\/11\/WallBiter_Brass_1_ENG.jpg\",\"datePublished\":\"2025-11-25T22:47:29+00:00\",\"dateModified\":\"2025-12-04T20:49:18+00:00\",\"description\":\"D\u00e9couvrez le WallBiter Cobra \u2014 ancrage innovant pour ma\u00e7onnerie, bois ou murs creux, garantissant installation fiable pour charges moyennes \u00e0 lourdes.\",\"breadcrumb\":{\"@id\":\"https:\/\/cobraanchors.com\/fr\/produit\/wallbiter\/#breadcrumb\"},\"inLanguage\":\"fr-FR\",\"potentialAction\":[{\"@type\":\"ReadAction\",\"target\":[\"https:\/\/cobraanchors.com\/fr\/produit\/wallbiter\/\"]}]},{\"@type\":\"ImageObject\",\"inLanguage\":\"fr-FR\",\"@id\":\"https:\/\/cobraanchors.com\/fr\/produit\/wallbiter\/#primaryimage\",\"url\":\"https:\/\/cobraanchors.com\/wp-content\/uploads\/2025\/11\/WallBiter_Brass_1_ENG.jpg\",\"contentUrl\":\"https:\/\/cobraanchors.com\/wp-content\/uploads\/2025\/11\/WallBiter_Brass_1_ENG.jpg\",\"width\":2500,\"height\":2500},{\"@type\":\"BreadcrumbList\",\"@id\":\"https:\/\/cobraanchors.com\/fr\/produit\/wallbiter\/#breadcrumb\",\"itemListElement\":[{\"@type\":\"ListItem\",\"position\":1,\"name\":\"Home\",\"item\":\"https:\/\/cobraanchors.com\/fr\/\"},{\"@type\":\"ListItem\",\"position\":2,\"name\":\"Boutique\",\"item\":\"https:\/\/cobraanchors.com\/fr\/boutique\/\"},{\"@type\":\"ListItem\",\"position\":3,\"name\":\"Wallbiter\"}]},{\"@type\":\"WebSite\",\"@id\":\"https:\/\/cobraanchors.com\/fr\/#website\",\"url\":\"https:\/\/cobraanchors.com\/fr\/\",\"name\":\"Cobra Anchors\",\"description\":\"\",\"potentialAction\":[{\"@type\":\"SearchAction\",\"target\":{\"@type\":\"EntryPoint\",\"urlTemplate\":\"https:\/\/cobraanchors.com\/fr\/?s={search_term_string}\"},\"query-input\":{\"@type\":\"PropertyValueSpecification\",\"valueRequired\":true,\"valueName\":\"search_term_string\"}}],\"inLanguage\":\"fr-FR\"}]}<\/script>\n<!-- \/ Yoast SEO plugin. -->","yoast_head_json":{"title":"Cobra Anchors \u2013 D\u00e9couvrez le WallBiter robuste","description":"D\u00e9couvrez le WallBiter Cobra \u2014 ancrage innovant pour ma\u00e7onnerie, bois ou murs creux, garantissant installation fiable pour charges moyennes \u00e0 lourdes.","robots":{"index":"index","follow":"follow","max-snippet":"max-snippet:-1","max-image-preview":"max-image-preview:large","max-video-preview":"max-video-preview:-1"},"canonical":"https:\/\/cobraanchors.com\/fr\/produit\/wallbiter\/","og_locale":"fr_FR","og_type":"article","og_title":"Cobra Anchors \u2013 D\u00e9couvrez le WallBiter robuste","og_description":"D\u00e9couvrez le WallBiter Cobra \u2014 ancrage innovant pour ma\u00e7onnerie, bois ou murs creux, garantissant installation fiable pour charges moyennes \u00e0 lourdes.","og_url":"https:\/\/cobraanchors.com\/fr\/produit\/wallbiter\/","og_site_name":"Cobra Anchors","article_modified_time":"2025-12-04T20:49:18+00:00","og_image":[{"width":2500,"height":2500,"url":"https:\/\/cobraanchors.com\/wp-content\/uploads\/2025\/11\/WallBiter_Brass_1_ENG.jpg","type":"image\/jpeg"}],"twitter_card":"summary_large_image","twitter_misc":{"Dur\u00e9e de lecture estim\u00e9e":"1 minute"},"schema":{"@context":"https:\/\/schema.org","@graph":[{"@type":"WebPage","@id":"https:\/\/cobraanchors.com\/fr\/produit\/wallbiter\/","url":"https:\/\/cobraanchors.com\/fr\/produit\/wallbiter\/","name":"Cobra Anchors \u2013 D\u00e9couvrez le WallBiter robuste","isPartOf":{"@id":"https:\/\/cobraanchors.com\/fr\/#website"},"primaryImageOfPage":{"@id":"https:\/\/cobraanchors.com\/fr\/produit\/wallbiter\/#primaryimage"},"image":{"@id":"https:\/\/cobraanchors.com\/fr\/produit\/wallbiter\/#primaryimage"},"thumbnailUrl":"https:\/\/cobraanchors.com\/wp-content\/uploads\/2025\/11\/WallBiter_Brass_1_ENG.jpg","datePublished":"2025-11-25T22:47:29+00:00","dateModified":"2025-12-04T20:49:18+00:00","description":"D\u00e9couvrez le WallBiter Cobra \u2014 ancrage innovant pour ma\u00e7onnerie, bois ou murs creux, garantissant installation fiable pour charges moyennes \u00e0 lourdes.","breadcrumb":{"@id":"https:\/\/cobraanchors.com\/fr\/produit\/wallbiter\/#breadcrumb"},"inLanguage":"fr-FR","potentialAction":[{"@type":"ReadAction","target":["https:\/\/cobraanchors.com\/fr\/produit\/wallbiter\/"]}]},{"@type":"ImageObject","inLanguage":"fr-FR","@id":"https:\/\/cobraanchors.com\/fr\/produit\/wallbiter\/#primaryimage","url":"https:\/\/cobraanchors.com\/wp-content\/uploads\/2025\/11\/WallBiter_Brass_1_ENG.jpg","contentUrl":"https:\/\/cobraanchors.com\/wp-content\/uploads\/2025\/11\/WallBiter_Brass_1_ENG.jpg","width":2500,"height":2500},{"@type":"BreadcrumbList","@id":"https:\/\/cobraanchors.com\/fr\/produit\/wallbiter\/#breadcrumb","itemListElement":[{"@type":"ListItem","position":1,"name":"Home","item":"https:\/\/cobraanchors.com\/fr\/"},{"@type":"ListItem","position":2,"name":"Boutique","item":"https:\/\/cobraanchors.com\/fr\/boutique\/"},{"@type":"ListItem","position":3,"name":"Wallbiter"}]},{"@type":"WebSite","@id":"https:\/\/cobraanchors.com\/fr\/#website","url":"https:\/\/cobraanchors.com\/fr\/","name":"Cobra Anchors","description":"","potentialAction":[{"@type":"SearchAction","target":{"@type":"EntryPoint","urlTemplate":"https:\/\/cobraanchors.com\/fr\/?s={search_term_string}"},"query-input":{"@type":"PropertyValueSpecification","valueRequired":true,"valueName":"search_term_string"}}],"inLanguage":"fr-FR"}]}},"_links":{"self":[{"href":"https:\/\/cobraanchors.com\/fr\/wp-json\/wp\/v2\/product\/5083","targetHints":{"allow":["GET"]}}],"collection":[{"href":"https:\/\/cobraanchors.com\/fr\/wp-json\/wp\/v2\/product"}],"about":[{"href":"https:\/\/cobraanchors.com\/fr\/wp-json\/wp\/v2\/types\/product"}],"wp:featuredmedia":[{"embeddable":true,"href":"https:\/\/cobraanchors.com\/fr\/wp-json\/wp\/v2\/media\/6084"}],"wp:attachment":[{"href":"https:\/\/cobraanchors.com\/fr\/wp-json\/wp\/v2\/media?parent=5083"}],"wp:term":[{"taxonomy":"diameter","embeddable":true,"href":"https:\/\/cobraanchors.com\/fr\/wp-json\/wp\/v2\/diameter?post=5083"},{"taxonomy":"installation-tool","embeddable":true,"href":"https:\/\/cobraanchors.com\/fr\/wp-json\/wp\/v2\/installation-tool?post=5083"},{"taxonomy":"length","embeddable":true,"href":"https:\/\/cobraanchors.com\/fr\/wp-json\/wp\/v2\/length?post=5083"},{"taxonomy":"mounting-surface","embeddable":true,"href":"https:\/\/cobraanchors.com\/fr\/wp-json\/wp\/v2\/mounting-surface?post=5083"},{"taxonomy":"quantity","embeddable":true,"href":"https:\/\/cobraanchors.com\/fr\/wp-json\/wp\/v2\/quantity?post=5083"},{"taxonomy":"use","embeddable":true,"href":"https:\/\/cobraanchors.com\/fr\/wp-json\/wp\/v2\/use?post=5083"},{"taxonomy":"product_brand","embeddable":true,"href":"https:\/\/cobraanchors.com\/fr\/wp-json\/wp\/v2\/product_brand?post=5083"},{"taxonomy":"product_cat","embeddable":true,"href":"https:\/\/cobraanchors.com\/fr\/wp-json\/wp\/v2\/product_cat?post=5083"},{"taxonomy":"product_tag","embeddable":true,"href":"https:\/\/cobraanchors.com\/fr\/wp-json\/wp\/v2\/product_tag?post=5083"}],"curies":[{"name":"wp","href":"https:\/\/api.w.org\/{rel}","templated":true}]}}