{"id":5084,"date":"2025-11-25T17:47:29","date_gmt":"2025-11-25T22:47:29","guid":{"rendered":"https:\/\/cobra.naracreative.com\/product\/walldriller-nylon-2\/"},"modified":"2025-12-04T15:50:06","modified_gmt":"2025-12-04T20:50:06","slug":"walldriller-nylon","status":"publish","type":"product","link":"https:\/\/cobraanchors.com\/fr\/produit\/walldriller-nylon\/","title":{"rendered":"WallDriller Nylon"},"content":{"rendered":"<p>Le WallDriller\u00ae est con\u00e7u pour offrir la puissance maximale de retenue dans les panneaux de gypse\u2009: une fine pointe centr\u00e9e qui guide l\u2019ancrage dans le mur avec une parfaite pr\u00e9cision. Une bordure ac\u00e9r\u00e9e coupe profond\u00e9ment dans le trou sans endommager le gypse pour assurer une capacit\u00e9 maximale de retenue et de stabilit\u00e9. Le filetage tranchant r\u00e9duit la force requise pour couper le mat\u00e9riau ce qui en fait un ancrage autoforeur. Disponibles en #6 et #8L.<\/p>\n","protected":false},"excerpt":{"rendered":"<p>Le WallDriller\u00ae est con\u00e7u pour offrir la puissance maximale de retenue dans les panneaux de gypse\u2009: une fine pointe centr\u00e9e qui guide l\u2019ancrage dans le mur avec une parfaite pr\u00e9cision. Une bordure ac\u00e9r\u00e9e coupe profond\u00e9ment dans le trou sans endommager le gypse pour assurer une capacit\u00e9 maximale de retenue et de stabilit\u00e9. Le filetage tranchant&hellip; <a class=\"more-link\" href=\"https:\/\/cobraanchors.com\/fr\/produit\/walldriller-nylon\/\">Continue reading <span class=\"screen-reader-text\">WallDriller Nylon<\/span><\/a><\/p>\n","protected":false},"featured_media":5945,"template":"","meta":{"_acf_changed":false},"diameter":[],"installation-tool":[100],"length":[],"mounting-surface":[87,88,89],"quantity":[],"use":[],"product_brand":[],"product_cat":[82],"product_tag":[],"class_list":{"0":"post-5084","1":"product","2":"type-product","3":"status-publish","4":"has-post-thumbnail","6":"installation-tool-tournevis","7":"mounting-surface-plaque-de-platre-1-2","8":"mounting-surface-plaque-de-platre-3-8","9":"mounting-surface-plaque-de-platre-5-8","10":"product_cat-mur-creux","11":"entry","13":"first","14":"instock","15":"product-type-simple"},"acf":[],"yoast_head":"<!-- This site is optimized with the Yoast SEO plugin v26.5 - https:\/\/yoast.com\/wordpress\/plugins\/seo\/ -->\n<title>Cobra Anchors \u2013 D\u00e9couvrez le WallDriller nylon<\/title>\n<meta name=\"description\" content=\"D\u00e9couvrez le WallDriller Nylon Cobra \u2014 ancrage robuste pour bois, ma\u00e7onnerie ou murs creux, pour une installation s\u00fbre et fiable.\" \/>\n<meta name=\"robots\" content=\"index, follow, max-snippet:-1, max-image-preview:large, max-video-preview:-1\" \/>\n<link rel=\"canonical\" href=\"https:\/\/cobraanchors.com\/fr\/produit\/walldriller-nylon\/\" \/>\n<meta property=\"og:locale\" content=\"fr_FR\" \/>\n<meta property=\"og:type\" content=\"article\" \/>\n<meta property=\"og:title\" content=\"Cobra Anchors \u2013 D\u00e9couvrez le WallDriller nylon\" \/>\n<meta property=\"og:description\" content=\"D\u00e9couvrez le WallDriller Nylon Cobra \u2014 ancrage robuste pour bois, ma\u00e7onnerie ou murs creux, pour une installation s\u00fbre et fiable.\" \/>\n<meta property=\"og:url\" content=\"https:\/\/cobraanchors.com\/fr\/produit\/walldriller-nylon\/\" \/>\n<meta property=\"og:site_name\" content=\"Cobra Anchors\" \/>\n<meta property=\"article:modified_time\" content=\"2025-12-04T20:50:06+00:00\" \/>\n<meta property=\"og:image\" content=\"https:\/\/cobraanchors.com\/wp-content\/uploads\/2025\/10\/WallDriller_Nylon_1_ENG.jpg\" \/>\n\t<meta property=\"og:image:width\" content=\"2500\" \/>\n\t<meta property=\"og:image:height\" content=\"2500\" \/>\n\t<meta property=\"og:image:type\" content=\"image\/jpeg\" \/>\n<meta name=\"twitter:card\" content=\"summary_large_image\" \/>\n<meta name=\"twitter:label1\" content=\"Dur\u00e9e de lecture estim\u00e9e\" \/>\n\t<meta name=\"twitter:data1\" content=\"1 minute\" \/>\n<script type=\"application\/ld+json\" class=\"yoast-schema-graph\">{\"@context\":\"https:\/\/schema.org\",\"@graph\":[{\"@type\":\"WebPage\",\"@id\":\"https:\/\/cobraanchors.com\/fr\/produit\/walldriller-nylon\/\",\"url\":\"https:\/\/cobraanchors.com\/fr\/produit\/walldriller-nylon\/\",\"name\":\"Cobra Anchors \u2013 D\u00e9couvrez le WallDriller nylon\",\"isPartOf\":{\"@id\":\"https:\/\/cobraanchors.com\/fr\/#website\"},\"primaryImageOfPage\":{\"@id\":\"https:\/\/cobraanchors.com\/fr\/produit\/walldriller-nylon\/#primaryimage\"},\"image\":{\"@id\":\"https:\/\/cobraanchors.com\/fr\/produit\/walldriller-nylon\/#primaryimage\"},\"thumbnailUrl\":\"https:\/\/cobraanchors.com\/wp-content\/uploads\/2025\/10\/WallDriller_Nylon_1_ENG.jpg\",\"datePublished\":\"2025-11-25T22:47:29+00:00\",\"dateModified\":\"2025-12-04T20:50:06+00:00\",\"description\":\"D\u00e9couvrez le WallDriller Nylon Cobra \u2014 ancrage robuste pour bois, ma\u00e7onnerie ou murs creux, pour une installation s\u00fbre et fiable.\",\"breadcrumb\":{\"@id\":\"https:\/\/cobraanchors.com\/fr\/produit\/walldriller-nylon\/#breadcrumb\"},\"inLanguage\":\"fr-FR\",\"potentialAction\":[{\"@type\":\"ReadAction\",\"target\":[\"https:\/\/cobraanchors.com\/fr\/produit\/walldriller-nylon\/\"]}]},{\"@type\":\"ImageObject\",\"inLanguage\":\"fr-FR\",\"@id\":\"https:\/\/cobraanchors.com\/fr\/produit\/walldriller-nylon\/#primaryimage\",\"url\":\"https:\/\/cobraanchors.com\/wp-content\/uploads\/2025\/10\/WallDriller_Nylon_1_ENG.jpg\",\"contentUrl\":\"https:\/\/cobraanchors.com\/wp-content\/uploads\/2025\/10\/WallDriller_Nylon_1_ENG.jpg\",\"width\":2500,\"height\":2500},{\"@type\":\"BreadcrumbList\",\"@id\":\"https:\/\/cobraanchors.com\/fr\/produit\/walldriller-nylon\/#breadcrumb\",\"itemListElement\":[{\"@type\":\"ListItem\",\"position\":1,\"name\":\"Home\",\"item\":\"https:\/\/cobraanchors.com\/fr\/\"},{\"@type\":\"ListItem\",\"position\":2,\"name\":\"Boutique\",\"item\":\"https:\/\/cobraanchors.com\/fr\/boutique\/\"},{\"@type\":\"ListItem\",\"position\":3,\"name\":\"WallDriller Nylon\"}]},{\"@type\":\"WebSite\",\"@id\":\"https:\/\/cobraanchors.com\/fr\/#website\",\"url\":\"https:\/\/cobraanchors.com\/fr\/\",\"name\":\"Cobra Anchors\",\"description\":\"\",\"potentialAction\":[{\"@type\":\"SearchAction\",\"target\":{\"@type\":\"EntryPoint\",\"urlTemplate\":\"https:\/\/cobraanchors.com\/fr\/?s={search_term_string}\"},\"query-input\":{\"@type\":\"PropertyValueSpecification\",\"valueRequired\":true,\"valueName\":\"search_term_string\"}}],\"inLanguage\":\"fr-FR\"}]}<\/script>\n<!-- \/ Yoast SEO plugin. -->","yoast_head_json":{"title":"Cobra Anchors \u2013 D\u00e9couvrez le WallDriller nylon","description":"D\u00e9couvrez le WallDriller Nylon Cobra \u2014 ancrage robuste pour bois, ma\u00e7onnerie ou murs creux, pour une installation s\u00fbre et fiable.","robots":{"index":"index","follow":"follow","max-snippet":"max-snippet:-1","max-image-preview":"max-image-preview:large","max-video-preview":"max-video-preview:-1"},"canonical":"https:\/\/cobraanchors.com\/fr\/produit\/walldriller-nylon\/","og_locale":"fr_FR","og_type":"article","og_title":"Cobra Anchors \u2013 D\u00e9couvrez le WallDriller nylon","og_description":"D\u00e9couvrez le WallDriller Nylon Cobra \u2014 ancrage robuste pour bois, ma\u00e7onnerie ou murs creux, pour une installation s\u00fbre et fiable.","og_url":"https:\/\/cobraanchors.com\/fr\/produit\/walldriller-nylon\/","og_site_name":"Cobra Anchors","article_modified_time":"2025-12-04T20:50:06+00:00","og_image":[{"width":2500,"height":2500,"url":"https:\/\/cobraanchors.com\/wp-content\/uploads\/2025\/10\/WallDriller_Nylon_1_ENG.jpg","type":"image\/jpeg"}],"twitter_card":"summary_large_image","twitter_misc":{"Dur\u00e9e de lecture estim\u00e9e":"1 minute"},"schema":{"@context":"https:\/\/schema.org","@graph":[{"@type":"WebPage","@id":"https:\/\/cobraanchors.com\/fr\/produit\/walldriller-nylon\/","url":"https:\/\/cobraanchors.com\/fr\/produit\/walldriller-nylon\/","name":"Cobra Anchors \u2013 D\u00e9couvrez le WallDriller nylon","isPartOf":{"@id":"https:\/\/cobraanchors.com\/fr\/#website"},"primaryImageOfPage":{"@id":"https:\/\/cobraanchors.com\/fr\/produit\/walldriller-nylon\/#primaryimage"},"image":{"@id":"https:\/\/cobraanchors.com\/fr\/produit\/walldriller-nylon\/#primaryimage"},"thumbnailUrl":"https:\/\/cobraanchors.com\/wp-content\/uploads\/2025\/10\/WallDriller_Nylon_1_ENG.jpg","datePublished":"2025-11-25T22:47:29+00:00","dateModified":"2025-12-04T20:50:06+00:00","description":"D\u00e9couvrez le WallDriller Nylon Cobra \u2014 ancrage robuste pour bois, ma\u00e7onnerie ou murs creux, pour une installation s\u00fbre et fiable.","breadcrumb":{"@id":"https:\/\/cobraanchors.com\/fr\/produit\/walldriller-nylon\/#breadcrumb"},"inLanguage":"fr-FR","potentialAction":[{"@type":"ReadAction","target":["https:\/\/cobraanchors.com\/fr\/produit\/walldriller-nylon\/"]}]},{"@type":"ImageObject","inLanguage":"fr-FR","@id":"https:\/\/cobraanchors.com\/fr\/produit\/walldriller-nylon\/#primaryimage","url":"https:\/\/cobraanchors.com\/wp-content\/uploads\/2025\/10\/WallDriller_Nylon_1_ENG.jpg","contentUrl":"https:\/\/cobraanchors.com\/wp-content\/uploads\/2025\/10\/WallDriller_Nylon_1_ENG.jpg","width":2500,"height":2500},{"@type":"BreadcrumbList","@id":"https:\/\/cobraanchors.com\/fr\/produit\/walldriller-nylon\/#breadcrumb","itemListElement":[{"@type":"ListItem","position":1,"name":"Home","item":"https:\/\/cobraanchors.com\/fr\/"},{"@type":"ListItem","position":2,"name":"Boutique","item":"https:\/\/cobraanchors.com\/fr\/boutique\/"},{"@type":"ListItem","position":3,"name":"WallDriller Nylon"}]},{"@type":"WebSite","@id":"https:\/\/cobraanchors.com\/fr\/#website","url":"https:\/\/cobraanchors.com\/fr\/","name":"Cobra Anchors","description":"","potentialAction":[{"@type":"SearchAction","target":{"@type":"EntryPoint","urlTemplate":"https:\/\/cobraanchors.com\/fr\/?s={search_term_string}"},"query-input":{"@type":"PropertyValueSpecification","valueRequired":true,"valueName":"search_term_string"}}],"inLanguage":"fr-FR"}]}},"_links":{"self":[{"href":"https:\/\/cobraanchors.com\/fr\/wp-json\/wp\/v2\/product\/5084","targetHints":{"allow":["GET"]}}],"collection":[{"href":"https:\/\/cobraanchors.com\/fr\/wp-json\/wp\/v2\/product"}],"about":[{"href":"https:\/\/cobraanchors.com\/fr\/wp-json\/wp\/v2\/types\/product"}],"wp:featuredmedia":[{"embeddable":true,"href":"https:\/\/cobraanchors.com\/fr\/wp-json\/wp\/v2\/media\/5945"}],"wp:attachment":[{"href":"https:\/\/cobraanchors.com\/fr\/wp-json\/wp\/v2\/media?parent=5084"}],"wp:term":[{"taxonomy":"diameter","embeddable":true,"href":"https:\/\/cobraanchors.com\/fr\/wp-json\/wp\/v2\/diameter?post=5084"},{"taxonomy":"installation-tool","embeddable":true,"href":"https:\/\/cobraanchors.com\/fr\/wp-json\/wp\/v2\/installation-tool?post=5084"},{"taxonomy":"length","embeddable":true,"href":"https:\/\/cobraanchors.com\/fr\/wp-json\/wp\/v2\/length?post=5084"},{"taxonomy":"mounting-surface","embeddable":true,"href":"https:\/\/cobraanchors.com\/fr\/wp-json\/wp\/v2\/mounting-surface?post=5084"},{"taxonomy":"quantity","embeddable":true,"href":"https:\/\/cobraanchors.com\/fr\/wp-json\/wp\/v2\/quantity?post=5084"},{"taxonomy":"use","embeddable":true,"href":"https:\/\/cobraanchors.com\/fr\/wp-json\/wp\/v2\/use?post=5084"},{"taxonomy":"product_brand","embeddable":true,"href":"https:\/\/cobraanchors.com\/fr\/wp-json\/wp\/v2\/product_brand?post=5084"},{"taxonomy":"product_cat","embeddable":true,"href":"https:\/\/cobraanchors.com\/fr\/wp-json\/wp\/v2\/product_cat?post=5084"},{"taxonomy":"product_tag","embeddable":true,"href":"https:\/\/cobraanchors.com\/fr\/wp-json\/wp\/v2\/product_tag?post=5084"}],"curies":[{"name":"wp","href":"https:\/\/api.w.org\/{rel}","templated":true}]}}